{"id":343,"date":"2020-01-07T06:59:49","date_gmt":"2020-01-07T03:59:49","guid":{"rendered":"http:\/\/site.sengemg.org.br\/?page_id=343"},"modified":"2020-01-13T18:08:42","modified_gmt":"2020-01-13T15:08:42","slug":"2013-2016","status":"publish","type":"page","link":"https:\/\/sengemg.clkaqui.com.br\/index.php\/2013-2016\/","title":{"rendered":"Gest\u00e3o 2013-2016"},"content":{"rendered":"\n\n\n<p class=\"has-medium-font-size\"><strong>GEST\u00c3O: 2013-2016<\/strong><\/p>\n\n\n\n<p><strong>DIRETORIA EXECUTIVA<\/strong><\/p>\n\n\n\n<p>\u2022&nbsp;<strong>Presidente:<\/strong>&nbsp;Raul Ot\u00e1vio da Silva Pereira<br>\u2022&nbsp;<strong>2\u00ba Vice-Presidente:<\/strong>&nbsp;Jos\u00e9 Fl\u00e1vio Gomes<br>\u2022&nbsp;<strong>Diretor 1\u00ba Tesoureiro:<\/strong>&nbsp;Abelardo Ribeiro de Novaes Filho<br>\u2022&nbsp;<strong>Diretor 2\u00ba Tesoureiro:<\/strong>&nbsp;Welhiton Adriano de Castro Silva<br>\u2022&nbsp;<strong>Secret\u00e1rio Geral:<\/strong>&nbsp;Elder Gomes dos Reis<br>\u2022&nbsp;<strong>Diretor 1\u00ba Secret\u00e1rio:<\/strong>&nbsp;Jo\u00e3o Jos\u00e9 Magalh\u00e3es Soares<\/p>\n\n\n\n<p class=\"has-text-color has-luminous-vivid-orange-color\"><strong>DIRETORIAS DEPARTAMENTAIS<\/strong><\/p>\n\n\n\n<p>\u2022&nbsp;<strong>Diretor de Aposentados:<\/strong>&nbsp;Paulo Roberto Mandello<br>\u2022&nbsp;<strong>Diretor de Ci\u00eancia e Tecnologia:<\/strong>&nbsp;Cynthia Franco Andrade<br>\u2022&nbsp;<strong>Diretor de Assuntos Comunit\u00e1rios:<\/strong>&nbsp;Josias Gomes Ribeiro Filho<br>\u2022&nbsp;<strong>Diretor de Imprensa:<\/strong>&nbsp;Mateus Faria Leal<br>\u2022&nbsp;<strong>Diretor Administrativo:<\/strong>&nbsp;Al\u00edrio Ferreira Mendes J\u00fanior<br>\u2022&nbsp;<strong>Diretor de Assuntos Jur\u00eddicos:<\/strong>&nbsp;Ricardo C\u00e9zar Duarte<br>\u2022&nbsp;<strong>Diretora da Sa\u00fade e Seguran\u00e7a do Trabalhador:<\/strong>&nbsp;Anildes Lopes Evangelista<br>\u2022&nbsp;<strong>Diretor de Rela\u00e7\u00f5es Intersindicais:<\/strong>&nbsp;Rubens Martins Moreira<br>\u2022&nbsp;<strong>Diretor de Negocia\u00e7\u00f5es:<\/strong>&nbsp;Ant\u00f4nio Azevedo<br>\u2022&nbsp;<strong>Diretor de Interioriza\u00e7\u00e3o:<\/strong>&nbsp;Ricardo dos Santos Soares<br>\u2022&nbsp;<strong>Diretor Socioecon\u00f4mico:<\/strong>&nbsp;Ant\u00f4nio Dias Vieira<br>\u2022&nbsp;<strong>Diretor de Promo\u00e7\u00f5es Culturais:<\/strong>&nbsp;Jos\u00e9 Marcius Carvalho Valle<\/p>\n\n\n\n<p class=\"has-text-color has-luminous-vivid-orange-color\"><strong>CONSELHO FISCAL<\/strong><\/p>\n\n\n\n<p>\u2022 Iocanan Pinheiro de Ara\u00fajo Moreira<br>\u2022 \u00c9derson Bustamante<br>\u2022 Virg\u00edlio Almeida Medeiros<br>\u2022 J\u00falio C\u00e9sar Lima<br>\u2022 Gilmar Pereira Narciso<\/p>\n\n\n\n<p class=\"has-text-color has-luminous-vivid-orange-color\"><strong>DIRETORIA REGIONAL ZONA DA MATA<\/strong><\/p>\n\n\n\n<p>\u2022&nbsp;<strong>Diretor Administrativo:<\/strong>&nbsp;Fernando Jos\u00e9<br>\u2022&nbsp;<strong>Diretora Secret\u00e1ria:<\/strong>&nbsp;V\u00e2nia Barbosa Vieira<br>\u2022&nbsp;<strong>Diretora Tesoureira:<\/strong>&nbsp;Ilza Concei\u00e7\u00e3o Maur\u00edcio<br>\u2022&nbsp;<strong>Diretores Regionais:<\/strong>&nbsp;Maria Ang\u00e9lica Arantes de Aguiar Abreu; Gilwayne Alves de Sousa Gomes; S\u00edlvio Rog\u00e9rio Fernandes; Luiz Ant\u00f4nio Fazza; Li\u00e9rcio Feital Motta Junior; Francisco de Paula Lima Netto; Marcos Felic\u00edssimo Beaklini Cavalcanti; Carlos Alberto de Oliveira Joppert; Eduardo Barbosa Monteiro de Castro; Jo\u00e3o Vieira de Queiroz Neto.<\/p>\n\n\n\n<p class=\"has-text-color has-luminous-vivid-orange-color\"><strong>DIRETORIA REGIONAL NORTE NORDESTE<\/strong><\/p>\n\n\n\n<p>\u2022&nbsp;<strong>Diretor Administrativo:<\/strong>&nbsp;Guilherme Augusto Guimar\u00e3es Oliveira<br>\u2022&nbsp;<strong>Diretor Secret\u00e1rio:<\/strong>&nbsp;Jess\u00e9 Joel de Lima<br>\u2022&nbsp;<strong>Diretor Tesoureiro:<\/strong>&nbsp;Melqu\u00edades Ferreira de Oliveira<br>\u2022&nbsp;<strong>Diretores Regionais:<\/strong>&nbsp;Holbert Caldeira; Renata Athayde Gomes; Pedro Bicalho Maia; Pl\u00ednio Santos de Oliveira.<\/p>\n\n\n\n<p class=\"has-text-color has-luminous-vivid-orange-color\"><strong>DIRETORIA REGIONAL SUL<\/strong><\/p>\n\n\n\n<p>\u2022&nbsp;<strong>Diretor Administrativo:<\/strong>&nbsp;Nelson Benedito Franco<br>\u2022&nbsp;<strong>Diretor Secret\u00e1rio:<\/strong>&nbsp;Fernando Barros Magalh\u00e3es<br>\u2022&nbsp;<strong>Diretora Tesoureira:<\/strong>&nbsp;Fabiane Lourdes de Castro<br>\u2022&nbsp;<strong>Diretor Regional:<\/strong>&nbsp;N\u00e9lson Gon\u00e7alves Filho<\/p>\n\n\n\n<p class=\"has-text-color has-luminous-vivid-orange-color\"><strong>DIRETORIA REGIONAL TRI\u00c2NGULO<\/strong><\/p>\n\n\n\n<p>\u2022&nbsp;<strong>Diretor Administrativo:<\/strong>&nbsp;Ismael Figueiredo Dias da Costa Cunha<br>\u2022&nbsp;<strong>Diretor Secret\u00e1rio:<\/strong>&nbsp;Pedrinho da Mata<br>\u2022&nbsp;<strong>Diretor Tesoureiro:<\/strong>&nbsp;Jean Marcus Ribeiro<br>\u2022&nbsp;<strong>Diretores Regionais:<\/strong>&nbsp;Francielle Oliveira Silva; H\u00e9lver Martins Gomes<\/p>\n\n\n\n<p class=\"has-text-color has-luminous-vivid-orange-color\"><strong>DIRETORIA REGIONAL VALE DO A\u00c7O<\/strong><\/p>\n\n\n\n<p>\u2022&nbsp;<strong>Diretor Administrativo:<\/strong>&nbsp;Ant\u00f4nio Germano Macedo<br>\u2022&nbsp;<strong>Diretor Secret\u00e1rio:<\/strong>&nbsp;Sergino Ventura Dos Santos Oliveira<br>\u2022&nbsp;<strong>Diretor Tesoureiro:<\/strong>&nbsp;Bruno Balarini Gon\u00e7alves<\/p>\n\n\n\n<p class=\"has-text-color has-luminous-vivid-orange-color\"><strong>DIRETORIA REGIONAL CAMPO DAS VERTENTES<\/strong><\/p>\n\n\n\n<p>\u2022&nbsp;<strong>Diretor Administrativo:<\/strong>&nbsp;Domingos Palmeira Neto<br>\u2022&nbsp;<strong>Diretor Secret\u00e1rio:<\/strong>&nbsp;Wilson Ant\u00f4nio Siqueira<br>\u2022&nbsp;<strong>Diretor Tesoureiro:<\/strong>&nbsp;Arnaldo Coutinho Brito<\/p>\n\n\n\n<p class=\"has-text-color has-luminous-vivid-orange-color\"><strong>DIRETORIA REGIONAL CENTRO<\/strong><\/p>\n\n\n\n<p>\u2022&nbsp;<strong>Diretor Administrativo:<\/strong>&nbsp;Alfredo Marques Diniz<br>\u2022&nbsp;<strong>Diretor Secret\u00e1rio:<\/strong>&nbsp;Wellington Vin\u00edcius Gomes da Costa<br>\u2022&nbsp;<strong>Diretor Tesoureiro:<\/strong>&nbsp;Rodrigo Tavares Guabiroba<br>\u2022&nbsp;<strong>Diretores Regionais:<\/strong>&nbsp;Aline Almeida Guerra; Gilmar C\u00f4rtes S\u00e1lvio Santana; Marcelo Fernandes da Costa; Marcos Moura do Ros\u00e1rio; Epaminondas Bittencourt Neto; Marcelo de Camargos Pereira; Andrea Thereza P\u00e1dua Faria; S\u00e1vio Nunes Bonif\u00e1cio; Waldyr Paulino Ribeiro Lima; Wanderley Acosta Rodrigues; Laurete Martins Alc\u00e2ntara Sato; Jos\u00e9 Tarc\u00edsio Caixeta; Carlos Moreira Mendes; Jairo Ferreira Fraga Barrioni; Jucelino Dias Moreira; Paulo Henrique Francisco Santos.\n\n<\/p>\n","protected":false},"excerpt":{"rendered":"<p>GEST\u00c3O: 2013-2016 DIRETORIA EXECUTIVA \u2022&nbsp;Presidente:&nbsp;Raul Ot\u00e1vio da Silva Pereira\u2022&nbsp;2\u00ba Vice-Presidente:&nbsp;Jos\u00e9 Fl\u00e1vio Gomes\u2022&nbsp;Diretor 1\u00ba Tesoureiro:&nbsp;Abelardo Ribeiro de Novaes Filho\u2022&nbsp;Diretor 2\u00ba Tesoureiro:&nbsp;Welhiton Adriano de Castro Silva\u2022&nbsp;Secret\u00e1rio Geral:&nbsp;Elder Gomes dos Reis\u2022&nbsp;Diretor 1\u00ba Secret\u00e1rio:&nbsp;Jo\u00e3o Jos\u00e9 Magalh\u00e3es Soares DIRETORIAS DEPARTAMENTAIS \u2022&nbsp;Diretor de Aposentados:&nbsp;Paulo Roberto Mandello\u2022&nbsp;Diretor de Ci\u00eancia e Tecnologia:&nbsp;Cynthia Franco Andrade\u2022&nbsp;Diretor de Assuntos Comunit\u00e1rios:&nbsp;Josias Gomes Ribeiro Filho\u2022&nbsp;Diretor de Imprensa:&nbsp;Mateus Faria [&#8230;]\n","protected":false},"author":2,"featured_media":0,"parent":0,"menu_order":0,"comment_status":"closed","ping_status":"closed","template":"page-blank-title-center.php","meta":{"footnotes":""},"class_list":["post-343","page","type-page","status-publish","hentry"],"acf":[],"_links":{"self":[{"href":"https:\/\/sengemg.clkaqui.com.br\/index.php\/wp-json\/wp\/v2\/pages\/343","targetHints":{"allow":["GET"]}}],"collection":[{"href":"https:\/\/sengemg.clkaqui.com.br\/index.php\/wp-json\/wp\/v2\/pages"}],"about":[{"href":"https:\/\/sengemg.clkaqui.com.br\/index.php\/wp-json\/wp\/v2\/types\/page"}],"author":[{"embeddable":true,"href":"https:\/\/sengemg.clkaqui.com.br\/index.php\/wp-json\/wp\/v2\/users\/2"}],"replies":[{"embeddable":true,"href":"https:\/\/sengemg.clkaqui.com.br\/index.php\/wp-json\/wp\/v2\/comments?post=343"}],"version-history":[{"count":2,"href":"https:\/\/sengemg.clkaqui.com.br\/index.php\/wp-json\/wp\/v2\/pages\/343\/revisions"}],"predecessor-version":[{"id":348,"href":"https:\/\/sengemg.clkaqui.com.br\/index.php\/wp-json\/wp\/v2\/pages\/343\/revisions\/348"}],"wp:attachment":[{"href":"https:\/\/sengemg.clkaqui.com.br\/index.php\/wp-json\/wp\/v2\/media?parent=343"}],"curies":[{"name":"wp","href":"https:\/\/api.w.org\/{rel}","templated":true}]}}