{"id":349,"date":"2020-01-07T16:38:38","date_gmt":"2020-01-07T13:38:38","guid":{"rendered":"http:\/\/site.sengemg.org.br\/?page_id=349"},"modified":"2020-01-07T16:50:05","modified_gmt":"2020-01-07T13:50:05","slug":"gestao-2010-2013","status":"publish","type":"page","link":"https:\/\/sengemg.clkaqui.com.br\/index.php\/gestao-2010-2013\/","title":{"rendered":"GEST\u00c3O: 2010-2013"},"content":{"rendered":"\n\n\n<p class=\"has-medium-font-size\"><strong>GEST\u00c3O: 2010-2013<\/strong><\/p>\n\n\n\n<p class=\"has-text-color has-luminous-vivid-orange-color\"><strong>DIRETORIA EXECUTIVA<\/strong><\/p>\n\n\n\n<p>\u2022&nbsp;<strong>Presidente:<\/strong>&nbsp;Raul Ot\u00e1vio da Silva Pereira<br>\u2022&nbsp;<strong>1\u00ba Vice-Presidente:<\/strong>&nbsp;Krisdany Vin\u00edcius Santos de Magalh\u00e3es<br>\u2022&nbsp;<strong>2\u00ba Vice-presidente:<\/strong>&nbsp;Nilo S\u00e9rgio Gomes<br>\u2022&nbsp;<strong>1\u00ba Tesoureiro:<\/strong>&nbsp;Ant\u00f4nio Iatesta<br>\u2022&nbsp;<strong>2\u00aa Tesoureira:<\/strong>&nbsp;Glauci Any Gon\u00e7alves Macedo<br>\u2022&nbsp;<strong>Secret\u00e1rio Geral:<\/strong>&nbsp;Rubens Martins Moreira<br>\u2022&nbsp;<strong>1\u00aa Secret\u00e1ria:<\/strong>&nbsp;F\u00e1tima Regina R\u00ealo Costa<\/p>\n\n\n\n<p class=\"has-text-color has-luminous-vivid-orange-color\"><strong>DIRETORIAS DEPARTAMENTAIS<\/strong><\/p>\n\n\n\n<p>\u2022&nbsp;<strong>Diretor de Aposentados:<\/strong>&nbsp;Wanderley Acosta Rodrigues<br>\u2022&nbsp;<strong>Diretor de Ci\u00eancia e Tecnologia:<\/strong>&nbsp;Anderson Silva de Aguilar<br>\u2022&nbsp;<strong>Diretor de Assuntos Comunit\u00e1rios:<\/strong>&nbsp;Anderson Luiz de Figueiredo<br>\u2022&nbsp;<strong>Diretor de Imprensa:<\/strong>&nbsp;T\u00e9rcio de Sales Morais<br>\u2022&nbsp;<strong>Diretor Administrativo:<\/strong>&nbsp;Cl\u00e1udio Neto Fonseca<br>\u2022&nbsp;<strong>Diretora de Assuntos Jur\u00eddicos:<\/strong>&nbsp;Gabriele Rodrigues Cabral<br>\u2022&nbsp;<strong>Diretor Sa\u00fade e Seguran\u00e7a do Trabalhador:<\/strong>&nbsp;Gilmar Cort\u00eas S\u00e1lvio Santana<br>\u2022&nbsp;<strong>Diretor de Rela\u00e7\u00f5es Intersindicais:<\/strong>&nbsp;Jos\u00e9 Fl\u00e1vio Gomes<br>\u2022&nbsp;<strong>Diretor Negocia\u00e7\u00f5es Coletivas:<\/strong>&nbsp;J\u00falio C\u00e9sar de Lima<br>\u2022&nbsp;<strong>Diretor de Interioriza\u00e7\u00e3o:<\/strong>&nbsp;Pedrinho da Mata<br>\u2022&nbsp;<strong>Diretor S\u00f3cio-econ\u00f4mico:<\/strong>&nbsp;S\u00e9rgio Teixeira Soares<br>\u2022&nbsp;<strong>Diretor de Promo\u00e7\u00f5es Culturais:<\/strong>&nbsp;Antonio Jos\u00e9 Betel Ribeiro Gomes<\/p>\n\n\n\n<p class=\"has-text-color has-luminous-vivid-orange-color\"><strong>CONSELHO FISCAL<\/strong><\/p>\n\n\n\n<p>\u2022 Augusto Cesar Santiago e Silva Pirassinunga<br>\u2022 Get\u00falio Soares de Almeida<br>\u2022 Jos\u00e9 Tarc\u00edsio Caixeta<br>\u2022 L\u00facio Fernando Borges<br>\u2022 Ruy Lopes Teixeira Filho<\/p>\n\n\n\n<p class=\"has-text-color has-luminous-vivid-orange-color\"><strong>DIRETORIA REGIONAL ZONA DA MATA<\/strong><\/p>\n\n\n\n<p>\u2022&nbsp;<strong>Diretor Administrativo:<\/strong>&nbsp;Jo\u00e3o Vieira de Queiroz Neto<br>\u2022&nbsp;<strong>Diretores Regionais:<\/strong>&nbsp;Silvio Rogerio Fernandes, Carlos Alberto de Oliveira Joppert, Eduardo Barbosa Monteiro de Castro, Francisco de Paula Lima Netto, Maria Ang\u00e9lica Arantes de Aguiar Abreu, Paulo C\u00e9sar de Lima.<\/p>\n\n\n\n<p class=\"has-text-color has-luminous-vivid-orange-color\"><strong>DIRETORIA REGIONAL NORTE NORDESTE<\/strong><\/p>\n\n\n\n<p>\u2022&nbsp;<strong>Diretor Administrativo:<\/strong>&nbsp;Ant\u00f4nio Carlos Souza<br>\u2022&nbsp;<strong>Diretores Regionais:<\/strong>&nbsp;Anildes Lopes Evangelista, Guilherme Augusto Guimar\u00e3es Oliveira, Jess\u00e9 Joel de Lima, Jo\u00e3o Gilberto de Souza Ribeiro, R\u00f4mulo Buldrini Filog\u00f4nio.<\/p>\n\n\n\n<p class=\"has-text-color has-luminous-vivid-orange-color\"><strong>DIRETORIA REGIONAL SUL<\/strong><\/p>\n\n\n\n<p>\u2022&nbsp;<strong>Diretor Administrativo:<\/strong>&nbsp;Fernando de Barros Magalh\u00e3es<br>\u2022&nbsp;<strong>Diretores Regionais:<\/strong>&nbsp;Ant\u00f4nio Azevedo, Arnaldo Rezende de Assis, Carlos Jos\u00e9 Rosa, Gladyston Rodrigues Carvalho, Nelson Gon\u00e7alves Filho, Nelson Benedito Franco, Ney Lopes Proc\u00f3pio, Robson Monte Raso Braga.<\/p>\n\n\n\n<p class=\"has-text-color has-luminous-vivid-orange-color\"><strong>DIRETORIA REGIONAL TRI\u00c2NGULO<\/strong><\/p>\n\n\n\n<p>\u2022&nbsp;<strong>Diretor Administrativo:<\/strong>&nbsp;\u00c9lcio Barreto Borges<br>\u2022&nbsp;<strong>Diretores Regionais:<\/strong>&nbsp;Ismael Figueiredo Dias da Costa Cunha, Ant\u00f4nio Borges Resende, Jean Marcus Ribeiro, Jo\u00e3o Carlos Moreira Gomes, Marco T\u00falio Marques Machado, Norberto Carlos Nunes de Paula, Luciano Lopes Veludo, Cl\u00f3vis Scherner, Wilton Freitas Mendes.<\/p>\n\n\n\n<p class=\"has-text-color has-luminous-vivid-orange-color\"><strong>DIRETORIA REGIONAL VALE DO A\u00c7O<\/strong><\/p>\n\n\n\n<p>\u2022&nbsp;<strong>Diretor Administrativo:<\/strong>&nbsp;Jose Couto Filho<br>\u2022&nbsp;<strong>Diretores Regionais:<\/strong>&nbsp;Alberto Carlos da Silva Junior, Daniel Linhares Carlesso, Ildon Jos\u00e9 Pinto, Cl\u00e1udio Luiz Maciel Junqueira.<\/p>\n\n\n\n<p class=\"has-text-color has-luminous-vivid-orange-color\"><strong>DIRETORIA REGIONAL CAMPO DAS VERTENTES<\/strong><\/p>\n\n\n\n<p>\u2022&nbsp;<strong>Diretor Administrativo:<\/strong>&nbsp;Wilson Ant\u00f4nio Siqueira<br>\u2022&nbsp;<strong>Diretores Regionais:<\/strong>&nbsp;N\u00e9lson Henrique Nunes de Sousa, Domingos Palmeira Neto.<\/p>\n\n\n\n<p class=\"has-text-color has-luminous-vivid-orange-color\"><strong>DIRETORIA REGIONAL CENTRO<\/strong><\/p>\n\n\n\n<p>\u2022&nbsp;<strong>Diretor Administrativo:<\/strong>&nbsp;Dorivaldo Damacena<br>\u2022&nbsp;<strong>Diretores Regionais:<\/strong>&nbsp;Carlos Henrique Amaral Rossi, Cl\u00e1udio L\u00facio Fonseca, Francisco de Paula Mariano, \u00c9lder Gomes dos Reis, \u00c9derson Bustamante, Evaldo de Souza Lima, Iocanan Pinheiro de Ara\u00fajo Moreira, Jairo Ferreira Fraga Barrioni, Jos\u00e9 Maur\u00edcio Andrade Ferreira, J\u00fania M\u00e1rcia Bueno Neves, Ant\u00f4nio Lombardo, Ant\u00f4nio Cury, Luiz Ant\u00f4nio Lobo de Abreu, Marcelo dos Reis Lopes, Marcelo de Camargos Pereira, Marcelo Fernandes da Costa, Maria Jos\u00e9 Maciel Ribeiro, M\u00e1rio Evaristo Borges, Maur\u00edcio Fernandes da Costa, Orlando Jos\u00e9 Garcia Dangla, Paulo Roberto Magalh\u00e3es, Teodomiro Matos Bicalho, Vicente de Paulo Alves Lopes Trindade, Adevaldo Rodrigues de Souza, Alfredo Marques Diniz, Arnaldo Alves de Oliveira, Cl\u00f3vis Geraldo Barroso, Abelardo Ribeiro de Novaes Filho, Fernando AugustoVilla\u00e7a Gomes, Hamilton Silva, Luiz Carlos Sperandio Nogueira, Waldyr Paulino Ribeiro Lima\n\n<\/p>\n","protected":false},"excerpt":{"rendered":"<p>GEST\u00c3O: 2010-2013 DIRETORIA EXECUTIVA \u2022&nbsp;Presidente:&nbsp;Raul Ot\u00e1vio da Silva Pereira\u2022&nbsp;1\u00ba Vice-Presidente:&nbsp;Krisdany Vin\u00edcius Santos de Magalh\u00e3es\u2022&nbsp;2\u00ba Vice-presidente:&nbsp;Nilo S\u00e9rgio Gomes\u2022&nbsp;1\u00ba Tesoureiro:&nbsp;Ant\u00f4nio Iatesta\u2022&nbsp;2\u00aa Tesoureira:&nbsp;Glauci Any Gon\u00e7alves Macedo\u2022&nbsp;Secret\u00e1rio Geral:&nbsp;Rubens Martins Moreira\u2022&nbsp;1\u00aa Secret\u00e1ria:&nbsp;F\u00e1tima Regina R\u00ealo Costa DIRETORIAS DEPARTAMENTAIS \u2022&nbsp;Diretor de Aposentados:&nbsp;Wanderley Acosta Rodrigues\u2022&nbsp;Diretor de Ci\u00eancia e Tecnologia:&nbsp;Anderson Silva de Aguilar\u2022&nbsp;Diretor de Assuntos Comunit\u00e1rios:&nbsp;Anderson Luiz de Figueiredo\u2022&nbsp;Diretor de Imprensa:&nbsp;T\u00e9rcio de Sales Morais\u2022&nbsp;Diretor [&#8230;]\n","protected":false},"author":2,"featured_media":0,"parent":0,"menu_order":0,"comment_status":"closed","ping_status":"closed","template":"","meta":{"footnotes":""},"class_list":["post-349","page","type-page","status-publish","hentry"],"acf":[],"_links":{"self":[{"href":"https:\/\/sengemg.clkaqui.com.br\/index.php\/wp-json\/wp\/v2\/pages\/349","targetHints":{"allow":["GET"]}}],"collection":[{"href":"https:\/\/sengemg.clkaqui.com.br\/index.php\/wp-json\/wp\/v2\/pages"}],"about":[{"href":"https:\/\/sengemg.clkaqui.com.br\/index.php\/wp-json\/wp\/v2\/types\/page"}],"author":[{"embeddable":true,"href":"https:\/\/sengemg.clkaqui.com.br\/index.php\/wp-json\/wp\/v2\/users\/2"}],"replies":[{"embeddable":true,"href":"https:\/\/sengemg.clkaqui.com.br\/index.php\/wp-json\/wp\/v2\/comments?post=349"}],"version-history":[{"count":2,"href":"https:\/\/sengemg.clkaqui.com.br\/index.php\/wp-json\/wp\/v2\/pages\/349\/revisions"}],"predecessor-version":[{"id":353,"href":"https:\/\/sengemg.clkaqui.com.br\/index.php\/wp-json\/wp\/v2\/pages\/349\/revisions\/353"}],"wp:attachment":[{"href":"https:\/\/sengemg.clkaqui.com.br\/index.php\/wp-json\/wp\/v2\/media?parent=349"}],"curies":[{"name":"wp","href":"https:\/\/api.w.org\/{rel}","templated":true}]}}