{"id":3514,"date":"2021-04-26T21:49:09","date_gmt":"2021-04-26T18:49:09","guid":{"rendered":"https:\/\/sengemg.clkaqui.com.br\/?page_id=3514"},"modified":"2021-04-26T21:59:09","modified_gmt":"2021-04-26T18:59:09","slug":"gestao-2016-2019","status":"publish","type":"page","link":"https:\/\/sengemg.clkaqui.com.br\/index.php\/gestao-2016-2019\/","title":{"rendered":"GEST\u00c3O: 2016-2019"},"content":{"rendered":"\n<h4 class=\"wp-block-heading\">GEST\u00c3O: 2016-2019<\/h4>\n\n\n\n<p class=\"has-text-color has-luminous-vivid-orange-color\"><strong>DIRETORIA EXECUTIVA<\/strong><\/p>\n\n\n\n<ul class=\"wp-block-list\"><li>\u00a0<strong>Presidente:<\/strong>\u00a0Raul Ot\u00e1vio da Silva Pereira<\/li><li>\u00a0<strong>1\u00ba Vice-Presidente:<\/strong>\u00a0Jobson Nogueira de Andrade<\/li><li>\u00a0<strong>1\u00ba Tesoureiro:<\/strong> Al\u00edrio Ferreira Mendes J\u00fanior<\/li><li>\u00a0<strong>1\u00aa Secret\u00e1rio:<\/strong>\u00a0Edilio Ramos Veloso                                                                    \u00a0<\/li><li><strong>2\u00aa Secret\u00e1rio:<\/strong>\u00a0Jean Marcus Ribeiro<\/li><\/ul>\n\n\n\n<p class=\"has-text-color has-luminous-vivid-orange-color\"><strong>DIRETORIAS DEPARTAMENTAIS<\/strong><\/p>\n\n\n\n<p><br>\u2022&nbsp;<strong>Diretor de Ci\u00eancia e Tecnologia:<\/strong>&nbsp;Marcelo Gon\u00e7alves Nunes de Oliveira Morais<br>\u2022&nbsp;<strong>Diretor de Assuntos Comunit\u00e1rios:<\/strong>&nbsp;Jos\u00e9 Tarcisio Caixeta<br>\u2022&nbsp;<strong>Diretor Administrativo:<\/strong>&nbsp;Francisco Lopes Dornela<br>\u2022&nbsp;<strong>Diretor de Assuntos Jur\u00eddicos:<\/strong>&nbsp;Marcus Vin\u00edcius Batista de Souza<br>\u2022&nbsp;<strong>Diretor Sa\u00fade e Seguran\u00e7a do Trabalhador:<\/strong>&nbsp;Welhiton Adriano de Castro Silva<br>\u2022&nbsp;<strong>Diretor de Rela\u00e7\u00f5es Intersindicais:<\/strong>&nbsp;Leonardo Aires de Souza<br>\u2022&nbsp;<strong>Diretor Negocia\u00e7\u00f5es Coletivas:<\/strong>&nbsp;Ricardo dos Santos Soares<br>\u2022&nbsp;<strong>Diretor de Interioriza\u00e7\u00e3o:<\/strong>&nbsp;Eduardo Ros\u00e1rio dos Santos<br>\u2022&nbsp;<strong>Diretor S\u00f3cio-econ\u00f4mico:<\/strong>&nbsp;Marcos Tulio de Melo<br>\u2022&nbsp;<strong>Diretor de Promo\u00e7\u00f5es Culturais:<\/strong>&nbsp;Jos\u00e9 Marcius de Carvalho Vale <\/p>\n\n\n\n<p class=\"has-text-color has-luminous-vivid-orange-color\"><strong>CONSELHO FISCAL<\/strong><\/p>\n\n\n\n<ul class=\"wp-block-list\"><li>L\u00facio Fernando Borges                                                                                  <\/li><li>Iocanan Pinheiro De Ara\u00fajo Moreira                                                              <\/li><li>Paulo Roberto Mandello        <\/li><li>Cheiviston Glaucos Menezes E Silva                                                        <\/li><li>Abelardo Ribeiro De Novaes Filho                                                                    <\/li><li>Elder Gomes Dos Reis<\/li><\/ul>\n\n\n\n<p class=\"has-text-color has-luminous-vivid-orange-color\"><strong>DIRETORIA REGIONAL ZONA DA MATA<\/strong><\/p>\n\n\n\n<ul class=\"wp-block-list\"><li><strong>Diretor Administrativo<\/strong>: Fernando Jos\u00e9<\/li><li><strong>Diretor Secret\u00e1rio: <\/strong>Eduardo Barbosa Monteiro De Castro<\/li><li><strong>Diretor Tesoureiro: <\/strong>Ilza Concei\u00e7\u00e3o Maur\u00edcio <\/li><li><strong>Diretores Regionais:<\/strong>  Carlos Alberto De Oliveira Joppert, Luiz Antonio Fazza, Dauro De Carvalho Rosas, Sarah Crivellaro Maciel Faleiros, Maria Ang\u00e9lica Arantes De Aguiar Abreu, Liercio Feital Motta J\u00fanior, Gilwayne Alves De Sousa Gomes.<\/li><\/ul>\n\n\n\n<p class=\"has-text-color has-luminous-vivid-orange-color\"><strong>DIRETORIA REGIONAL NORTE NORDESTE<\/strong><\/p>\n\n\n\n<ul class=\"wp-block-list\"><li><strong>Diretor Administrativo<\/strong>: Guilherme Augusto Guimaraes Oliveira <\/li><li><strong>Diretor Secret\u00e1rio: <\/strong>Jess\u00e9 Joel de Lima<\/li><li><strong>Diretor Tesoureiro: <\/strong>Melquiades Ferreira de Oliveira<\/li><li><strong>Diretores Regionais:<\/strong> Holbert Caldeira, Anildes Lopes Evangelista, Rayke Luiz Fonseca, Raissa Rodrigues dos Santos.<\/li><\/ul>\n\n\n\n<p class=\"has-text-color has-luminous-vivid-orange-color\"><strong>DIRETORIA REGIONAL SUL<\/strong><\/p>\n\n\n\n<ul class=\"wp-block-list\"><li><strong>Diretor Administrativo<\/strong>: Donizeti Le\u00e3o de Miranda<\/li><li><strong>Diretor Secret\u00e1rio:<\/strong> Edson de Souza Leite<\/li><li><strong>Diretor Tesoureiro:<\/strong> Fernando de Barros Magalhaes<\/li><li><strong>Diretores Regionais:<\/strong> Jo\u00e3o Luiz Magalhaes Teixeira, Layla Moura e Silva, Mateus Faria Leal, Fabiane Lourdes de Castro, Nelson Benedito Franco.<\/li><\/ul>\n\n\n\n<p class=\"has-text-color has-luminous-vivid-orange-color\"><strong>DIRETORIA REGIONAL TRI\u00c2NGULO<\/strong><\/p>\n\n\n\n<ul class=\"wp-block-list\"><li><strong>Diretor Administrativo<\/strong>: Renan Billa<\/li><li><strong>Diretor Secret\u00e1rio:<\/strong> Luiz Claudio Soares da Costa<\/li><li><strong>Diretor Tesoureiro:<\/strong> Francielle Oliveira Silva<\/li><\/ul>\n\n\n\n<p class=\"has-text-color has-luminous-vivid-orange-color\"><strong>DIRETORIA REGIONAL VALE DO A\u00c7O<\/strong><\/p>\n\n\n\n<ul class=\"wp-block-list\"><li><strong>Diretor Administrativo<\/strong>: Jos\u00e9 Raposo Barbosa<\/li><li><strong>Diretor Secret\u00e1rio:<\/strong> Tales Gon\u00e7alves Nascimento<\/li><li><strong>Diretor Tesoureiro: <\/strong>Marcelo Oliveira Vitor<\/li><li><strong>Diretor Regional:<\/strong> Ant\u00f4nio Azevedo<\/li><\/ul>\n\n\n\n<p class=\"has-text-color has-luminous-vivid-orange-color\"><strong>DIRETORIA REGIONAL CAMPO DAS VERTENTES<\/strong><\/p>\n\n\n\n<ul class=\"wp-block-list\"><li><strong>Diretor Administrativo:<\/strong>\u00a0Domingos Palmeira Neto                                        <\/li><li><strong>Diretor Secret\u00e1rio:<\/strong>\u00a0Marcio Martinho Damasceno<\/li><li><strong>Diretor Tesoureiro:<\/strong>\u00a0Arnaldo Coutinho Brito<\/li><\/ul>\n\n\n\n<p class=\"has-text-color has-luminous-vivid-orange-color\"><strong>DIRETORIA REGIONAL CENTRO<\/strong><\/p>\n\n\n\n<ul class=\"wp-block-list\"><li><strong>Diretor Secret\u00e1rio:\u00a0<\/strong>Eber Luiz Padr\u00e3o Fran\u00e7a                                                  <\/li><li><strong>\u00a0Diretora Tesoureira:<\/strong> Mirella Madeira Araujo<\/li><li>\u00a0<strong>Diretores Regionais:<\/strong>\u00a0Andrezza Carla Bueno da Silva, Andrea Thereza Padua Faria, Thiago Joselito Mendes Dias, Davina Marcia de Souza Braga, Jairo Ferreira Fraga Barrioni, Wellington Vinicius Gomes da Costa, Jos\u00e9 Luiz e Silva, Marcelo Fernandes da Costa, Igor Braga Martins, Vanessa Costa Talin, Alice Luisa Sebastiani de Sousa, Jos\u00e9 Fl\u00e1vio Gomes, Ricardo Cezar Duarte.<\/li><\/ul>\n","protected":false},"excerpt":{"rendered":"<p>GEST\u00c3O: 2016-2019 DIRETORIA EXECUTIVA \u00a0Presidente:\u00a0Raul Ot\u00e1vio da Silva Pereira \u00a01\u00ba Vice-Presidente:\u00a0Jobson Nogueira de Andrade \u00a01\u00ba Tesoureiro: Al\u00edrio Ferreira Mendes J\u00fanior \u00a01\u00aa Secret\u00e1rio:\u00a0Edilio Ramos Veloso \u00a0 2\u00aa Secret\u00e1rio:\u00a0Jean Marcus Ribeiro DIRETORIAS DEPARTAMENTAIS \u2022&nbsp;Diretor de Ci\u00eancia e Tecnologia:&nbsp;Marcelo Gon\u00e7alves Nunes de Oliveira Morais\u2022&nbsp;Diretor de Assuntos Comunit\u00e1rios:&nbsp;Jos\u00e9 Tarcisio Caixeta\u2022&nbsp;Diretor Administrativo:&nbsp;Francisco Lopes Dornela\u2022&nbsp;Diretor de Assuntos Jur\u00eddicos:&nbsp;Marcus Vin\u00edcius Batista de [&#8230;]\n","protected":false},"author":9,"featured_media":0,"parent":0,"menu_order":0,"comment_status":"closed","ping_status":"closed","template":"","meta":{"footnotes":""},"class_list":["post-3514","page","type-page","status-publish","hentry"],"acf":[],"_links":{"self":[{"href":"https:\/\/sengemg.clkaqui.com.br\/index.php\/wp-json\/wp\/v2\/pages\/3514","targetHints":{"allow":["GET"]}}],"collection":[{"href":"https:\/\/sengemg.clkaqui.com.br\/index.php\/wp-json\/wp\/v2\/pages"}],"about":[{"href":"https:\/\/sengemg.clkaqui.com.br\/index.php\/wp-json\/wp\/v2\/types\/page"}],"author":[{"embeddable":true,"href":"https:\/\/sengemg.clkaqui.com.br\/index.php\/wp-json\/wp\/v2\/users\/9"}],"replies":[{"embeddable":true,"href":"https:\/\/sengemg.clkaqui.com.br\/index.php\/wp-json\/wp\/v2\/comments?post=3514"}],"version-history":[{"count":3,"href":"https:\/\/sengemg.clkaqui.com.br\/index.php\/wp-json\/wp\/v2\/pages\/3514\/revisions"}],"predecessor-version":[{"id":3520,"href":"https:\/\/sengemg.clkaqui.com.br\/index.php\/wp-json\/wp\/v2\/pages\/3514\/revisions\/3520"}],"wp:attachment":[{"href":"https:\/\/sengemg.clkaqui.com.br\/index.php\/wp-json\/wp\/v2\/media?parent=3514"}],"curies":[{"name":"wp","href":"https:\/\/api.w.org\/{rel}","templated":true}]}}