{"id":354,"date":"2020-01-07T16:51:19","date_gmt":"2020-01-07T13:51:19","guid":{"rendered":"http:\/\/site.sengemg.org.br\/?page_id=354"},"modified":"2020-01-07T18:18:08","modified_gmt":"2020-01-07T15:18:08","slug":"gestao-2007-2010","status":"publish","type":"page","link":"https:\/\/sengemg.clkaqui.com.br\/index.php\/gestao-2007-2010\/","title":{"rendered":"Gest\u00e3o 2007-2010"},"content":{"rendered":"\n\n\n<figure class=\"wp-block-image size-large\"><img loading=\"lazy\" decoding=\"async\" width=\"367\" height=\"1024\" src=\"http:\/\/site.sengemg.org.br\/wp-content\/uploads\/2020\/01\/gestao_2007-2010-367x1024.jpg\" alt=\"\" class=\"wp-image-425\" srcset=\"https:\/\/sengemg.clkaqui.com.br\/wp-content\/uploads\/2020\/01\/gestao_2007-2010-367x1024.jpg 367w, https:\/\/sengemg.clkaqui.com.br\/wp-content\/uploads\/2020\/01\/gestao_2007-2010-107x300.jpg 107w, https:\/\/sengemg.clkaqui.com.br\/wp-content\/uploads\/2020\/01\/gestao_2007-2010-550x1536.jpg 550w, https:\/\/sengemg.clkaqui.com.br\/wp-content\/uploads\/2020\/01\/gestao_2007-2010.jpg 560w\" sizes=\"auto, (max-width: 367px) 100vw, 367px\" \/><\/figure>\n\n\n\n<div class=\"wp-block-group\"><div class=\"wp-block-group__inner-container is-layout-flow wp-block-group-is-layout-flow\">\n<p>Nilo S\u00e9rgio Gomes (Presidente)<\/p>\n\n\n\n<p>Vicente de\nPaulo Alves Lopes Trindade<\/p>\n\n\n\n<p>Rubens\nMartins Moreira<\/p>\n\n\n\n<p>Raul Ot\u00e1vio\nda Silva Pereira<\/p>\n\n\n\n<p>Eust\u00e1quio\nPires dos Santos Anivaldo Matias de Sousa<\/p>\n\n\n\n<p>S\u00e1vio Nunes\nBonif\u00e1cio<\/p>\n\n\n\n<p>Valmir dos\nSantos<\/p>\n\n\n\n<p>Nara Julio\nRibeiro<\/p>\n\n\n\n<p>Fernando\nAugusto Vila\u00e7a Gomes<\/p>\n\n\n\n<p>&nbsp;Jairo Ferreira Fraga Barrioni<\/p>\n\n\n\n<p>Arnaldo Alves de Oliveira <\/p>\n\n\n\n<p>Paulo C\u00e9sar Rodrigues<\/p>\n\n\n\n<p>Laurete\nMartins Alc\u00e2ntara Sato<\/p>\n\n\n\n<p>David Fi\u00faza\nFialho<\/p>\n\n\n\n<p>Abelardo\nRibeiro de Novaes Filho<\/p>\n\n\n\n<p>Paulo\nHenrique Francisco dos Santos<\/p>\n\n\n\n<p>Waldyr\nPaulino Ribeiro Lima<\/p>\n\n\n\n<p>Luiz\nAnt\u00f3nio Fazza<\/p>\n\n\n\n<p>V\u00e2nia\nBarbosa Vieira<\/p>\n\n\n\n<p>Luiz Carlos\nSperandio Nogueira<\/p>\n\n\n\n<p>Dorivaldo\nDamascena<\/p>\n\n\n\n<p>Marcelo de\nCamargos Pereira<\/p>\n\n\n\n<p>J\u00fania\nM\u00e1rcia Bueno Neves<\/p>\n\n\n\n<p>Alfredo\nMarques Dyniz<\/p>\n\n\n\n<p>Rosemary Antonia Lopes Faraco<\/p>\n\n\n\n<p>Daniel\nMeinberg Shimidt de Andrade<\/p>\n\n\n\n<p>Cl\u00f3vis\nScherner<\/p>\n\n\n\n<p>Cl\u00f3vis\nGeraldo Barroso <\/p>\n\n\n\n<p>Hamilton\nSilva<\/p>\n\n\n\n<p>Augusto C\u00e9sar Santiago e\nSilva Pirassinunga<\/p>\n\n\n\n<p>Anderson\nRodrigues<\/p>\n\n\n\n<p>Pedro\nCarlos Garcia Costa<\/p>\n\n\n\n<p>Ant\u00f3nio\nLombardo<\/p>\n\n\n\n<p>D\u00e9bora\nMaria Moreira de Faria<\/p>\n\n\n\n<p>Aliomar Veloso Assis<\/p>\n\n\n\n<p>R\u00f4mulo Buldrini Filog\u00f4nio<\/p>\n\n\n\n<p>Jess\u00e9 Joel\nde Lima<\/p>\n\n\n\n<p>Ant\u00f3nio\nCarlos Sousa<\/p>\n\n\n\n<p>Alo\u00edsio Pereira da Cunha<\/p>\n\n\n\n<p>Guilherme\nAugusto Guimar\u00e3es Oliveira Jo\u00e3o Vieira de Queiroz Neto<\/p>\n\n\n\n<p>Eduardo\nBarbosa Monteiro de Castro<\/p>\n\n\n\n<p>Carlos\nAlberto de Oliveira Joppert<\/p>\n\n\n\n<p>Francisco\nAnt\u00f4nio Nascimento<\/p>\n\n\n\n<p>Maria\nAng\u00e9lica Arantes de Aguiar Abreu<\/p>\n\n\n\n<p>Silvio\nRog\u00e9rio Fernandes<\/p>\n\n\n\n<p>Ismael\nFigueiredo Dias da Costa Cunha<\/p>\n\n\n\n<p>Ant\u00f3nio\nMarcos Belo<\/p>\n\n\n\n<p>Ildon Jos\u00e9\nPinto <\/p>\n\n\n\n<p>Ant\u00f3nio\nAzevedo<\/p>\n\n\n\n<p>Jos\u00e9 Couto\nFilho<\/p>\n\n\n\n<p>Ant\u00f4nio\nGermano Macedo<\/p>\n\n\n\n<p>Domingos Palmeira Neto<\/p>\n\n\n\n<p>Wilson\nAnt\u00f3nio Siqueira<\/p>\n\n\n\n<p>N\u00e9lson\nHenrique Nunes de Souza<\/p>\n\n\n\n<p>Ant\u00f3nio Latesta<\/p>\n\n\n\n<p>Fernando de\nBarros Magalh\u00e3es<\/p>\n\n\n\n<p>Paulo Roberto Mandello<\/p>\n\n\n\n<p>N\u00e9lson\nBenedito Franco <\/p>\n\n\n\n<p>N\u00e9lson\nGon\u00e7alves Filho<\/p>\n\n\n\n<p>Arnaldo\nRezende de Assis <\/p>\n\n\n\n<p>Jo\u00e3o\nBatista Lopes j\u00fanior<\/p>\n\n\n\n<p>Eberth Ant\u00f3nio Piantino<\/p>\n\n\n\n<p>J\u00falio C\u00e9sar\nLima<br><\/p>\n<\/div><\/div>\n","protected":false},"excerpt":{"rendered":"<p>Nilo S\u00e9rgio Gomes (Presidente) Vicente de Paulo Alves Lopes Trindade Rubens Martins Moreira Raul Ot\u00e1vio da Silva Pereira Eust\u00e1quio Pires dos Santos Anivaldo Matias de Sousa S\u00e1vio Nunes Bonif\u00e1cio Valmir dos Santos Nara Julio Ribeiro Fernando Augusto Vila\u00e7a Gomes &nbsp;Jairo Ferreira Fraga Barrioni Arnaldo Alves de Oliveira Paulo C\u00e9sar Rodrigues Laurete Martins Alc\u00e2ntara Sato David [&#8230;]\n","protected":false},"author":2,"featured_media":0,"parent":0,"menu_order":0,"comment_status":"closed","ping_status":"closed","template":"","meta":{"footnotes":""},"class_list":["post-354","page","type-page","status-publish","hentry"],"acf":[],"_links":{"self":[{"href":"https:\/\/sengemg.clkaqui.com.br\/index.php\/wp-json\/wp\/v2\/pages\/354","targetHints":{"allow":["GET"]}}],"collection":[{"href":"https:\/\/sengemg.clkaqui.com.br\/index.php\/wp-json\/wp\/v2\/pages"}],"about":[{"href":"https:\/\/sengemg.clkaqui.com.br\/index.php\/wp-json\/wp\/v2\/types\/page"}],"author":[{"embeddable":true,"href":"https:\/\/sengemg.clkaqui.com.br\/index.php\/wp-json\/wp\/v2\/users\/2"}],"replies":[{"embeddable":true,"href":"https:\/\/sengemg.clkaqui.com.br\/index.php\/wp-json\/wp\/v2\/comments?post=354"}],"version-history":[{"count":3,"href":"https:\/\/sengemg.clkaqui.com.br\/index.php\/wp-json\/wp\/v2\/pages\/354\/revisions"}],"predecessor-version":[{"id":426,"href":"https:\/\/sengemg.clkaqui.com.br\/index.php\/wp-json\/wp\/v2\/pages\/354\/revisions\/426"}],"wp:attachment":[{"href":"https:\/\/sengemg.clkaqui.com.br\/index.php\/wp-json\/wp\/v2\/media?parent=354"}],"curies":[{"name":"wp","href":"https:\/\/api.w.org\/{rel}","templated":true}]}}