{"id":3599,"date":"2021-05-13T22:22:28","date_gmt":"2021-05-13T19:22:28","guid":{"rendered":"https:\/\/sengemg.clkaqui.com.br\/?page_id=3599"},"modified":"2021-09-20T18:30:08","modified_gmt":"2021-09-20T15:30:08","slug":"libertas-e-forluz","status":"publish","type":"page","link":"https:\/\/sengemg.clkaqui.com.br\/index.php\/libertas-e-forluz\/","title":{"rendered":"Libertas e Forluz"},"content":{"rendered":"\n\n  \n    <div class=\"row large-columns-2 medium-columns-1 small-columns-1\">\n  <div class=\"col post-item\" >\n\t\t\t<div class=\"col-inner\">\n\t\t\t<a href=\"https:\/\/sengemg.clkaqui.com.br\/index.php\/2021\/05\/07\/senge-mg-na-luta-pelos-interesses-dos-participantes-dos-fundos-de-previdencia-complementares-libertas-e-forluz\/\" class=\"plain\">\n\t\t\t\t<div class=\"box box-push box-text-bottom box-blog-post has-hover\">\n            \t\t\t\t\t<div class=\"box-image\" >\n  \t\t\t\t\t\t<div class=\"image-cover\" style=\"padding-top:75%;\">\n  \t\t\t\t\t\t\t<img loading=\"lazy\" decoding=\"async\" width=\"300\" height=\"106\" src=\"https:\/\/sengemg.clkaqui.com.br\/wp-content\/uploads\/2021\/04\/chatBUTTON-01-e1620411338919-300x106.png\" class=\"attachment-medium size-medium wp-post-image\" alt=\"\" srcset=\"https:\/\/sengemg.clkaqui.com.br\/wp-content\/uploads\/2021\/04\/chatBUTTON-01-e1620411338919-300x106.png 300w, https:\/\/sengemg.clkaqui.com.br\/wp-content\/uploads\/2021\/04\/chatBUTTON-01-e1620411338919-1024x361.png 1024w, https:\/\/sengemg.clkaqui.com.br\/wp-content\/uploads\/2021\/04\/chatBUTTON-01-e1620411338919-768x271.png 768w, https:\/\/sengemg.clkaqui.com.br\/wp-content\/uploads\/2021\/04\/chatBUTTON-01-e1620411338919-1536x541.png 1536w, https:\/\/sengemg.clkaqui.com.br\/wp-content\/uploads\/2021\/04\/chatBUTTON-01-e1620411338919-2048x722.png 2048w\" sizes=\"auto, (max-width: 300px) 100vw, 300px\" \/>  \t\t\t\t\t\t\t  \t\t\t\t\t\t\t  \t\t\t\t\t\t<\/div>\n  \t\t\t\t\t\t  \t\t\t\t\t<\/div>\n          \t\t\t\t\t<div class=\"box-text text-center\" >\n\t\t\t\t\t<div class=\"box-text-inner blog-post-inner\">\n\n\t\t\t\t\t\n\t\t\t\t\t\t\t\t\t\t<h5 class=\"post-title is-large \">Senge-MG na luta pelos interesses dos participantes dos fundos de previd\u00eancia complementares Libertas e Forluz<\/h5>\n\t\t\t\t\t\t\t\t\t\t<div class=\"is-divider\"><\/div>\n\t\t\t\t\t\t\t\t\t\t<p class=\"from_the_blog_excerpt \">A Diretoria de Aposentados do Senge-MG, conduzida por Jos\u00e9 Francisco de&nbsp; Seniuk, est\u00e1 atenta aos [...]\t\t\t\t\t<\/p>\n\t\t\t\t\t                    \n\t\t\t\t\t\n\t\t\t\t\t\n\t\t\t\t\t<\/div>\n\t\t\t\t\t<\/div>\n\t\t\t\t\t\t\t\t\t\t\t\t\t\t\t\t<div class=\"badge absolute top post-date badge-circle-inside\">\n\t\t\t\t\t\t\t<div class=\"badge-inner\">\n\t\t\t\t\t\t\t\t<span class=\"post-date-day\">07<\/span><br>\n\t\t\t\t\t\t\t\t<span class=\"post-date-month is-xsmall\">maio<\/span>\n\t\t\t\t\t\t\t<\/div>\n\t\t\t\t\t\t<\/div>\n\t\t\t\t\t\t\t\t\t<\/div>\n\t\t\t\t<\/a>\n\t\t\t<\/div>\n\t\t<\/div><div class=\"col post-item\" >\n\t\t\t<div class=\"col-inner\">\n\t\t\t<a href=\"https:\/\/sengemg.clkaqui.com.br\/index.php\/2021\/02\/17\/nunca-foi-tao-vital-defender-seus-interesses-na-fundacao-libertas\/\" class=\"plain\">\n\t\t\t\t<div class=\"box box-push box-text-bottom box-blog-post has-hover\">\n            \t\t\t\t\t<div class=\"box-image\" >\n  \t\t\t\t\t\t<div class=\"image-cover\" style=\"padding-top:75%;\">\n  \t\t\t\t\t\t\t<img loading=\"lazy\" decoding=\"async\" width=\"300\" height=\"100\" src=\"https:\/\/sengemg.clkaqui.com.br\/wp-content\/uploads\/2021\/02\/E-MAIL-LIBERTAS-14.24.01-300x100.png\" class=\"attachment-medium size-medium wp-post-image\" alt=\"\" srcset=\"https:\/\/sengemg.clkaqui.com.br\/wp-content\/uploads\/2021\/02\/E-MAIL-LIBERTAS-14.24.01-300x100.png 300w, https:\/\/sengemg.clkaqui.com.br\/wp-content\/uploads\/2021\/02\/E-MAIL-LIBERTAS-14.24.01.png 600w\" sizes=\"auto, (max-width: 300px) 100vw, 300px\" \/>  \t\t\t\t\t\t\t  \t\t\t\t\t\t\t  \t\t\t\t\t\t<\/div>\n  \t\t\t\t\t\t  \t\t\t\t\t<\/div>\n          \t\t\t\t\t<div class=\"box-text text-center\" >\n\t\t\t\t\t<div class=\"box-text-inner blog-post-inner\">\n\n\t\t\t\t\t\n\t\t\t\t\t\t\t\t\t\t<h5 class=\"post-title is-large \">Nunca foi t\u00e3o vital defender seus interesses na Funda\u00e7\u00e3o Libertas<\/h5>\n\t\t\t\t\t\t\t\t\t\t<div class=\"is-divider\"><\/div>\n\t\t\t\t\t\t\t\t\t\t<p class=\"from_the_blog_excerpt \">A defesa dos fundos de pens\u00e3o fechados, alvos de ataques visando flexibiliza\u00e7\u00e3o de direitos e [...]\t\t\t\t\t<\/p>\n\t\t\t\t\t                    \n\t\t\t\t\t\n\t\t\t\t\t\n\t\t\t\t\t<\/div>\n\t\t\t\t\t<\/div>\n\t\t\t\t\t\t\t\t\t\t\t\t\t\t\t\t<div class=\"badge absolute top post-date badge-circle-inside\">\n\t\t\t\t\t\t\t<div class=\"badge-inner\">\n\t\t\t\t\t\t\t\t<span class=\"post-date-day\">17<\/span><br>\n\t\t\t\t\t\t\t\t<span class=\"post-date-month is-xsmall\">fev<\/span>\n\t\t\t\t\t\t\t<\/div>\n\t\t\t\t\t\t<\/div>\n\t\t\t\t\t\t\t\t\t<\/div>\n\t\t\t\t<\/a>\n\t\t\t<\/div>\n\t\t<\/div><div class=\"col post-item\" >\n\t\t\t<div class=\"col-inner\">\n\t\t\t<a href=\"https:\/\/sengemg.clkaqui.com.br\/index.php\/2021\/06\/08\/a-mobilizacao-e-a-informacao-vao-garantir-nossos-direitos\/\" class=\"plain\">\n\t\t\t\t<div class=\"box box-push box-text-bottom box-blog-post has-hover\">\n            \t\t\t\t\t<div class=\"box-image\" >\n  \t\t\t\t\t\t<div class=\"image-cover\" style=\"padding-top:75%;\">\n  \t\t\t\t\t\t\t<img loading=\"lazy\" decoding=\"async\" width=\"300\" height=\"111\" src=\"https:\/\/sengemg.clkaqui.com.br\/wp-content\/uploads\/2021\/06\/de-olho-na-libertas-300x111.png\" class=\"attachment-medium size-medium wp-post-image\" alt=\"\" srcset=\"https:\/\/sengemg.clkaqui.com.br\/wp-content\/uploads\/2021\/06\/de-olho-na-libertas-300x111.png 300w, https:\/\/sengemg.clkaqui.com.br\/wp-content\/uploads\/2021\/06\/de-olho-na-libertas-768x284.png 768w, https:\/\/sengemg.clkaqui.com.br\/wp-content\/uploads\/2021\/06\/de-olho-na-libertas.png 851w\" sizes=\"auto, (max-width: 300px) 100vw, 300px\" \/>  \t\t\t\t\t\t\t  \t\t\t\t\t\t\t  \t\t\t\t\t\t<\/div>\n  \t\t\t\t\t\t  \t\t\t\t\t<\/div>\n          \t\t\t\t\t<div class=\"box-text text-center\" >\n\t\t\t\t\t<div class=\"box-text-inner blog-post-inner\">\n\n\t\t\t\t\t\n\t\t\t\t\t\t\t\t\t\t<h5 class=\"post-title is-large \">A Mobiliza\u00e7\u00e3o e a Informa\u00e7\u00e3o V\u00e3o Garantir Nossos Direitos<\/h5>\n\t\t\t\t\t\t\t\t\t\t<div class=\"is-divider\"><\/div>\n\t\t\t\t\t\t\t\t\t\t<p class=\"from_the_blog_excerpt \">Ap\u00f3s a divulga\u00e7\u00e3o do \u00faltimo Boletim do Coletivo \u201cDe olho na Libertas\u201d a repercuss\u00e3o foi [...]\t\t\t\t\t<\/p>\n\t\t\t\t\t                    \n\t\t\t\t\t\n\t\t\t\t\t\n\t\t\t\t\t<\/div>\n\t\t\t\t\t<\/div>\n\t\t\t\t\t\t\t\t\t\t\t\t\t\t\t\t<div class=\"badge absolute top post-date badge-circle-inside\">\n\t\t\t\t\t\t\t<div class=\"badge-inner\">\n\t\t\t\t\t\t\t\t<span class=\"post-date-day\">08<\/span><br>\n\t\t\t\t\t\t\t\t<span class=\"post-date-month is-xsmall\">jun<\/span>\n\t\t\t\t\t\t\t<\/div>\n\t\t\t\t\t\t<\/div>\n\t\t\t\t\t\t\t\t\t<\/div>\n\t\t\t\t<\/a>\n\t\t\t<\/div>\n\t\t<\/div><div class=\"col post-item\" >\n\t\t\t<div class=\"col-inner\">\n\t\t\t<a href=\"https:\/\/sengemg.clkaqui.com.br\/index.php\/2021\/09\/20\/libertas-quer-impedir-coletivo-e-conselheiros-de-divulgarem-informacoes-aos-participantes\/\" class=\"plain\">\n\t\t\t\t<div class=\"box box-push box-text-bottom box-blog-post has-hover\">\n            \t\t\t\t\t<div class=\"box-image\" >\n  \t\t\t\t\t\t<div class=\"image-cover\" style=\"padding-top:75%;\">\n  \t\t\t\t\t\t\t<img loading=\"lazy\" decoding=\"async\" width=\"300\" height=\"188\" src=\"https:\/\/sengemg.clkaqui.com.br\/wp-content\/uploads\/2021\/09\/Lei-da-morda\u00e7a-Libertas-quer-impedir-divulga\u00e7\u00e3o-de-informa\u00e7\u00f5es-aos-participantes-site-300x188.jpg\" class=\"attachment-medium size-medium wp-post-image\" alt=\"\" srcset=\"https:\/\/sengemg.clkaqui.com.br\/wp-content\/uploads\/2021\/09\/Lei-da-morda\u00e7a-Libertas-quer-impedir-divulga\u00e7\u00e3o-de-informa\u00e7\u00f5es-aos-participantes-site-300x188.jpg 300w, https:\/\/sengemg.clkaqui.com.br\/wp-content\/uploads\/2021\/09\/Lei-da-morda\u00e7a-Libertas-quer-impedir-divulga\u00e7\u00e3o-de-informa\u00e7\u00f5es-aos-participantes-site.jpg 400w\" sizes=\"auto, (max-width: 300px) 100vw, 300px\" \/>  \t\t\t\t\t\t\t  \t\t\t\t\t\t\t  \t\t\t\t\t\t<\/div>\n  \t\t\t\t\t\t  \t\t\t\t\t<\/div>\n          \t\t\t\t\t<div class=\"box-text text-center\" >\n\t\t\t\t\t<div class=\"box-text-inner blog-post-inner\">\n\n\t\t\t\t\t\n\t\t\t\t\t\t\t\t\t\t<h5 class=\"post-title is-large \">Libertas quer impedir coletivo e conselheiros de divulgarem informa\u00e7\u00f5es aos participantes<\/h5>\n\t\t\t\t\t\t\t\t\t\t<div class=\"is-divider\"><\/div>\n\t\t\t\t\t\t\t\t\t\t<p class=\"from_the_blog_excerpt \">O Coletivo existe h\u00e1 mais de 10 anos e sempre cumpriu o papel de defender [...]\t\t\t\t\t<\/p>\n\t\t\t\t\t                    \n\t\t\t\t\t\n\t\t\t\t\t\n\t\t\t\t\t<\/div>\n\t\t\t\t\t<\/div>\n\t\t\t\t\t\t\t\t\t\t\t\t\t\t\t\t<div class=\"badge absolute top post-date badge-circle-inside\">\n\t\t\t\t\t\t\t<div class=\"badge-inner\">\n\t\t\t\t\t\t\t\t<span class=\"post-date-day\">20<\/span><br>\n\t\t\t\t\t\t\t\t<span class=\"post-date-month is-xsmall\">set<\/span>\n\t\t\t\t\t\t\t<\/div>\n\t\t\t\t\t\t<\/div>\n\t\t\t\t\t\t\t\t\t<\/div>\n\t\t\t\t<\/a>\n\t\t\t<\/div>\n\t\t<\/div><\/div>\n\n\n","protected":false},"excerpt":{"rendered":"","protected":false},"author":9,"featured_media":0,"parent":0,"menu_order":0,"comment_status":"closed","ping_status":"closed","template":"","meta":{"footnotes":""},"class_list":["post-3599","page","type-page","status-publish","hentry"],"acf":[],"_links":{"self":[{"href":"https:\/\/sengemg.clkaqui.com.br\/index.php\/wp-json\/wp\/v2\/pages\/3599","targetHints":{"allow":["GET"]}}],"collection":[{"href":"https:\/\/sengemg.clkaqui.com.br\/index.php\/wp-json\/wp\/v2\/pages"}],"about":[{"href":"https:\/\/sengemg.clkaqui.com.br\/index.php\/wp-json\/wp\/v2\/types\/page"}],"author":[{"embeddable":true,"href":"https:\/\/sengemg.clkaqui.com.br\/index.php\/wp-json\/wp\/v2\/users\/9"}],"replies":[{"embeddable":true,"href":"https:\/\/sengemg.clkaqui.com.br\/index.php\/wp-json\/wp\/v2\/comments?post=3599"}],"version-history":[{"count":5,"href":"https:\/\/sengemg.clkaqui.com.br\/index.php\/wp-json\/wp\/v2\/pages\/3599\/revisions"}],"predecessor-version":[{"id":3831,"href":"https:\/\/sengemg.clkaqui.com.br\/index.php\/wp-json\/wp\/v2\/pages\/3599\/revisions\/3831"}],"wp:attachment":[{"href":"https:\/\/sengemg.clkaqui.com.br\/index.php\/wp-json\/wp\/v2\/media?parent=3599"}],"curies":[{"name":"wp","href":"https:\/\/api.w.org\/{rel}","templated":true}]}}