{"id":460,"date":"2020-01-09T06:47:43","date_gmt":"2020-01-09T03:47:43","guid":{"rendered":"http:\/\/site.sengemg.org.br\/?page_id=460"},"modified":"2020-01-20T20:32:30","modified_gmt":"2020-01-20T17:32:30","slug":"o-que-e-a-unisenge","status":"publish","type":"page","link":"https:\/\/sengemg.clkaqui.com.br\/index.php\/o-que-e-a-unisenge\/","title":{"rendered":"O que \u00e9 a Unisenge"},"content":{"rendered":"\n\n\n<div class=\"wp-block-columns is-layout-flex wp-container-core-columns-is-layout-1 wp-block-columns-is-layout-flex\">\n<div class=\"wp-block-column is-layout-flow wp-block-column-is-layout-flow\" style=\"flex-basis:30%\">\n<div id='iksm-1100' class='iksm iksm-1100 iksm-container '  data-id='1100' data-is-pro='0' data-source='menu'><div class='iksm-terms'><div class='iksm-terms-tree iksm-terms-tree--level-1 iksm-terms-tree--parents' style=''><div class=\"iksm-terms-tree__inner\">\n        <div class=\"iksm-term iksm-term--id-1095 iksm-term--parent\" data-id=\"1095\">\n            <div class=\"iksm-term__inner\" tabindex='0'>\n                <a class=\"iksm-term__link\" href='https:\/\/sengemg.clkaqui.com.br\/index.php\/o-que-e-a-unisenge\/' target='_self' tabindex='-1'>\n\t\t\t\t\t        <span class=\"iksm-term__text\">O que \u00e9 a Unisenge<\/span>\n\t\t                <\/a>\n\t\t\t\t            <\/div>\n\t\t\t        <\/div>\n\n\t\t\n        <div class=\"iksm-term iksm-term--id-1094 iksm-term--parent\" data-id=\"1094\">\n            <div class=\"iksm-term__inner\" tabindex='0'>\n                <a class=\"iksm-term__link\" href='https:\/\/sengemg.clkaqui.com.br\/index.php\/quem-pode-utilizar\/' target='_self' tabindex='-1'>\n\t\t\t\t\t        <span class=\"iksm-term__text\">Quem pode utilizar<\/span>\n\t\t                <\/a>\n\t\t\t\t            <\/div>\n\t\t\t        <\/div>\n\n\t\t\n        <div class=\"iksm-term iksm-term--id-1096 iksm-term--parent\" data-id=\"1096\">\n            <div class=\"iksm-term__inner\" tabindex='0'>\n                <a class=\"iksm-term__link\" href='https:\/\/sengemg.clkaqui.com.br\/index.php\/convenios\/' target='_self' tabindex='-1'>\n\t\t\t\t\t        <span class=\"iksm-term__text\">Conv\u00eanios<\/span>\n\t\t                <\/a>\n\t\t\t\t            <\/div>\n\t\t\t        <\/div>\n\n\t\t\n        <div class=\"iksm-term iksm-term--id-1097 iksm-term--parent\" data-id=\"1097\">\n            <div class=\"iksm-term__inner\" tabindex='0'>\n                <a class=\"iksm-term__link\" href='https:\/\/sengemg.clkaqui.com.br\/index.php\/cursos\/' target='_self' tabindex='-1'>\n\t\t\t\t\t        <span class=\"iksm-term__text\">Cursos<\/span>\n\t\t                <\/a>\n\t\t\t\t            <\/div>\n\t\t\t        <\/div>\n\n\t\t\n        <div class=\"iksm-term iksm-term--id-1092 iksm-term--parent\" data-id=\"1092\">\n            <div class=\"iksm-term__inner\" tabindex='0'>\n                <a class=\"iksm-term__link\" href='https:\/\/sengemg.clkaqui.com.br\/index.php\/unisenge-contato\/' target='_self' tabindex='-1'>\n\t\t\t\t\t        <span class=\"iksm-term__text\">Unisenge Contato<\/span>\n\t\t                <\/a>\n\t\t\t\t            <\/div>\n\t\t\t        <\/div>\n\n\t\t<\/div><\/div><\/div><div id=\"iksm_data_args\" class=\"data-args\"  data-collapse_children_terms='1' data-collapse_other_terms='1' data-collapse_animation_duration='400' data-expand_animation_duration='400'><\/div><\/div><script id=\"styles-copier-6a00b6f7a7f9f\">\n\t\t\t\/\/ Finding styles element\n\t        var element = document.getElementById(\"iksm-dynamic-style\");\n\t        if (!element) { \/\/ If no element (Cache plugins can remove tag), then creating a new one\n                element = document.createElement('style');\n                var head = document.getElementsByTagName(\"head\")\n                if (head && head[0]) {\n                \thead[0].appendChild(element);\n                } else {\n                  \tconsole.warn(\"Iks Menu | Error while printing styles. Please contact technical support.\");\n                }\n\t        }\n\t\t\t\/\/ Copying styles to <styles> tag\n\t        element.innerHTML += \".iksm-1100 .iksm-terms{background-color:rgba(112,112,112,1);transition:all 400ms;animation:iks-fade-in 1000ms;}.iksm-1100 .iksm-term__inner{background-color:rgba(92,104,141,1);min-height:44px;transition:all 400ms;}.iksm-1100 .iksm-term__inner:hover{background-color:rgba(236,236,236,1);}.iksm-1100 .iksm-term--current > .iksm-term__inner{background-color:rgba(212,212,212,1);}.iksm-1100 .iksm-term__link{color:rgba(255,255,255,1);font-size:15px;line-height:15px;font-weight:400;text-decoration:none;padding-top:5px;padding-right:15px;padding-bottom:5px;padding-left:15px;transition:all 400ms;}.iksm-1100 .iksm-term__inner:hover .iksm-term__link{color:rgba(50,50,50,1);}.iksm-1100 .iksm-term__toggle__inner{transition:transform 400ms}.iksm-1100 .iksm-term--expanded > .iksm-term__inner > .iksm-term__toggle > .iksm-term__toggle__inner{transform:rotate(180deg);}.iksm-1100 .iksm-term__toggle{color:rgba(133,133,133,1);font-size:22px;align-self:stretch;height:unset;;width:40px;transition:all 400ms;}.iksm-1100 .iksm-term__toggle:hover{color:rgba(0,0,0,1);}.iksm-1100 .iksm-term__image-container{width:30px;min-width:30px;height:30px;min-height:30px;margin-right:15px;transition:all 400ms;}.iksm-1100 .iksm-term__image{background-size:contain;background-position:center;background-repeat:no-repeat;}.iksm-1100 .iksm-term__image-container:hover{background-size:contain;background-position:center;background-repeat:no-repeat;}.iksm-1100 .iksm-term__inner:hover .iksm-term__image-container{background-size:contain;background-position:center;background-repeat:no-repeat;}.iksm-1100 .iksm-term__inner:focus .iksm-term__image-container{background-size:contain;background-position:center;background-repeat:no-repeat;}.iksm-1100 .iksm-term--current > .iksm-term__inner .iksm-term__image-container{background-size:contain;background-position:center;background-repeat:no-repeat;}.iksm-1100 .iksm-term--child .iksm-term__inner .iksm-term__image-container{background-size:contain;background-position:center;background-repeat:no-repeat;}.iksm-1100 .iksm-term--child .iksm-term__inner .iksm-term__image-container:hover{background-size:contain;background-position:center;background-repeat:no-repeat;}.iksm-1100 .iksm-term--child .iksm-term__inner .iksm-term__image-container:focus{background-size:contain;background-position:center;background-repeat:no-repeat;}.iksm-1100 .iksm-term--child.iksm-term--current > .iksm-term__inner .iksm-term__image-container{background-size:contain;background-position:center;background-repeat:no-repeat;}.iksm-1100  .iksm-term__text{flex: unset}.iksm-1100 .iksm-term__posts-count{color:rgba(133,133,133,1);font-size:16px;margin-left:12px;font-weight:400;transition:all 400ms;}\";\n\t        \/\/ Removing this script\n            var this_script = document.getElementById(\"styles-copier-6a00b6f7a7f9f\");\n            if (this_script) { \/\/ Cache plugins can remove tag\n\t            this_script.outerHTML = \"\";\n\t            if (this_script.parentNode) {\n\t                this_script.parentNode.removeChild(this_script);\n\t            }\n            }\n        <\/script>\n<\/div>\n\n\n\n<div class=\"wp-block-column is-layout-flow wp-block-column-is-layout-flow\" style=\"flex-basis:70%\">\n<p>\n\nA Unisenge \u00e9 a Universidade Corporativa do Sindicato de Engenheiros no Estado de Minas Gerais (Senge-MG), criada com o intuito de auxiliar na atualiza\u00e7\u00e3o dos profissionais das \u00e1reas tecnol\u00f3gicas para mant\u00ea-los capacitados para atuar em suas respectivas profiss\u00f5es e impulsionar o desenvolvimento t\u00e9cnico e social.<\/p>\n<\/div>\n<\/div>\n\n\n\n<p>A Unisenge trabalha atrav\u00e9s de parcerias com universidades, faculdades e demais centros de forma\u00e7\u00e3o que oferecem descontos em cursos de gradua\u00e7\u00e3o, p\u00f3s-gradua\u00e7\u00e3o, MBA e mestrado para os associados do Senge-MG. Al\u00e9m disso, a Unisenge oferece cursos de qualifica\u00e7\u00e3o definidos atrav\u00e9s de pesquisas com os engenheiros e engenheiras de Minas Gerais. <\/p>\n\n\n\n<div class=\"wp-block-image\"><figure class=\"aligncenter size-large\"><img loading=\"lazy\" decoding=\"async\" width=\"500\" height=\"450\" src=\"http:\/\/site.sengemg.org.br\/wp-content\/uploads\/2020\/01\/23-11-2015_logo_unisenge.png\" alt=\"\" class=\"wp-image-436\" srcset=\"https:\/\/sengemg.clkaqui.com.br\/wp-content\/uploads\/2020\/01\/23-11-2015_logo_unisenge.png 500w, https:\/\/sengemg.clkaqui.com.br\/wp-content\/uploads\/2020\/01\/23-11-2015_logo_unisenge-300x270.png 300w\" sizes=\"auto, (max-width: 500px) 100vw, 500px\" \/><\/figure><\/div>\n","protected":false},"excerpt":{"rendered":"<p>A Unisenge \u00e9 a Universidade Corporativa do Sindicato de Engenheiros no Estado de Minas Gerais (Senge-MG), criada com o intuito de auxiliar na atualiza\u00e7\u00e3o dos profissionais das \u00e1reas tecnol\u00f3gicas para mant\u00ea-los capacitados para atuar em suas respectivas profiss\u00f5es e impulsionar o desenvolvimento t\u00e9cnico e social. A Unisenge trabalha atrav\u00e9s de parcerias com universidades, faculdades e [&#8230;]\n","protected":false},"author":2,"featured_media":0,"parent":0,"menu_order":0,"comment_status":"closed","ping_status":"closed","template":"","meta":{"footnotes":""},"class_list":["post-460","page","type-page","status-publish","hentry"],"acf":[],"_links":{"self":[{"href":"https:\/\/sengemg.clkaqui.com.br\/index.php\/wp-json\/wp\/v2\/pages\/460","targetHints":{"allow":["GET"]}}],"collection":[{"href":"https:\/\/sengemg.clkaqui.com.br\/index.php\/wp-json\/wp\/v2\/pages"}],"about":[{"href":"https:\/\/sengemg.clkaqui.com.br\/index.php\/wp-json\/wp\/v2\/types\/page"}],"author":[{"embeddable":true,"href":"https:\/\/sengemg.clkaqui.com.br\/index.php\/wp-json\/wp\/v2\/users\/2"}],"replies":[{"embeddable":true,"href":"https:\/\/sengemg.clkaqui.com.br\/index.php\/wp-json\/wp\/v2\/comments?post=460"}],"version-history":[{"count":3,"href":"https:\/\/sengemg.clkaqui.com.br\/index.php\/wp-json\/wp\/v2\/pages\/460\/revisions"}],"predecessor-version":[{"id":1101,"href":"https:\/\/sengemg.clkaqui.com.br\/index.php\/wp-json\/wp\/v2\/pages\/460\/revisions\/1101"}],"wp:attachment":[{"href":"https:\/\/sengemg.clkaqui.com.br\/index.php\/wp-json\/wp\/v2\/media?parent=460"}],"curies":[{"name":"wp","href":"https:\/\/api.w.org\/{rel}","templated":true}]}}