{"id":503,"date":"2020-01-11T09:09:38","date_gmt":"2020-01-11T06:09:38","guid":{"rendered":"http:\/\/site.sengemg.org.br\/?page_id=503"},"modified":"2023-09-27T11:29:12","modified_gmt":"2023-09-27T14:29:12","slug":"sede","status":"publish","type":"page","link":"https:\/\/sengemg.clkaqui.com.br\/index.php\/sede\/","title":{"rendered":"Sede"},"content":{"rendered":"\n<p><strong>SINDICATO DOS ENGENHEIROS DE MINAS GERAIS<\/strong><br><br>O Sindicato de Engenheiros no Estado de Minas Gerais (Senge-MG) est\u00e1 instalado em sede pr\u00f3pria, localizada na rua Araguari, 658, no Barro Preto, em Belo Horizonte. A casa que hoje abriga o Senge-MG foi adquirida em 15 de abril de 2008 e inaugurada em 5 de novembro de 2010. Esta grande conquista foi realizada durante a gest\u00e3o 2007\/2010, sob a presid\u00eancia do engenheiro Nilo S\u00e9rgio Gomes e de uma diretoria que contou com a participa\u00e7\u00e3o de 63 associados. Al\u00e9m da sede em BH, o Sindicato conta, tamb\u00e9m, com uma sede pr\u00f3pria na Diretoria Regional Zona da Mata, em Juiz de Fora, localizada na Rua Halfeld, 414, sala 1.209, no Centro e com sede pr\u00f3pria na Diretoria Regional Norte\/Nordeste, em Montes Claros, localizada na Av. Norival Guilherme Vieira, 70 &#8211; Ibituruna.<\/p>\n\n\n\n<p><strong>Endere\u00e7o:<\/strong><br><br>Rua Araguari, 658 &#8211; Bairro Barro Preto &#8211; Belo Horizonte\/MG &#8211; Cep: 30190-150<br>Tel: (0xx31) 3271.7355 <\/p>\n\n\n\n<p><br><br><strong>Mapa de Localiza\u00e7\u00e3o:<\/strong><br><br><br><a href=\"http:\/\/maps.google.com.br\/maps?f=q&amp;source=embed&amp;hl=pt-BR&amp;geocode=&amp;q=Sindicato+dos+Engenheiros+no+Estado+de+Minas+Gerais+-+Senge-MG+-+Rua+Araguari,+658+-+Bairro+Barro+Preto+-+Belo+Horizonte&amp;aq=&amp;sll=-14.239424,-53.186502&amp;sspn=41.218652,78.662109&amp;ie=UTF8&amp;hq=Sindicato+dos+Engenheiros+no+Estado+de+Minas+Gerais+-+Senge-MG+-+Rua+Araguari,+658+-+Bairro&amp;hnear=Barro+Preto,+Belo+Horizonte+-+Minas+Gerais&amp;cid=13645164613969931436&amp;ll=-19.923811,-43.949776&amp;spn=0.028243,0.048923&amp;z=16&amp;iwloc=A\">Exibir mapa ampliado<\/a><\/p>\n\n\n<div id=\"wpgmza_map\" class=\"wpgmza_map\" data-settings='{\"id\":\"1\",\"map_title\":\"mapa senge\",\"map_width\":\"100\",\"map_height\":\"400\",\"map_start_lat\":\"3.686598\",\"map_start_lng\":\"-14.980680\",\"map_start_location\":\"3.686598,-14.980680000000007\",\"map_start_zoom\":\"2\",\"default_marker\":\"0\",\"type\":\"1\",\"alignment\":\"4\",\"directions_enabled\":\"1\",\"styling_enabled\":\"0\",\"styling_json\":\"\",\"active\":\"0\",\"kml\":\"\",\"bicycle\":\"0\",\"traffic\":\"0\",\"dbox\":\"1\",\"dbox_width\":\"100\",\"listmarkers\":\"0\",\"listmarkers_advanced\":\"0\",\"filterbycat\":\"0\",\"ugm_enabled\":\"0\",\"ugm_category_enabled\":\"0\",\"fusion\":\"\",\"map_width_type\":\"\\\\%\",\"map_height_type\":\"px\",\"mass_marker_support\":\"1\",\"ugm_access\":\"0\",\"order_markers_by\":\"1\",\"order_markers_choice\":\"2\",\"show_user_location\":\"0\",\"default_to\":\"\",\"other_settings\":{\"store_locator_enabled\":2,\"store_locator_distance\":2,\"store_locator_default_radius\":10,\"store_locator_not_found_message\":\"No results found in this location. Please try again.\",\"store_locator_bounce\":1,\"store_locator_query_string\":\"CEP \\\/ Endere\\u00e7o:\",\"store_locator_default_address\":\"\",\"wpgmza_store_locator_restrict\":\"\",\"wpgmza_store_locator_radius_style\":\"modern\",\"map_max_zoom\":\"1\",\"transport_layer\":0,\"wpgmza_theme_data\":\"[\\\"visibility\\\", \\\"invert_lightness\\\", \\\"color\\\", \\\"weight\\\", \\\"hue\\\", \\\"saturation\\\", \\\"lightness\\\", \\\"gamma\\\"]\",\"wpgmza_show_points_of_interest\":1,\"wpgmza_auto_night\":0}}' data-map-id='1' Data-maps-engine='google-maps' data-shortcode-attributes='{\"id\":\"1\"}' style=\"display:block; overflow:auto; width:100%; height:400px; float:left;\"><\/div>","protected":false},"excerpt":{"rendered":"<p>SINDICATO DOS ENGENHEIROS DE MINAS GERAIS O Sindicato de Engenheiros no Estado de Minas Gerais (Senge-MG) est\u00e1 instalado em sede pr\u00f3pria, localizada na rua Araguari, 658, no Barro Preto, em Belo Horizonte. A casa que hoje abriga o Senge-MG foi adquirida em 15 de abril de 2008 e inaugurada em 5 de novembro de 2010. [&#8230;]\n","protected":false},"author":2,"featured_media":0,"parent":0,"menu_order":0,"comment_status":"closed","ping_status":"closed","template":"","meta":{"footnotes":""},"class_list":["post-503","page","type-page","status-publish","hentry"],"acf":[],"_links":{"self":[{"href":"https:\/\/sengemg.clkaqui.com.br\/index.php\/wp-json\/wp\/v2\/pages\/503","targetHints":{"allow":["GET"]}}],"collection":[{"href":"https:\/\/sengemg.clkaqui.com.br\/index.php\/wp-json\/wp\/v2\/pages"}],"about":[{"href":"https:\/\/sengemg.clkaqui.com.br\/index.php\/wp-json\/wp\/v2\/types\/page"}],"author":[{"embeddable":true,"href":"https:\/\/sengemg.clkaqui.com.br\/index.php\/wp-json\/wp\/v2\/users\/2"}],"replies":[{"embeddable":true,"href":"https:\/\/sengemg.clkaqui.com.br\/index.php\/wp-json\/wp\/v2\/comments?post=503"}],"version-history":[{"count":4,"href":"https:\/\/sengemg.clkaqui.com.br\/index.php\/wp-json\/wp\/v2\/pages\/503\/revisions"}],"predecessor-version":[{"id":6002,"href":"https:\/\/sengemg.clkaqui.com.br\/index.php\/wp-json\/wp\/v2\/pages\/503\/revisions\/6002"}],"wp:attachment":[{"href":"https:\/\/sengemg.clkaqui.com.br\/index.php\/wp-json\/wp\/v2\/media?parent=503"}],"curies":[{"name":"wp","href":"https:\/\/api.w.org\/{rel}","templated":true}]}}