{"id":517,"date":"2020-01-11T09:30:22","date_gmt":"2020-01-11T06:30:22","guid":{"rendered":"http:\/\/site.sengemg.org.br\/?page_id=517"},"modified":"2022-11-17T18:40:05","modified_gmt":"2022-11-17T15:40:05","slug":"beneficios-dos-socios","status":"publish","type":"page","link":"https:\/\/sengemg.clkaqui.com.br\/index.php\/beneficios-dos-socios\/","title":{"rendered":"Benef\u00edcios do S\u00f3cio"},"content":{"rendered":"\n<div class=\"wp-block-columns is-layout-flex wp-container-core-columns-is-layout-1 wp-block-columns-is-layout-flex\">\n<div class=\"wp-block-column is-layout-flow wp-block-column-is-layout-flow\" style=\"flex-basis:33.33%\">\n<div id='iksm-537' class='iksm iksm-537 iksm-container '  data-id='537' data-is-pro='0' data-source='menu'><div class='iksm-terms'><div class='iksm-terms-tree iksm-terms-tree--level-1 iksm-terms-tree--parents' style=''><div class=\"iksm-terms-tree__inner\">\n        <div class=\"iksm-term iksm-term--id-546 iksm-term--parent\" data-id=\"546\">\n            <div class=\"iksm-term__inner\" tabindex='0'>\n                <a class=\"iksm-term__link\" href='https:\/\/sengemg.clkaqui.com.br\/index.php\/porque-se-associar\/' target='_self' tabindex='-1'>\n\t\t\t\t\t        <span class=\"iksm-term__text\">Porque se Associar<\/span>\n\t\t                <\/a>\n\t\t\t\t            <\/div>\n\t\t\t        <\/div>\n\n\t\t\n        <div class=\"iksm-term iksm-term--id-545 iksm-term--parent\" data-id=\"545\">\n            <div class=\"iksm-term__inner\" tabindex='0'>\n                <a class=\"iksm-term__link\" href='https:\/\/sengemg.clkaqui.com.br\/index.php\/beneficios-dos-socios\/' target='_self' tabindex='-1'>\n\t\t\t\t\t        <span class=\"iksm-term__text\">Benef\u00edcios do S\u00f3cio<\/span>\n\t\t                <\/a>\n\t\t\t\t            <\/div>\n\t\t\t        <\/div>\n\n\t\t\n        <div class=\"iksm-term iksm-term--id-544 iksm-term--parent\" data-id=\"544\">\n            <div class=\"iksm-term__inner\" tabindex='0'>\n                <a class=\"iksm-term__link\" href='https:\/\/sengemg.clkaqui.com.br\/index.php\/valores-da-anuidade\/' target='_self' tabindex='-1'>\n\t\t\t\t\t        <span class=\"iksm-term__text\">Valores da Anuidade<\/span>\n\t\t                <\/a>\n\t\t\t\t            <\/div>\n\t\t\t        <\/div>\n\n\t\t\n        <div class=\"iksm-term iksm-term--id-543 iksm-term--parent\" data-id=\"543\">\n            <div class=\"iksm-term__inner\" tabindex='0'>\n                <a class=\"iksm-term__link\" href='https:\/\/sengemg.clkaqui.com.br\/index.php\/proposta-de-socio\/' target='_self' tabindex='-1'>\n\t\t\t\t\t        <span class=\"iksm-term__text\">Proposta de S\u00f3cio<\/span>\n\t\t                <\/a>\n\t\t\t\t            <\/div>\n\t\t\t        <\/div>\n\n\t\t\n        <div class=\"iksm-term iksm-term--id-1065 iksm-term--parent\" data-id=\"1065\">\n            <div class=\"iksm-term__inner\" tabindex='0'>\n                <a class=\"iksm-term__link\" href='https:\/\/sengemg.clkaqui.com.br\/index.php\/socio-aspirante\/' target='_self' tabindex='-1'>\n\t\t\t\t\t        <span class=\"iksm-term__text\">S\u00f3cio Aspirante<\/span>\n\t\t                <\/a>\n\t\t\t\t            <\/div>\n\t\t\t        <\/div>\n\n\t\t<\/div><\/div><\/div><div id=\"iksm_data_args\" class=\"data-args\"  data-collapse_children_terms='1' data-collapse_other_terms='1' data-collapse_animation_duration='400' data-expand_animation_duration='400'><\/div><\/div><script id=\"styles-copier-6a00b94367ade\">\n\t\t\t\/\/ Finding styles element\n\t        var element = document.getElementById(\"iksm-dynamic-style\");\n\t        if (!element) { \/\/ If no element (Cache plugins can remove tag), then creating a new one\n                element = document.createElement('style');\n                var head = document.getElementsByTagName(\"head\")\n                if (head && head[0]) {\n                \thead[0].appendChild(element);\n                } else {\n                  \tconsole.warn(\"Iks Menu | Error while printing styles. Please contact technical support.\");\n                }\n\t        }\n\t\t\t\/\/ Copying styles to <styles> tag\n\t        element.innerHTML += \".iksm-537 .iksm-terms{background-color:rgba(112,112,112,1);transition:all 400ms;animation:iks-fade-in 1000ms;}.iksm-537 .iksm-term__inner{background-color:rgba(92,104,141,1);min-height:44px;transition:all 400ms;}.iksm-537 .iksm-term__inner:hover{background-color:rgba(236,236,236,1);}.iksm-537 .iksm-term--current > .iksm-term__inner{background-color:rgba(212,212,212,1);}.iksm-537 .iksm-term__link{color:rgba(255,255,255,1);font-size:15px;line-height:15px;font-weight:400;text-decoration:none;padding-top:5px;padding-right:15px;padding-bottom:5px;padding-left:15px;transition:all 400ms;}.iksm-537 .iksm-term__inner:hover .iksm-term__link{color:rgba(50,50,50,1);}.iksm-537 .iksm-term__toggle__inner{transition:transform 400ms}.iksm-537 .iksm-term--expanded > .iksm-term__inner > .iksm-term__toggle > .iksm-term__toggle__inner{transform:rotate(180deg);}.iksm-537 .iksm-term__toggle{color:rgba(133,133,133,1);font-size:22px;align-self:stretch;height:unset;;width:40px;transition:all 400ms;}.iksm-537 .iksm-term__toggle:hover{color:rgba(0,0,0,1);}.iksm-537 .iksm-term__image-container{width:30px;min-width:30px;height:30px;min-height:30px;margin-right:15px;transition:all 400ms;}.iksm-537 .iksm-term__image{background-size:contain;background-position:center;background-repeat:no-repeat;}.iksm-537 .iksm-term__image-container:hover{background-size:contain;background-position:center;background-repeat:no-repeat;}.iksm-537 .iksm-term__inner:hover .iksm-term__image-container{background-size:contain;background-position:center;background-repeat:no-repeat;}.iksm-537 .iksm-term__inner:focus .iksm-term__image-container{background-size:contain;background-position:center;background-repeat:no-repeat;}.iksm-537 .iksm-term--current > .iksm-term__inner .iksm-term__image-container{background-size:contain;background-position:center;background-repeat:no-repeat;}.iksm-537 .iksm-term--child .iksm-term__inner .iksm-term__image-container{background-size:contain;background-position:center;background-repeat:no-repeat;}.iksm-537 .iksm-term--child .iksm-term__inner .iksm-term__image-container:hover{background-size:contain;background-position:center;background-repeat:no-repeat;}.iksm-537 .iksm-term--child .iksm-term__inner .iksm-term__image-container:focus{background-size:contain;background-position:center;background-repeat:no-repeat;}.iksm-537 .iksm-term--child.iksm-term--current > .iksm-term__inner .iksm-term__image-container{background-size:contain;background-position:center;background-repeat:no-repeat;}.iksm-537  .iksm-term__text{flex: unset}.iksm-537 .iksm-term__posts-count{color:rgba(133,133,133,1);font-size:16px;margin-left:12px;font-weight:400;transition:all 400ms;}\";\n\t        \/\/ Removing this script\n            var this_script = document.getElementById(\"styles-copier-6a00b94367ade\");\n            if (this_script) { \/\/ Cache plugins can remove tag\n\t            this_script.outerHTML = \"\";\n\t            if (this_script.parentNode) {\n\t                this_script.parentNode.removeChild(this_script);\n\t            }\n            }\n        <\/script>\n<\/div>\n\n\n\n<div class=\"wp-block-column is-layout-flow wp-block-column-is-layout-flow\" style=\"flex-basis:66.66%\">\n<p>\n\nComo nosso associado e, mantendo em dia a sua anuidade social, voc\u00ea se beneficia das diversas \u00e1reas de atua\u00e7\u00e3o do SENGE Minas Gerais, tais como:<\/p>\n<\/div>\n<\/div>\n\n\n\n<ul class=\"wp-block-list\"><li>Participa efetivamente do Sindicato, associando-se a uma entidade com quase 70 anos de exist\u00eancia e\u00a0<strong>trabalho em prol dos engenheiros<\/strong>\u00a0do Estado.<br><\/li><li>Contribui no\u00a0<strong>fortalecimento e legitimidade das negocia\u00e7\u00f5es coletivas<\/strong>\u00a0(campanhas salariais) que o Sindicato participa durante todo o ano, que s\u00e3o imprescind\u00edveis para os trabalhadores.<\/li><li>Participa do\u00a0<strong>processo eleitoral<\/strong>\u00a0da diretoria do Senge-MG, que se renova a cada 3 anos, votando nas elei\u00e7\u00f5es ou candidatando-se a diretor do sindicato.<\/li><li>Tem acesso \u00e0\u00a0<strong>Assessoria Jur\u00eddica<\/strong>\u00a0na \u00e1rea trabalhista, com plant\u00f5es nas segundas e quartas-feiras, de 16h \u00e0s 18h15 e nas ter\u00e7as e quintas-feiras de 16h30 \u00e0s 18h00, por telefone, pessoalmente ou por e-mail.<\/li><li>Pode utilizar nossos diversos\u00a0<strong>conv\u00eanios<\/strong>\u00a0com estabelecimentos comerciais e de presta\u00e7\u00e3o de servi\u00e7os, al\u00e9m de planos de sa\u00fade com pre\u00e7os acess\u00edveis (confira o hotsite de servi\u00e7os &#8211; www.sengemg.org.br\/servicos).<\/li><li>Pode participar de\u00a0<strong>cursos de qualifica\u00e7\u00e3o<\/strong>\u00a0voltados para a \u00e1rea de Engenharia, em parceria com institui\u00e7\u00f5es de ensino e demais entidades ligadas \u00e0 Engenharia, visando o aprimoramento dos profissionais.<\/li><li>Usufrui do\u00a0<strong>Banco de Talentos<\/strong>, onde os profissionais e estudantes podem cadastrar curr\u00edculos e buscar novas oportunidades no mercado de trabalho.<\/li><li>Pode acessar a nossa\u00a0<strong>p\u00e1gina na internet<\/strong>\u00a0(www.sengemg.org.br) que cont\u00e9m todas as informa\u00e7\u00f5es de interesse dos engenheiros e servi\u00e7os oferecidos pelo Sindicato aos associados. Cadastrando ainda o seu e-mail, voc\u00ea recebe as publica\u00e7\u00f5es do nosso sindicato.<\/li><li>Al\u00e9m disso, o Senge-MG tamb\u00e9m possui fanpage no\u00a0<strong>Facebook<\/strong>\u00a0(<a href=\"https:\/\/www.facebook.com\/sengeminasgerais\">https:\/\/www.facebook.com\/sengeminasgerais<\/a>) e conta no\u00a0<strong>Twitter<\/strong>\u00a0(<a rel=\"noreferrer noopener\" href=\"https:\/\/twitter.com\/SengeMG\/\" target=\"_blank\">@SengeMG<\/a>), atrav\u00e9s das quais os engenheiros e engenheiras podem entrar em contato com o Sindicato para tirar d\u00favidas, obter informa\u00e7\u00f5es, etc.<\/li><\/ul>\n","protected":false},"excerpt":{"rendered":"<p>Como nosso associado e, mantendo em dia a sua anuidade social, voc\u00ea se beneficia das diversas \u00e1reas de atua\u00e7\u00e3o do SENGE Minas Gerais, tais como: Participa efetivamente do Sindicato, associando-se a uma entidade com quase 70 anos de exist\u00eancia e\u00a0trabalho em prol dos engenheiros\u00a0do Estado. Contribui no\u00a0fortalecimento e legitimidade das negocia\u00e7\u00f5es coletivas\u00a0(campanhas salariais) que o [&#8230;]\n","protected":false},"author":2,"featured_media":0,"parent":0,"menu_order":0,"comment_status":"closed","ping_status":"closed","template":"page-blank-title-center.php","meta":{"footnotes":""},"class_list":["post-517","page","type-page","status-publish","hentry"],"acf":[],"_links":{"self":[{"href":"https:\/\/sengemg.clkaqui.com.br\/index.php\/wp-json\/wp\/v2\/pages\/517","targetHints":{"allow":["GET"]}}],"collection":[{"href":"https:\/\/sengemg.clkaqui.com.br\/index.php\/wp-json\/wp\/v2\/pages"}],"about":[{"href":"https:\/\/sengemg.clkaqui.com.br\/index.php\/wp-json\/wp\/v2\/types\/page"}],"author":[{"embeddable":true,"href":"https:\/\/sengemg.clkaqui.com.br\/index.php\/wp-json\/wp\/v2\/users\/2"}],"replies":[{"embeddable":true,"href":"https:\/\/sengemg.clkaqui.com.br\/index.php\/wp-json\/wp\/v2\/comments?post=517"}],"version-history":[{"count":5,"href":"https:\/\/sengemg.clkaqui.com.br\/index.php\/wp-json\/wp\/v2\/pages\/517\/revisions"}],"predecessor-version":[{"id":4678,"href":"https:\/\/sengemg.clkaqui.com.br\/index.php\/wp-json\/wp\/v2\/pages\/517\/revisions\/4678"}],"wp:attachment":[{"href":"https:\/\/sengemg.clkaqui.com.br\/index.php\/wp-json\/wp\/v2\/media?parent=517"}],"curies":[{"name":"wp","href":"https:\/\/api.w.org\/{rel}","templated":true}]}}