{"id":5477,"date":"2023-06-29T22:56:57","date_gmt":"2023-06-29T19:56:57","guid":{"rendered":"https:\/\/sengemg.clkaqui.com.br\/?page_id=5477"},"modified":"2023-06-29T22:56:58","modified_gmt":"2023-06-29T19:56:58","slug":"jequitinhonha-mucuri","status":"publish","type":"page","link":"https:\/\/sengemg.clkaqui.com.br\/index.php\/jequitinhonha-mucuri\/","title":{"rendered":"Jequitinhonha-Mucuri"},"content":{"rendered":"\n\n\n<div class=\"wp-block-columns is-layout-flex wp-container-core-columns-is-layout-1 wp-block-columns-is-layout-flex\">\n<div class=\"wp-block-column is-layout-flow wp-block-column-is-layout-flow\" style=\"flex-basis:30%\">\n<div id='iksm-997' class='iksm iksm-997 iksm-container '  data-id='997' data-is-pro='0' data-source='menu'><div class='iksm-terms'><div class='iksm-terms-tree iksm-terms-tree--level-1 iksm-terms-tree--parents' style=''><div class=\"iksm-terms-tree__inner\">\n        <div class=\"iksm-term iksm-term--id-996 iksm-term--parent\" data-id=\"996\">\n            <div class=\"iksm-term__inner\" tabindex='0'>\n                <a class=\"iksm-term__link\" href='https:\/\/sengemg.clkaqui.com.br\/index.php\/sobre-as-diretorias-regionais\/' target='_self' tabindex='-1'>\n\t\t\t\t\t        <span class=\"iksm-term__text\">Sobre as Diretorias Regionais<\/span>\n\t\t                <\/a>\n\t\t\t\t            <\/div>\n\t\t\t        <\/div>\n\n\t\t\n        <div class=\"iksm-term iksm-term--id-989 iksm-term--parent\" data-id=\"989\">\n            <div class=\"iksm-term__inner\" tabindex='0'>\n                <a class=\"iksm-term__link\" href='https:\/\/sengemg.clkaqui.com.br\/?page_id=651' target='_self' tabindex='-1'>\n\t\t\t\t\t        <span class=\"iksm-term__text\">Dr Zona da Mata<\/span>\n\t\t                <\/a>\n\t\t\t\t            <\/div>\n\t\t\t        <\/div>\n\n\t\t\n        <div class=\"iksm-term iksm-term--id-990 iksm-term--parent\" data-id=\"990\">\n            <div class=\"iksm-term__inner\" tabindex='0'>\n                <a class=\"iksm-term__link\" href='https:\/\/sengemg.clkaqui.com.br\/?page_id=648' target='_self' tabindex='-1'>\n\t\t\t\t\t        <span class=\"iksm-term__text\">Dr Vale Do A\u00e7o<\/span>\n\t\t                <\/a>\n\t\t\t\t            <\/div>\n\t\t\t        <\/div>\n\n\t\t\n        <div class=\"iksm-term iksm-term--id-991 iksm-term--parent\" data-id=\"991\">\n            <div class=\"iksm-term__inner\" tabindex='0'>\n                <a class=\"iksm-term__link\" href='https:\/\/sengemg.clkaqui.com.br\/?page_id=645' target='_self' tabindex='-1'>\n\t\t\t\t\t        <span class=\"iksm-term__text\">Dr Tri\u00e2ngulo<\/span>\n\t\t                <\/a>\n\t\t\t\t            <\/div>\n\t\t\t        <\/div>\n\n\t\t\n        <div class=\"iksm-term iksm-term--id-992 iksm-term--parent\" data-id=\"992\">\n            <div class=\"iksm-term__inner\" tabindex='0'>\n                <a class=\"iksm-term__link\" href='https:\/\/sengemg.clkaqui.com.br\/?page_id=642' target='_self' tabindex='-1'>\n\t\t\t\t\t        <span class=\"iksm-term__text\">Dr Sul<\/span>\n\t\t                <\/a>\n\t\t\t\t            <\/div>\n\t\t\t        <\/div>\n\n\t\t\n        <div class=\"iksm-term iksm-term--id-993 iksm-term--parent\" data-id=\"993\">\n            <div class=\"iksm-term__inner\" tabindex='0'>\n                <a class=\"iksm-term__link\" href='https:\/\/sengemg.clkaqui.com.br\/?page_id=639' target='_self' tabindex='-1'>\n\t\t\t\t\t        <span class=\"iksm-term__text\">Dr Norte\/Nordeste<\/span>\n\t\t                <\/a>\n\t\t\t\t            <\/div>\n\t\t\t        <\/div>\n\n\t\t\n        <div class=\"iksm-term iksm-term--id-994 iksm-term--parent\" data-id=\"994\">\n            <div class=\"iksm-term__inner\" tabindex='0'>\n                <a class=\"iksm-term__link\" href='https:\/\/sengemg.clkaqui.com.br\/?page_id=618' target='_self' tabindex='-1'>\n\t\t\t\t\t        <span class=\"iksm-term__text\">Dr Metropolitana<\/span>\n\t\t                <\/a>\n\t\t\t\t            <\/div>\n\t\t\t        <\/div>\n\n\t\t\n        <div class=\"iksm-term iksm-term--id-995 iksm-term--parent\" data-id=\"995\">\n            <div class=\"iksm-term__inner\" tabindex='0'>\n                <a class=\"iksm-term__link\" href='https:\/\/sengemg.clkaqui.com.br\/?page_id=614' target='_self' tabindex='-1'>\n\t\t\t\t\t        <span class=\"iksm-term__text\">Dr Campo das Vertentes<\/span>\n\t\t                <\/a>\n\t\t\t\t            <\/div>\n\t\t\t        <\/div>\n\n\t\t<\/div><\/div><\/div><div id=\"iksm_data_args\" class=\"data-args\"  data-collapse_children_terms='1' data-collapse_other_terms='1' data-collapse_animation_duration='400' data-expand_animation_duration='400'><\/div><\/div><script id=\"styles-copier-6a06e37fe12cd\">\n\t\t\t\/\/ Finding styles element\n\t        var element = document.getElementById(\"iksm-dynamic-style\");\n\t        if (!element) { \/\/ If no element (Cache plugins can remove tag), then creating a new one\n                element = document.createElement('style');\n                var head = document.getElementsByTagName(\"head\")\n                if (head && head[0]) {\n                \thead[0].appendChild(element);\n                } else {\n                  \tconsole.warn(\"Iks Menu | Error while printing styles. Please contact technical support.\");\n                }\n\t        }\n\t\t\t\/\/ Copying styles to <styles> tag\n\t        element.innerHTML += \".iksm-997 .iksm-terms{transition:all 400ms;animation:iks-fade-in 1000ms;}.iksm-997 .iksm-term__inner{background-color:rgba(255,255,255,1);min-height:44px;transition:all 400ms;}.iksm-997 .iksm-term__inner:hover{background-color:rgba(236,236,236,1);}.iksm-997 .iksm-term--current > .iksm-term__inner{background-color:rgba(212,212,212,1);}.iksm-997 .iksm-term__link{color:rgba(0,0,0,1);font-size:15px;line-height:15px;font-weight:400;text-transform:none;text-decoration:underline;padding-top:5px;padding-right:15px;padding-bottom:5px;padding-left:15px;transition:all 400ms;}.iksm-997 .iksm-term__inner:hover .iksm-term__link{color:rgba(50,50,50,1);}.iksm-997 .iksm-term__toggle__inner{transition:transform 400ms}.iksm-997 .iksm-term--expanded > .iksm-term__inner > .iksm-term__toggle > .iksm-term__toggle__inner{transform:rotate(180deg);}.iksm-997 .iksm-term__toggle{color:rgba(133,133,133,1);font-size:22px;align-self:stretch;height:unset;;width:40px;transition:all 400ms;}.iksm-997 .iksm-term__toggle:hover{color:rgba(0,0,0,1);}.iksm-997 .iksm-term__image-container{width:30px;min-width:30px;height:30px;min-height:30px;margin-right:15px;transition:all 400ms;}.iksm-997 .iksm-term__image{background-size:contain;background-position:center;background-repeat:no-repeat;}.iksm-997 .iksm-term__image-container:hover{background-size:contain;background-position:center;background-repeat:no-repeat;}.iksm-997 .iksm-term__inner:hover .iksm-term__image-container{background-size:contain;background-position:center;background-repeat:no-repeat;}.iksm-997 .iksm-term__inner:focus .iksm-term__image-container{background-size:contain;background-position:center;background-repeat:no-repeat;}.iksm-997 .iksm-term--current > .iksm-term__inner .iksm-term__image-container{background-size:contain;background-position:center;background-repeat:no-repeat;}.iksm-997 .iksm-term--child .iksm-term__inner .iksm-term__image-container{background-size:contain;background-position:center;background-repeat:no-repeat;}.iksm-997 .iksm-term--child .iksm-term__inner .iksm-term__image-container:hover{background-size:contain;background-position:center;background-repeat:no-repeat;}.iksm-997 .iksm-term--child .iksm-term__inner .iksm-term__image-container:focus{background-size:contain;background-position:center;background-repeat:no-repeat;}.iksm-997 .iksm-term--child.iksm-term--current > .iksm-term__inner .iksm-term__image-container{background-size:contain;background-position:center;background-repeat:no-repeat;}.iksm-997  .iksm-term__text{flex: unset}.iksm-997 .iksm-term__posts-count{color:rgba(133,133,133,1);font-size:16px;margin-left:12px;font-weight:400;transition:all 400ms;}\";\n\t        \/\/ Removing this script\n            var this_script = document.getElementById(\"styles-copier-6a06e37fe12cd\");\n            if (this_script) { \/\/ Cache plugins can remove tag\n\t            this_script.outerHTML = \"\";\n\t            if (this_script.parentNode) {\n\t                this_script.parentNode.removeChild(this_script);\n\t            }\n            }\n        <\/script>\n<\/div>\n\n\n\n<div class=\"wp-block-column is-layout-flow wp-block-column-is-layout-flow\" style=\"flex-basis:70%\">\n<div class=\"container section-title-container\" ><h3 class=\"section-title section-title-center\"><b><\/b><span class=\"section-title-main\" >Diretoria Regional Jequitinhonha-Mucuri<\/span><b><\/b><\/h3><\/div>\n\n<div class=\"accordion\" rel=\"1\">\n\n<div class=\"accordion-item\"><a href=\"#\" class=\"accordion-title plain\"><button class=\"toggle\"><i class=\"icon-angle-down\"><\/i><\/button><span>Equipe Diretoria<\/span><\/a><div class=\"accordion-inner\">\n\n<p style=\"text-align: center;\"><strong>DIRETOR ADMINISTRATIVO<\/strong><br>Fabr\u00edcio Aristides Costa<br><br><strong>DIRETORA TESOUREIRA<\/strong><br>Fernanda Barbosa Xavier<br><br><strong>DIRETORES REGIONAIS<\/strong><br>Danilo Marinho Lam\u00eago Borges e Josias Gomes Ribeiro Filho<\/p>\n<p style=\"text-align: center;\"><strong>ABRAG\u00caNCIA DA DIRETORIA REGIONAL<\/strong><br>\u00c1guas Formosas, Almenara, Angel\u00e2ndia, Ara\u00e7ua\u00ed, Aricanduva, Atal\u00e9ia, Bandeira, Berilo, Bert\u00f3polis, Cachoeira de Paje\u00fa, Capelinha, Cara\u00ed, Carbonita, Carlos Chagas, Catuji, Chapada do Norte, Comercinho, Coronel Murta, Cris\u00f3lita, Diamantina, Divis\u00f3polis, Felisburgo, Francisco Badar\u00f3, Francisc\u00f3polis, Frei Gaspar, Fronteira dos Vales, Itaip\u00e9, Itamarandiba, Itaobim, Itinga, Jacinto, Jenipapo de Minas, Jequitinhonha, Joa\u00edma, Jord\u00e2nia, Jos\u00e9 Gon\u00e7alves de Minas, Ladainha, Leme do Prado, Malacacheta, Mata Verde, Maxacalis, Medina, Minas Novas, Monte Formoso, Nanuque, Novo Cruzeiro, Novo Oriente de Minas, Ouro Verde de Minas, Padre Para\u00edso, Palm\u00f3polis, Pav\u00e3o, Pedra Azul, Ponto dos Volantes, Pot\u00e9, Rio do Prado, Rubim, Salto da Divisa, Santa Helena de Minas, Santa Maria do Salto, Santo Ant\u00f4nio do Jacinto, Serra dos Aimor\u00e9s, Setubinha, Te\u00f3filo Otoni, Turmalina, Umburatiba, Veredinha e Virgem da Lapa<\/p>\n\n<\/div><\/div>\n<div class=\"accordion-item\"><a href=\"#\" class=\"accordion-title plain\"><button class=\"toggle\"><i class=\"icon-angle-down\"><\/i><\/button><span>Not\u00edcias<\/span><\/a><div class=\"accordion-inner\">\n\n\n  \n    <div class=\"row large-columns-3 medium-columns-1 small-columns-1 slider row-slider slider-nav-reveal slider-nav-push\"  data-flickity-options='{\"imagesLoaded\": true, \"groupCells\": \"100%\", \"dragThreshold\" : 5, \"cellAlign\": \"left\",\"wrapAround\": true,\"prevNextButtons\": true,\"percentPosition\": true,\"pageDots\": false, \"rightToLeft\": false, \"autoPlay\" : false}'>\n\n  <\/div>\n\n\n<\/div><\/div>\n\n<\/div>\n<\/div>\n<\/div>\n\n\n\n<p><\/p>\n","protected":false},"excerpt":{"rendered":"","protected":false},"author":9,"featured_media":0,"parent":0,"menu_order":0,"comment_status":"closed","ping_status":"closed","template":"","meta":{"footnotes":""},"class_list":["post-5477","page","type-page","status-publish","hentry"],"acf":[],"_links":{"self":[{"href":"https:\/\/sengemg.clkaqui.com.br\/index.php\/wp-json\/wp\/v2\/pages\/5477","targetHints":{"allow":["GET"]}}],"collection":[{"href":"https:\/\/sengemg.clkaqui.com.br\/index.php\/wp-json\/wp\/v2\/pages"}],"about":[{"href":"https:\/\/sengemg.clkaqui.com.br\/index.php\/wp-json\/wp\/v2\/types\/page"}],"author":[{"embeddable":true,"href":"https:\/\/sengemg.clkaqui.com.br\/index.php\/wp-json\/wp\/v2\/users\/9"}],"replies":[{"embeddable":true,"href":"https:\/\/sengemg.clkaqui.com.br\/index.php\/wp-json\/wp\/v2\/comments?post=5477"}],"version-history":[{"count":2,"href":"https:\/\/sengemg.clkaqui.com.br\/index.php\/wp-json\/wp\/v2\/pages\/5477\/revisions"}],"predecessor-version":[{"id":5500,"href":"https:\/\/sengemg.clkaqui.com.br\/index.php\/wp-json\/wp\/v2\/pages\/5477\/revisions\/5500"}],"wp:attachment":[{"href":"https:\/\/sengemg.clkaqui.com.br\/index.php\/wp-json\/wp\/v2\/media?parent=5477"}],"curies":[{"name":"wp","href":"https:\/\/api.w.org\/{rel}","templated":true}]}}