{"id":5478,"date":"2023-06-29T22:57:03","date_gmt":"2023-06-29T19:57:03","guid":{"rendered":"https:\/\/sengemg.clkaqui.com.br\/?page_id=5478"},"modified":"2023-06-29T22:57:04","modified_gmt":"2023-06-29T19:57:04","slug":"mata","status":"publish","type":"page","link":"https:\/\/sengemg.clkaqui.com.br\/index.php\/mata\/","title":{"rendered":"Mata"},"content":{"rendered":"\n\n\n<div class=\"wp-block-columns is-layout-flex wp-container-core-columns-is-layout-1 wp-block-columns-is-layout-flex\">\n<div class=\"wp-block-column is-layout-flow wp-block-column-is-layout-flow\" style=\"flex-basis:30%\">\n<div id='iksm-997' class='iksm iksm-997 iksm-container '  data-id='997' data-is-pro='0' data-source='menu'><div class='iksm-terms'><div class='iksm-terms-tree iksm-terms-tree--level-1 iksm-terms-tree--parents' style=''><div class=\"iksm-terms-tree__inner\">\n        <div class=\"iksm-term iksm-term--id-996 iksm-term--parent\" data-id=\"996\">\n            <div class=\"iksm-term__inner\" tabindex='0'>\n                <a class=\"iksm-term__link\" href='https:\/\/sengemg.clkaqui.com.br\/index.php\/sobre-as-diretorias-regionais\/' target='_self' tabindex='-1'>\n\t\t\t\t\t        <span class=\"iksm-term__text\">Sobre as Diretorias Regionais<\/span>\n\t\t                <\/a>\n\t\t\t\t            <\/div>\n\t\t\t        <\/div>\n\n\t\t\n        <div class=\"iksm-term iksm-term--id-989 iksm-term--parent\" data-id=\"989\">\n            <div class=\"iksm-term__inner\" tabindex='0'>\n                <a class=\"iksm-term__link\" href='https:\/\/sengemg.clkaqui.com.br\/?page_id=651' target='_self' tabindex='-1'>\n\t\t\t\t\t        <span class=\"iksm-term__text\">Dr Zona da Mata<\/span>\n\t\t                <\/a>\n\t\t\t\t            <\/div>\n\t\t\t        <\/div>\n\n\t\t\n        <div class=\"iksm-term iksm-term--id-990 iksm-term--parent\" data-id=\"990\">\n            <div class=\"iksm-term__inner\" tabindex='0'>\n                <a class=\"iksm-term__link\" href='https:\/\/sengemg.clkaqui.com.br\/?page_id=648' target='_self' tabindex='-1'>\n\t\t\t\t\t        <span class=\"iksm-term__text\">Dr Vale Do A\u00e7o<\/span>\n\t\t                <\/a>\n\t\t\t\t            <\/div>\n\t\t\t        <\/div>\n\n\t\t\n        <div class=\"iksm-term iksm-term--id-991 iksm-term--parent\" data-id=\"991\">\n            <div class=\"iksm-term__inner\" tabindex='0'>\n                <a class=\"iksm-term__link\" href='https:\/\/sengemg.clkaqui.com.br\/?page_id=645' target='_self' tabindex='-1'>\n\t\t\t\t\t        <span class=\"iksm-term__text\">Dr Tri\u00e2ngulo<\/span>\n\t\t                <\/a>\n\t\t\t\t            <\/div>\n\t\t\t        <\/div>\n\n\t\t\n        <div class=\"iksm-term iksm-term--id-992 iksm-term--parent\" data-id=\"992\">\n            <div class=\"iksm-term__inner\" tabindex='0'>\n                <a class=\"iksm-term__link\" href='https:\/\/sengemg.clkaqui.com.br\/?page_id=642' target='_self' tabindex='-1'>\n\t\t\t\t\t        <span class=\"iksm-term__text\">Dr Sul<\/span>\n\t\t                <\/a>\n\t\t\t\t            <\/div>\n\t\t\t        <\/div>\n\n\t\t\n        <div class=\"iksm-term iksm-term--id-993 iksm-term--parent\" data-id=\"993\">\n            <div class=\"iksm-term__inner\" tabindex='0'>\n                <a class=\"iksm-term__link\" href='https:\/\/sengemg.clkaqui.com.br\/?page_id=639' target='_self' tabindex='-1'>\n\t\t\t\t\t        <span class=\"iksm-term__text\">Dr Norte\/Nordeste<\/span>\n\t\t                <\/a>\n\t\t\t\t            <\/div>\n\t\t\t        <\/div>\n\n\t\t\n        <div class=\"iksm-term iksm-term--id-994 iksm-term--parent\" data-id=\"994\">\n            <div class=\"iksm-term__inner\" tabindex='0'>\n                <a class=\"iksm-term__link\" href='https:\/\/sengemg.clkaqui.com.br\/?page_id=618' target='_self' tabindex='-1'>\n\t\t\t\t\t        <span class=\"iksm-term__text\">Dr Metropolitana<\/span>\n\t\t                <\/a>\n\t\t\t\t            <\/div>\n\t\t\t        <\/div>\n\n\t\t\n        <div class=\"iksm-term iksm-term--id-995 iksm-term--parent\" data-id=\"995\">\n            <div class=\"iksm-term__inner\" tabindex='0'>\n                <a class=\"iksm-term__link\" href='https:\/\/sengemg.clkaqui.com.br\/?page_id=614' target='_self' tabindex='-1'>\n\t\t\t\t\t        <span class=\"iksm-term__text\">Dr Campo das Vertentes<\/span>\n\t\t                <\/a>\n\t\t\t\t            <\/div>\n\t\t\t        <\/div>\n\n\t\t<\/div><\/div><\/div><div id=\"iksm_data_args\" class=\"data-args\"  data-collapse_children_terms='1' data-collapse_other_terms='1' data-collapse_animation_duration='400' data-expand_animation_duration='400'><\/div><\/div><script id=\"styles-copier-6a00b7bc6b05a\">\n\t\t\t\/\/ Finding styles element\n\t        var element = document.getElementById(\"iksm-dynamic-style\");\n\t        if (!element) { \/\/ If no element (Cache plugins can remove tag), then creating a new one\n                element = document.createElement('style');\n                var head = document.getElementsByTagName(\"head\")\n                if (head && head[0]) {\n                \thead[0].appendChild(element);\n                } else {\n                  \tconsole.warn(\"Iks Menu | Error while printing styles. Please contact technical support.\");\n                }\n\t        }\n\t\t\t\/\/ Copying styles to <styles> tag\n\t        element.innerHTML += \".iksm-997 .iksm-terms{transition:all 400ms;animation:iks-fade-in 1000ms;}.iksm-997 .iksm-term__inner{background-color:rgba(255,255,255,1);min-height:44px;transition:all 400ms;}.iksm-997 .iksm-term__inner:hover{background-color:rgba(236,236,236,1);}.iksm-997 .iksm-term--current > .iksm-term__inner{background-color:rgba(212,212,212,1);}.iksm-997 .iksm-term__link{color:rgba(0,0,0,1);font-size:15px;line-height:15px;font-weight:400;text-transform:none;text-decoration:underline;padding-top:5px;padding-right:15px;padding-bottom:5px;padding-left:15px;transition:all 400ms;}.iksm-997 .iksm-term__inner:hover .iksm-term__link{color:rgba(50,50,50,1);}.iksm-997 .iksm-term__toggle__inner{transition:transform 400ms}.iksm-997 .iksm-term--expanded > .iksm-term__inner > .iksm-term__toggle > .iksm-term__toggle__inner{transform:rotate(180deg);}.iksm-997 .iksm-term__toggle{color:rgba(133,133,133,1);font-size:22px;align-self:stretch;height:unset;;width:40px;transition:all 400ms;}.iksm-997 .iksm-term__toggle:hover{color:rgba(0,0,0,1);}.iksm-997 .iksm-term__image-container{width:30px;min-width:30px;height:30px;min-height:30px;margin-right:15px;transition:all 400ms;}.iksm-997 .iksm-term__image{background-size:contain;background-position:center;background-repeat:no-repeat;}.iksm-997 .iksm-term__image-container:hover{background-size:contain;background-position:center;background-repeat:no-repeat;}.iksm-997 .iksm-term__inner:hover .iksm-term__image-container{background-size:contain;background-position:center;background-repeat:no-repeat;}.iksm-997 .iksm-term__inner:focus .iksm-term__image-container{background-size:contain;background-position:center;background-repeat:no-repeat;}.iksm-997 .iksm-term--current > .iksm-term__inner .iksm-term__image-container{background-size:contain;background-position:center;background-repeat:no-repeat;}.iksm-997 .iksm-term--child .iksm-term__inner .iksm-term__image-container{background-size:contain;background-position:center;background-repeat:no-repeat;}.iksm-997 .iksm-term--child .iksm-term__inner .iksm-term__image-container:hover{background-size:contain;background-position:center;background-repeat:no-repeat;}.iksm-997 .iksm-term--child .iksm-term__inner .iksm-term__image-container:focus{background-size:contain;background-position:center;background-repeat:no-repeat;}.iksm-997 .iksm-term--child.iksm-term--current > .iksm-term__inner .iksm-term__image-container{background-size:contain;background-position:center;background-repeat:no-repeat;}.iksm-997  .iksm-term__text{flex: unset}.iksm-997 .iksm-term__posts-count{color:rgba(133,133,133,1);font-size:16px;margin-left:12px;font-weight:400;transition:all 400ms;}\";\n\t        \/\/ Removing this script\n            var this_script = document.getElementById(\"styles-copier-6a00b7bc6b05a\");\n            if (this_script) { \/\/ Cache plugins can remove tag\n\t            this_script.outerHTML = \"\";\n\t            if (this_script.parentNode) {\n\t                this_script.parentNode.removeChild(this_script);\n\t            }\n            }\n        <\/script>\n<\/div>\n\n\n\n<div class=\"wp-block-column is-layout-flow wp-block-column-is-layout-flow\" style=\"flex-basis:70%\">\n<div class=\"container section-title-container\" ><h3 class=\"section-title section-title-center\"><b><\/b><span class=\"section-title-main\" >Diretoria Regional Mata<\/span><b><\/b><\/h3><\/div>\n\n<div class=\"accordion\" rel=\"1\">\n\n<div class=\"accordion-item\"><a href=\"#\" class=\"accordion-title plain\"><button class=\"toggle\"><i class=\"icon-angle-down\"><\/i><\/button><span>Equipe Diretoria<\/span><\/a><div class=\"accordion-inner\">\n\n<p style=\"text-align: center;\"><strong>DIRETORA ADMINISTRATIVA<\/strong><br>Maria Ang\u00e9lica Arantes de Aguiar Abreu<br><br><strong>DIRETOR TESOUREIRO<\/strong><br>Filipe Artur Leite<br><br><strong>DIRETORES REGIONAIS<\/strong><br>Marcelo Duarte e Silva, Stenio Rocha Nunes e Thiago Radd Lima<\/p>\n<p style=\"text-align: center;\"><strong>ENDERE\u00c7O<\/strong><br>Rua Halfeld, 414 \u2013\u00a0Sl.1209 \u2013\u00a0Centro<br>Cep: 36010-900 \u2013\u00a0Juiz de Fora \u2013 MG<br><br><strong>TELEFONE<\/strong><br>(32) 3215-1325<br><br><strong>EMAIL<\/strong><br><a href=\"mailto:sengezm@sengemg.org.br\">sengezm@sengemg.org.br<\/a><br><br><strong>ABRAG\u00caNCIA DA DIRETORIA REGIONAL<\/strong><br>Abre-Campo, Acaiaca, Al\u00e9m Para\u00edba, Alto Capara\u00f3, Alto Jequitib\u00e1, Alto Rio Doce, Amparo da Serra, Ant\u00f4nio Prado de Minas, Aracitaba, Araponga, Argirita, Astolfo Dutra, Bar\u00e3o do Monte Alto, Barra Longa, Belmiro Braga, Bias Fortes, Bicas, Br\u00e1s Pires, Caiana, Cajuri, Cana\u00e3, Capara\u00f3, Caputira, Carangola, Cataguases, Ch\u00e1cara, Chal\u00e9, Chiador, Cipot\u00e2nea, Coimbra, Coronel Pacheco, Descoberto, Diogo de Vasconcelos, Divin\u00e9sia, Divino, Dom Silv\u00e9rio, Dona Eus\u00e9bia, Dores do Turvo, Durand\u00e9, Erv\u00e1lia, Espera Feliz, Estrela-d&#8217;Alva, Eugen\u00f3polis, Ewbank da C\u00e2mara, Faria Lemos, Fervedouro, Goian\u00e1, Guaraciaba, Guarani, Guarar\u00e1, Guidoval, Guiricema, Itamarati de Minas, Jequeri, Juiz de Fora, Lajinha, Lamim, Laranjal, Leopoldina, Lima Duarte, Luisburgo, Manhua\u00e7u, Manhumirim, Mar de Espanha, Marip\u00e1 de Minas, Martins Soares, Matias Barbosa, Matip\u00f3, Merc\u00eas, Miradouro, Mira\u00ed, Muria\u00e9, Olaria, Oliveira Fortes, Orat\u00f3rios, Oriz\u00e2nia, Paiva, Palma, Patroc\u00ednio do Muria\u00e9, Paula C\u00e2ndido, Pedra Bonita, Pedra do Anta, Pedra Dourada, Pedro Teixeira, Pequeri, Piau, Piedade de Ponte Nova, Piranga, Pirapetinga, Pira\u00faba, Ponte Nova, Porto Firme, Presidente Bernardes, Raul Soares, Recreio, Reduto, Rio Casca, Rio Doce, Rio Espera, Rio Novo, Rio Pomba, Rio Preto, Rochedo de Minas, Rodeiro, Ros\u00e1rio da Limeira, Santa B\u00e1rbara do Monte Verde, Santa Cruz do Escalvado, Santa Margarida, Santa Rita do Ibitipoca, Santa Rita do Jacutinga, Santana de Cataguases, Santana do Deserto, Santana do Manhua\u00e7u, Santo Ant\u00f4nio do Aventureiro, Santo Ant\u00f4nio do Grama, Santos Dumont, S\u00e3o Francisco do Gl\u00f3ria, S\u00e3o Geraldo, S\u00e3o Jo\u00e3o do Manhua\u00e7u, S\u00e3o Jo\u00e3o Nepomuceno, S\u00e3o Jos\u00e9 do Mantimento, S\u00e3o Miguel do Anta, S\u00e3o Pedro dos Ferros, S\u00e3o Sebasti\u00e3o da Vargem Alegre, Sem Peixe, Senador Cortes, Senador Firmino, Senhora de Oliveira, Sericita, Silveir\u00e2nia, Sim\u00e3o Pereira, Simon\u00e9sia, Tabuleiro, Teixeiras, Tocantins, Tombos, Ub\u00e1, Uruc\u00e2nia, Vermelho Novo, Vi\u00e7osa, Vieiras e Visconde do Rio Branco<\/p>\n\n<\/div><\/div>\n<div class=\"accordion-item\"><a href=\"#\" class=\"accordion-title plain\"><button class=\"toggle\"><i class=\"icon-angle-down\"><\/i><\/button><span>Not\u00edcias<\/span><\/a><div class=\"accordion-inner\">\n\n\n  \n    <div class=\"row large-columns-3 medium-columns-1 small-columns-1 slider row-slider slider-nav-reveal slider-nav-push\"  data-flickity-options='{\"imagesLoaded\": true, \"groupCells\": \"100%\", \"dragThreshold\" : 5, \"cellAlign\": \"left\",\"wrapAround\": true,\"prevNextButtons\": true,\"percentPosition\": true,\"pageDots\": false, \"rightToLeft\": false, \"autoPlay\" : false}'>\n\n  <\/div>\n\n\n<\/div><\/div>\n\n<\/div>\n<\/div>\n<\/div>\n","protected":false},"excerpt":{"rendered":"","protected":false},"author":9,"featured_media":0,"parent":0,"menu_order":0,"comment_status":"closed","ping_status":"closed","template":"","meta":{"footnotes":""},"class_list":["post-5478","page","type-page","status-publish","hentry"],"acf":[],"_links":{"self":[{"href":"https:\/\/sengemg.clkaqui.com.br\/index.php\/wp-json\/wp\/v2\/pages\/5478","targetHints":{"allow":["GET"]}}],"collection":[{"href":"https:\/\/sengemg.clkaqui.com.br\/index.php\/wp-json\/wp\/v2\/pages"}],"about":[{"href":"https:\/\/sengemg.clkaqui.com.br\/index.php\/wp-json\/wp\/v2\/types\/page"}],"author":[{"embeddable":true,"href":"https:\/\/sengemg.clkaqui.com.br\/index.php\/wp-json\/wp\/v2\/users\/9"}],"replies":[{"embeddable":true,"href":"https:\/\/sengemg.clkaqui.com.br\/index.php\/wp-json\/wp\/v2\/comments?post=5478"}],"version-history":[{"count":1,"href":"https:\/\/sengemg.clkaqui.com.br\/index.php\/wp-json\/wp\/v2\/pages\/5478\/revisions"}],"predecessor-version":[{"id":5510,"href":"https:\/\/sengemg.clkaqui.com.br\/index.php\/wp-json\/wp\/v2\/pages\/5478\/revisions\/5510"}],"wp:attachment":[{"href":"https:\/\/sengemg.clkaqui.com.br\/index.php\/wp-json\/wp\/v2\/media?parent=5478"}],"curies":[{"name":"wp","href":"https:\/\/api.w.org\/{rel}","templated":true}]}}