{"id":5481,"date":"2023-06-29T22:57:20","date_gmt":"2023-06-29T19:57:20","guid":{"rendered":"https:\/\/sengemg.clkaqui.com.br\/?page_id=5481"},"modified":"2023-06-29T22:57:21","modified_gmt":"2023-06-29T19:57:21","slug":"rio-doce","status":"publish","type":"page","link":"https:\/\/sengemg.clkaqui.com.br\/index.php\/rio-doce\/","title":{"rendered":"Rio Doce"},"content":{"rendered":"\n\n\n<div class=\"wp-block-columns is-layout-flex wp-container-core-columns-is-layout-1 wp-block-columns-is-layout-flex\">\n<div class=\"wp-block-column is-layout-flow wp-block-column-is-layout-flow\" style=\"flex-basis:30%\">\n<div id='iksm-997' class='iksm iksm-997 iksm-container '  data-id='997' data-is-pro='0' data-source='menu'><div class='iksm-terms'><div class='iksm-terms-tree iksm-terms-tree--level-1 iksm-terms-tree--parents' style=''><div class=\"iksm-terms-tree__inner\">\n        <div class=\"iksm-term iksm-term--id-996 iksm-term--parent\" data-id=\"996\">\n            <div class=\"iksm-term__inner\" tabindex='0'>\n                <a class=\"iksm-term__link\" href='https:\/\/sengemg.clkaqui.com.br\/index.php\/sobre-as-diretorias-regionais\/' target='_self' tabindex='-1'>\n\t\t\t\t\t        <span class=\"iksm-term__text\">Sobre as Diretorias Regionais<\/span>\n\t\t                <\/a>\n\t\t\t\t            <\/div>\n\t\t\t        <\/div>\n\n\t\t\n        <div class=\"iksm-term iksm-term--id-989 iksm-term--parent\" data-id=\"989\">\n            <div class=\"iksm-term__inner\" tabindex='0'>\n                <a class=\"iksm-term__link\" href='https:\/\/sengemg.clkaqui.com.br\/?page_id=651' target='_self' tabindex='-1'>\n\t\t\t\t\t        <span class=\"iksm-term__text\">Dr Zona da Mata<\/span>\n\t\t                <\/a>\n\t\t\t\t            <\/div>\n\t\t\t        <\/div>\n\n\t\t\n        <div class=\"iksm-term iksm-term--id-990 iksm-term--parent\" data-id=\"990\">\n            <div class=\"iksm-term__inner\" tabindex='0'>\n                <a class=\"iksm-term__link\" href='https:\/\/sengemg.clkaqui.com.br\/?page_id=648' target='_self' tabindex='-1'>\n\t\t\t\t\t        <span class=\"iksm-term__text\">Dr Vale Do A\u00e7o<\/span>\n\t\t                <\/a>\n\t\t\t\t            <\/div>\n\t\t\t        <\/div>\n\n\t\t\n        <div class=\"iksm-term iksm-term--id-991 iksm-term--parent\" data-id=\"991\">\n            <div class=\"iksm-term__inner\" tabindex='0'>\n                <a class=\"iksm-term__link\" href='https:\/\/sengemg.clkaqui.com.br\/?page_id=645' target='_self' tabindex='-1'>\n\t\t\t\t\t        <span class=\"iksm-term__text\">Dr Tri\u00e2ngulo<\/span>\n\t\t                <\/a>\n\t\t\t\t            <\/div>\n\t\t\t        <\/div>\n\n\t\t\n        <div class=\"iksm-term iksm-term--id-992 iksm-term--parent\" data-id=\"992\">\n            <div class=\"iksm-term__inner\" tabindex='0'>\n                <a class=\"iksm-term__link\" href='https:\/\/sengemg.clkaqui.com.br\/?page_id=642' target='_self' tabindex='-1'>\n\t\t\t\t\t        <span class=\"iksm-term__text\">Dr Sul<\/span>\n\t\t                <\/a>\n\t\t\t\t            <\/div>\n\t\t\t        <\/div>\n\n\t\t\n        <div class=\"iksm-term iksm-term--id-993 iksm-term--parent\" data-id=\"993\">\n            <div class=\"iksm-term__inner\" tabindex='0'>\n                <a class=\"iksm-term__link\" href='https:\/\/sengemg.clkaqui.com.br\/?page_id=639' target='_self' tabindex='-1'>\n\t\t\t\t\t        <span class=\"iksm-term__text\">Dr Norte\/Nordeste<\/span>\n\t\t                <\/a>\n\t\t\t\t            <\/div>\n\t\t\t        <\/div>\n\n\t\t\n        <div class=\"iksm-term iksm-term--id-994 iksm-term--parent\" data-id=\"994\">\n            <div class=\"iksm-term__inner\" tabindex='0'>\n                <a class=\"iksm-term__link\" href='https:\/\/sengemg.clkaqui.com.br\/?page_id=618' target='_self' tabindex='-1'>\n\t\t\t\t\t        <span class=\"iksm-term__text\">Dr Metropolitana<\/span>\n\t\t                <\/a>\n\t\t\t\t            <\/div>\n\t\t\t        <\/div>\n\n\t\t\n        <div class=\"iksm-term iksm-term--id-995 iksm-term--parent\" data-id=\"995\">\n            <div class=\"iksm-term__inner\" tabindex='0'>\n                <a class=\"iksm-term__link\" href='https:\/\/sengemg.clkaqui.com.br\/?page_id=614' target='_self' tabindex='-1'>\n\t\t\t\t\t        <span class=\"iksm-term__text\">Dr Campo das Vertentes<\/span>\n\t\t                <\/a>\n\t\t\t\t            <\/div>\n\t\t\t        <\/div>\n\n\t\t<\/div><\/div><\/div><div id=\"iksm_data_args\" class=\"data-args\"  data-collapse_children_terms='1' data-collapse_other_terms='1' data-collapse_animation_duration='400' data-expand_animation_duration='400'><\/div><\/div><script id=\"styles-copier-6a00b708defa9\">\n\t\t\t\/\/ Finding styles element\n\t        var element = document.getElementById(\"iksm-dynamic-style\");\n\t        if (!element) { \/\/ If no element (Cache plugins can remove tag), then creating a new one\n                element = document.createElement('style');\n                var head = document.getElementsByTagName(\"head\")\n                if (head && head[0]) {\n                \thead[0].appendChild(element);\n                } else {\n                  \tconsole.warn(\"Iks Menu | Error while printing styles. Please contact technical support.\");\n                }\n\t        }\n\t\t\t\/\/ Copying styles to <styles> tag\n\t        element.innerHTML += \".iksm-997 .iksm-terms{transition:all 400ms;animation:iks-fade-in 1000ms;}.iksm-997 .iksm-term__inner{background-color:rgba(255,255,255,1);min-height:44px;transition:all 400ms;}.iksm-997 .iksm-term__inner:hover{background-color:rgba(236,236,236,1);}.iksm-997 .iksm-term--current > .iksm-term__inner{background-color:rgba(212,212,212,1);}.iksm-997 .iksm-term__link{color:rgba(0,0,0,1);font-size:15px;line-height:15px;font-weight:400;text-transform:none;text-decoration:underline;padding-top:5px;padding-right:15px;padding-bottom:5px;padding-left:15px;transition:all 400ms;}.iksm-997 .iksm-term__inner:hover .iksm-term__link{color:rgba(50,50,50,1);}.iksm-997 .iksm-term__toggle__inner{transition:transform 400ms}.iksm-997 .iksm-term--expanded > .iksm-term__inner > .iksm-term__toggle > .iksm-term__toggle__inner{transform:rotate(180deg);}.iksm-997 .iksm-term__toggle{color:rgba(133,133,133,1);font-size:22px;align-self:stretch;height:unset;;width:40px;transition:all 400ms;}.iksm-997 .iksm-term__toggle:hover{color:rgba(0,0,0,1);}.iksm-997 .iksm-term__image-container{width:30px;min-width:30px;height:30px;min-height:30px;margin-right:15px;transition:all 400ms;}.iksm-997 .iksm-term__image{background-size:contain;background-position:center;background-repeat:no-repeat;}.iksm-997 .iksm-term__image-container:hover{background-size:contain;background-position:center;background-repeat:no-repeat;}.iksm-997 .iksm-term__inner:hover .iksm-term__image-container{background-size:contain;background-position:center;background-repeat:no-repeat;}.iksm-997 .iksm-term__inner:focus .iksm-term__image-container{background-size:contain;background-position:center;background-repeat:no-repeat;}.iksm-997 .iksm-term--current > .iksm-term__inner .iksm-term__image-container{background-size:contain;background-position:center;background-repeat:no-repeat;}.iksm-997 .iksm-term--child .iksm-term__inner .iksm-term__image-container{background-size:contain;background-position:center;background-repeat:no-repeat;}.iksm-997 .iksm-term--child .iksm-term__inner .iksm-term__image-container:hover{background-size:contain;background-position:center;background-repeat:no-repeat;}.iksm-997 .iksm-term--child .iksm-term__inner .iksm-term__image-container:focus{background-size:contain;background-position:center;background-repeat:no-repeat;}.iksm-997 .iksm-term--child.iksm-term--current > .iksm-term__inner .iksm-term__image-container{background-size:contain;background-position:center;background-repeat:no-repeat;}.iksm-997  .iksm-term__text{flex: unset}.iksm-997 .iksm-term__posts-count{color:rgba(133,133,133,1);font-size:16px;margin-left:12px;font-weight:400;transition:all 400ms;}\";\n\t        \/\/ Removing this script\n            var this_script = document.getElementById(\"styles-copier-6a00b708defa9\");\n            if (this_script) { \/\/ Cache plugins can remove tag\n\t            this_script.outerHTML = \"\";\n\t            if (this_script.parentNode) {\n\t                this_script.parentNode.removeChild(this_script);\n\t            }\n            }\n        <\/script>\n<\/div>\n\n\n\n<div class=\"wp-block-column is-layout-flow wp-block-column-is-layout-flow\" style=\"flex-basis:70%\">\n<div class=\"container section-title-container\" ><h3 class=\"section-title section-title-center\"><b><\/b><span class=\"section-title-main\" >Diretoria Regional Rio Doce<\/span><b><\/b><\/h3><\/div>\n\n<div class=\"accordion\" rel=\"1\">\n\n<div class=\"accordion-item\"><a href=\"#\" class=\"accordion-title plain\"><button class=\"toggle\"><i class=\"icon-angle-down\"><\/i><\/button><span>Equipe Diretoria<\/span><\/a><div class=\"accordion-inner\">\n\n<p style=\"text-align: center;\"><strong>ABRAG\u00caNCIA DA DIRETORIA REGIONAL<\/strong><br>\u00c1gua Boa, Aimor\u00e9s, Alpercata, Alvarenga, Campan\u00e1rio, Cantagalo, Capit\u00e3o Andrade, Carm\u00e9sia, Central de Minas, Coluna, Concei\u00e7\u00e3o de Ipanema, Conselheiro Pena, Coroaci, Cuparaque, Divino das Laranjeiras, Divinol\u00e2ndia de Minas, Dores de Guanh\u00e3es, Engenheiro Caldas, Fernandes Tourinho, Frei Inoc\u00eancio, Frei Lagonegro, Galil\u00e9ia, Goiabeira, Gonzaga, Governador Valadares, Guanh\u00e3es, Imb\u00e9 de Minas, Inhapim, Ipanema, Itabirinha, Itambacuri, Itanhomi, Itueta, Jampruca, Jos\u00e9 Raydan, Mantena, Marilac, Materl\u00e2ndia, Matias Lobato, Mendes Pimentel, Mutum, Nacip Raydan, Nova Bel\u00e9m, Nova M\u00f3dica, Paulistas, Pe\u00e7anha, Pescador, Piedade de Caratinga, Pocrane, Resplendor, Sabin\u00f3polis, Santa B\u00e1rbara do Leste, Santa Efig\u00eania de Minas, Santa Maria do Sua\u00e7u\u00ed, Santa Rita de Minas, Santa Rita do Itueto, S\u00e3o Domingos das Dores, S\u00e3o F\u00e9lix de Minas, S\u00e3o Geraldo da Piedade, S\u00e3o Geraldo do Baixio, S\u00e3o Jo\u00e3o do Manteninha, S\u00e3o Jo\u00e3o Evangelista, S\u00e3o Jos\u00e9 da Safira, S\u00e3o Jos\u00e9 do Divino, S\u00e3o Jos\u00e9 do Jacuri, S\u00e3o Pedro do Sua\u00e7u\u00ed, S\u00e3o Sebasti\u00e3o do Anta, S\u00e3o Sebasti\u00e3o do Maranh\u00e3o, Sardo\u00e1, Senhora do Porto, Taparuba, Tarumirim, Tumiritinga, Ubaporanga, Virgin\u00f3polis e Virgol\u00e2ndia<\/p>\n\n<\/div><\/div>\n<div class=\"accordion-item\"><a href=\"#\" class=\"accordion-title plain\"><button class=\"toggle\"><i class=\"icon-angle-down\"><\/i><\/button><span>Not\u00edcias<\/span><\/a><div class=\"accordion-inner\">\n\n\n  \n    <div class=\"row large-columns-3 medium-columns-1 small-columns-1 slider row-slider slider-nav-reveal slider-nav-push\"  data-flickity-options='{\"imagesLoaded\": true, \"groupCells\": \"100%\", \"dragThreshold\" : 5, \"cellAlign\": \"left\",\"wrapAround\": true,\"prevNextButtons\": true,\"percentPosition\": true,\"pageDots\": false, \"rightToLeft\": false, \"autoPlay\" : false}'>\n\n  <\/div>\n\n\n<\/div><\/div>\n\n<\/div>\n<\/div>\n<\/div>\n","protected":false},"excerpt":{"rendered":"","protected":false},"author":9,"featured_media":0,"parent":0,"menu_order":0,"comment_status":"closed","ping_status":"closed","template":"","meta":{"footnotes":""},"class_list":["post-5481","page","type-page","status-publish","hentry"],"acf":[],"_links":{"self":[{"href":"https:\/\/sengemg.clkaqui.com.br\/index.php\/wp-json\/wp\/v2\/pages\/5481","targetHints":{"allow":["GET"]}}],"collection":[{"href":"https:\/\/sengemg.clkaqui.com.br\/index.php\/wp-json\/wp\/v2\/pages"}],"about":[{"href":"https:\/\/sengemg.clkaqui.com.br\/index.php\/wp-json\/wp\/v2\/types\/page"}],"author":[{"embeddable":true,"href":"https:\/\/sengemg.clkaqui.com.br\/index.php\/wp-json\/wp\/v2\/users\/9"}],"replies":[{"embeddable":true,"href":"https:\/\/sengemg.clkaqui.com.br\/index.php\/wp-json\/wp\/v2\/comments?post=5481"}],"version-history":[{"count":1,"href":"https:\/\/sengemg.clkaqui.com.br\/index.php\/wp-json\/wp\/v2\/pages\/5481\/revisions"}],"predecessor-version":[{"id":5514,"href":"https:\/\/sengemg.clkaqui.com.br\/index.php\/wp-json\/wp\/v2\/pages\/5481\/revisions\/5514"}],"wp:attachment":[{"href":"https:\/\/sengemg.clkaqui.com.br\/index.php\/wp-json\/wp\/v2\/media?parent=5481"}],"curies":[{"name":"wp","href":"https:\/\/api.w.org\/{rel}","templated":true}]}}