{"id":556,"date":"2020-01-14T20:25:15","date_gmt":"2020-01-14T17:25:15","guid":{"rendered":"http:\/\/site.sengemg.org.br\/?page_id=556"},"modified":"2024-05-20T09:49:51","modified_gmt":"2024-05-20T12:49:51","slug":"socio-aspirante","status":"publish","type":"page","link":"https:\/\/sengemg.clkaqui.com.br\/index.php\/socio-aspirante\/","title":{"rendered":"S\u00f3cio Aspirante"},"content":{"rendered":"\n\n\n<div class=\"wp-block-columns is-layout-flex wp-container-core-columns-is-layout-1 wp-block-columns-is-layout-flex\">\n<div class=\"wp-block-column is-layout-flow wp-block-column-is-layout-flow\" style=\"flex-basis:33.33%\">\n<div id='iksm-537' class='iksm iksm-537 iksm-container '  data-id='537' data-is-pro='0' data-source='menu'><div class='iksm-terms'><div class='iksm-terms-tree iksm-terms-tree--level-1 iksm-terms-tree--parents' style=''><div class=\"iksm-terms-tree__inner\">\n        <div class=\"iksm-term iksm-term--id-546 iksm-term--parent\" data-id=\"546\">\n            <div class=\"iksm-term__inner\" tabindex='0'>\n                <a class=\"iksm-term__link\" href='https:\/\/sengemg.clkaqui.com.br\/index.php\/porque-se-associar\/' target='_self' tabindex='-1'>\n\t\t\t\t\t        <span class=\"iksm-term__text\">Porque se Associar<\/span>\n\t\t                <\/a>\n\t\t\t\t            <\/div>\n\t\t\t        <\/div>\n\n\t\t\n        <div class=\"iksm-term iksm-term--id-545 iksm-term--parent\" data-id=\"545\">\n            <div class=\"iksm-term__inner\" tabindex='0'>\n                <a class=\"iksm-term__link\" href='https:\/\/sengemg.clkaqui.com.br\/index.php\/beneficios-dos-socios\/' target='_self' tabindex='-1'>\n\t\t\t\t\t        <span class=\"iksm-term__text\">Benef\u00edcios do S\u00f3cio<\/span>\n\t\t                <\/a>\n\t\t\t\t            <\/div>\n\t\t\t        <\/div>\n\n\t\t\n        <div class=\"iksm-term iksm-term--id-544 iksm-term--parent\" data-id=\"544\">\n            <div class=\"iksm-term__inner\" tabindex='0'>\n                <a class=\"iksm-term__link\" href='https:\/\/sengemg.clkaqui.com.br\/index.php\/valores-da-anuidade\/' target='_self' tabindex='-1'>\n\t\t\t\t\t        <span class=\"iksm-term__text\">Valores da Anuidade<\/span>\n\t\t                <\/a>\n\t\t\t\t            <\/div>\n\t\t\t        <\/div>\n\n\t\t\n        <div class=\"iksm-term iksm-term--id-543 iksm-term--parent\" data-id=\"543\">\n            <div class=\"iksm-term__inner\" tabindex='0'>\n                <a class=\"iksm-term__link\" href='https:\/\/sengemg.clkaqui.com.br\/index.php\/proposta-de-socio\/' target='_self' tabindex='-1'>\n\t\t\t\t\t        <span class=\"iksm-term__text\">Proposta de S\u00f3cio<\/span>\n\t\t                <\/a>\n\t\t\t\t            <\/div>\n\t\t\t        <\/div>\n\n\t\t\n        <div class=\"iksm-term iksm-term--id-1065 iksm-term--parent\" data-id=\"1065\">\n            <div class=\"iksm-term__inner\" tabindex='0'>\n                <a class=\"iksm-term__link\" href='https:\/\/sengemg.clkaqui.com.br\/index.php\/socio-aspirante\/' target='_self' tabindex='-1'>\n\t\t\t\t\t        <span class=\"iksm-term__text\">S\u00f3cio Aspirante<\/span>\n\t\t                <\/a>\n\t\t\t\t            <\/div>\n\t\t\t        <\/div>\n\n\t\t<\/div><\/div><\/div><div id=\"iksm_data_args\" class=\"data-args\"  data-collapse_children_terms='1' data-collapse_other_terms='1' data-collapse_animation_duration='400' data-expand_animation_duration='400'><\/div><\/div><script id=\"styles-copier-6a00bbf37466d\">\n\t\t\t\/\/ Finding styles element\n\t        var element = document.getElementById(\"iksm-dynamic-style\");\n\t        if (!element) { \/\/ If no element (Cache plugins can remove tag), then creating a new one\n                element = document.createElement('style');\n                var head = document.getElementsByTagName(\"head\")\n                if (head && head[0]) {\n                \thead[0].appendChild(element);\n                } else {\n                  \tconsole.warn(\"Iks Menu | Error while printing styles. Please contact technical support.\");\n                }\n\t        }\n\t\t\t\/\/ Copying styles to <styles> tag\n\t        element.innerHTML += \".iksm-537 .iksm-terms{background-color:rgba(112,112,112,1);transition:all 400ms;animation:iks-fade-in 1000ms;}.iksm-537 .iksm-term__inner{background-color:rgba(92,104,141,1);min-height:44px;transition:all 400ms;}.iksm-537 .iksm-term__inner:hover{background-color:rgba(236,236,236,1);}.iksm-537 .iksm-term--current > .iksm-term__inner{background-color:rgba(212,212,212,1);}.iksm-537 .iksm-term__link{color:rgba(255,255,255,1);font-size:15px;line-height:15px;font-weight:400;text-decoration:none;padding-top:5px;padding-right:15px;padding-bottom:5px;padding-left:15px;transition:all 400ms;}.iksm-537 .iksm-term__inner:hover .iksm-term__link{color:rgba(50,50,50,1);}.iksm-537 .iksm-term__toggle__inner{transition:transform 400ms}.iksm-537 .iksm-term--expanded > .iksm-term__inner > .iksm-term__toggle > .iksm-term__toggle__inner{transform:rotate(180deg);}.iksm-537 .iksm-term__toggle{color:rgba(133,133,133,1);font-size:22px;align-self:stretch;height:unset;;width:40px;transition:all 400ms;}.iksm-537 .iksm-term__toggle:hover{color:rgba(0,0,0,1);}.iksm-537 .iksm-term__image-container{width:30px;min-width:30px;height:30px;min-height:30px;margin-right:15px;transition:all 400ms;}.iksm-537 .iksm-term__image{background-size:contain;background-position:center;background-repeat:no-repeat;}.iksm-537 .iksm-term__image-container:hover{background-size:contain;background-position:center;background-repeat:no-repeat;}.iksm-537 .iksm-term__inner:hover .iksm-term__image-container{background-size:contain;background-position:center;background-repeat:no-repeat;}.iksm-537 .iksm-term__inner:focus .iksm-term__image-container{background-size:contain;background-position:center;background-repeat:no-repeat;}.iksm-537 .iksm-term--current > .iksm-term__inner .iksm-term__image-container{background-size:contain;background-position:center;background-repeat:no-repeat;}.iksm-537 .iksm-term--child .iksm-term__inner .iksm-term__image-container{background-size:contain;background-position:center;background-repeat:no-repeat;}.iksm-537 .iksm-term--child .iksm-term__inner .iksm-term__image-container:hover{background-size:contain;background-position:center;background-repeat:no-repeat;}.iksm-537 .iksm-term--child .iksm-term__inner .iksm-term__image-container:focus{background-size:contain;background-position:center;background-repeat:no-repeat;}.iksm-537 .iksm-term--child.iksm-term--current > .iksm-term__inner .iksm-term__image-container{background-size:contain;background-position:center;background-repeat:no-repeat;}.iksm-537  .iksm-term__text{flex: unset}.iksm-537 .iksm-term__posts-count{color:rgba(133,133,133,1);font-size:16px;margin-left:12px;font-weight:400;transition:all 400ms;}\";\n\t        \/\/ Removing this script\n            var this_script = document.getElementById(\"styles-copier-6a00bbf37466d\");\n            if (this_script) { \/\/ Cache plugins can remove tag\n\t            this_script.outerHTML = \"\";\n\t            if (this_script.parentNode) {\n\t                this_script.parentNode.removeChild(this_script);\n\t            }\n            }\n        <\/script>\n<\/div>\n\n\n\n<div class=\"wp-block-column is-layout-flow wp-block-column-is-layout-flow\" style=\"flex-basis:66.66%\">\n<p><strong>O seu futuro profissional passa pelo Sindicato<\/strong><\/p>\n\n\n\n<p>Em breve voc\u00ea, estudante de engenharia, vai deixar o mundo acad\u00eamico e se tornar\u00e1 um profissional. Por\u00e9m, enquanto isso n\u00e3o acontece, \u00e9 importante que se intere de uma nova realidade ligada ao exerc\u00edcio de sua profiss\u00e3o: a luta constante pela garantia dos seus direitos enquanto trabalhador. Voc\u00ea vai fazer parte de uma categoria que congrega milhares de profissionais, com import\u00e2ncia fundamental no desenvolvimento do pa\u00eds e o Sindicato de Engenheiros no Estado de Minas Gerais \u00e9 pe\u00e7a essencial nesta congrega\u00e7\u00e3o.<\/p>\n<\/div>\n<\/div>\n\n\n\n<p>O Senge-MG \u00e9 o representante desta categoria na qual voc\u00ea estar\u00e1 inserido e ao longo de seus mais de 60 anos o tem feito com compet\u00eancia, garantido conquistas, proporcionando o debate e o di\u00e1logo entre empregadores e empregados. Mais de 13.000 engenheiros em Minas confiam essa tarefa ao Senge-MG. Fa\u00e7a parte desta turma voc\u00ea tamb\u00e9m. Voc\u00ea n\u00e3o precisa esperar at\u00e9 estar formado em engenharia. Seja s\u00f3cio aspirante do Sindicato de Engenheiros de Minas Gerais.<\/p>\n\n\n\n<p>Para se tornar s\u00f3cio aspirante, basta preencher o formul\u00e1rio e enviar para o email ANUIDADE@SENGEMG.COM.BR junto com a declara\u00e7\u00e3o contendo a previs\u00e3o de conclus\u00e3o do curso emitido pela faculdade.<\/p>\n\n\n\n<div class=\"wp-block-buttons is-content-justification-center is-layout-flex wp-container-core-buttons-is-layout-1 wp-block-buttons-is-layout-flex\">\n<div class=\"wp-block-button\"><a class=\"wp-block-button__link has-very-dark-gray-color has-text-color has-background\" href=\"https:\/\/sengemg.clkaqui.com.br\/wp-content\/uploads\/2023\/06\/Ficha-de-socio-Estudante-Novo-Modelo.pdf\" style=\"background-color:#329b74\">Proposta de S\u00f3cio Aspirante<\/a><\/div>\n<\/div>\n\n\n\n<p class=\"has-text-align-center\"><\/p>\n","protected":false},"excerpt":{"rendered":"<p>O seu futuro profissional passa pelo Sindicato Em breve voc\u00ea, estudante de engenharia, vai deixar o mundo acad\u00eamico e se tornar\u00e1 um profissional. Por\u00e9m, enquanto isso n\u00e3o acontece, \u00e9 importante que se intere de uma nova realidade ligada ao exerc\u00edcio de sua profiss\u00e3o: a luta constante pela garantia dos seus direitos enquanto trabalhador. Voc\u00ea vai [&#8230;]\n","protected":false},"author":2,"featured_media":0,"parent":0,"menu_order":0,"comment_status":"closed","ping_status":"closed","template":"page-blank-title-center.php","meta":{"footnotes":""},"class_list":["post-556","page","type-page","status-publish","hentry"],"acf":[],"_links":{"self":[{"href":"https:\/\/sengemg.clkaqui.com.br\/index.php\/wp-json\/wp\/v2\/pages\/556","targetHints":{"allow":["GET"]}}],"collection":[{"href":"https:\/\/sengemg.clkaqui.com.br\/index.php\/wp-json\/wp\/v2\/pages"}],"about":[{"href":"https:\/\/sengemg.clkaqui.com.br\/index.php\/wp-json\/wp\/v2\/types\/page"}],"author":[{"embeddable":true,"href":"https:\/\/sengemg.clkaqui.com.br\/index.php\/wp-json\/wp\/v2\/users\/2"}],"replies":[{"embeddable":true,"href":"https:\/\/sengemg.clkaqui.com.br\/index.php\/wp-json\/wp\/v2\/comments?post=556"}],"version-history":[{"count":11,"href":"https:\/\/sengemg.clkaqui.com.br\/index.php\/wp-json\/wp\/v2\/pages\/556\/revisions"}],"predecessor-version":[{"id":7192,"href":"https:\/\/sengemg.clkaqui.com.br\/index.php\/wp-json\/wp\/v2\/pages\/556\/revisions\/7192"}],"wp:attachment":[{"href":"https:\/\/sengemg.clkaqui.com.br\/index.php\/wp-json\/wp\/v2\/media?parent=556"}],"curies":[{"name":"wp","href":"https:\/\/api.w.org\/{rel}","templated":true}]}}