{"id":562,"date":"2020-01-14T21:21:04","date_gmt":"2020-01-14T18:21:04","guid":{"rendered":"http:\/\/site.sengemg.org.br\/?page_id=562"},"modified":"2024-05-07T15:16:41","modified_gmt":"2024-05-07T18:16:41","slug":"proposta-socio-aspirante","status":"publish","type":"page","link":"https:\/\/sengemg.clkaqui.com.br\/index.php\/proposta-socio-aspirante\/","title":{"rendered":"Proposta S\u00f3cio Aspirante"},"content":{"rendered":"\n<p> <\/p>\n\n\n\n<p>Para se tornar um s\u00f3cio-aspirante do Senge-MG basta preencher o formul\u00e1rio e enviar para o email ANUIDADE@SENGEMG.COM.BR, junto com a declara\u00e7\u00e3o com a previs\u00e3o de conclus\u00e3o do curso emitida pela faculdade.<br>O associado receber\u00e1 todas as vantagens que passa a ter direito ap\u00f3s a associa\u00e7\u00e3o.<\/p>\n\n\n\n<div class=\"wp-block-buttons is-layout-flex wp-block-buttons-is-layout-flex\">\n<div class=\"wp-block-button\"><a class=\"wp-block-button__link has-very-light-gray-color has-vivid-cyan-blue-background-color has-text-color has-background\" href=\"https:\/\/sengemg.clkaqui.com.br\/wp-content\/uploads\/2024\/05\/Ficha-de-socio-Estudante-Novo-Modelo.pdf\" target=\"_blank\" rel=\"noreferrer noopener\">Preencha aqui seu formul\u00e1rio<\/a><\/div>\n<\/div>\n\n\n\n<p><\/p>\n","protected":false},"excerpt":{"rendered":"<p>Para se tornar um s\u00f3cio-aspirante do Senge-MG basta preencher o formul\u00e1rio e enviar para o email ANUIDADE@SENGEMG.COM.BR, junto com a declara\u00e7\u00e3o com a previs\u00e3o de conclus\u00e3o do curso emitida pela faculdade.O associado receber\u00e1 todas as vantagens que passa a ter direito ap\u00f3s a associa\u00e7\u00e3o.<\/p>\n","protected":false},"author":2,"featured_media":0,"parent":0,"menu_order":0,"comment_status":"closed","ping_status":"closed","template":"","meta":{"footnotes":""},"class_list":["post-562","page","type-page","status-publish","hentry"],"acf":[],"_links":{"self":[{"href":"https:\/\/sengemg.clkaqui.com.br\/index.php\/wp-json\/wp\/v2\/pages\/562","targetHints":{"allow":["GET"]}}],"collection":[{"href":"https:\/\/sengemg.clkaqui.com.br\/index.php\/wp-json\/wp\/v2\/pages"}],"about":[{"href":"https:\/\/sengemg.clkaqui.com.br\/index.php\/wp-json\/wp\/v2\/types\/page"}],"author":[{"embeddable":true,"href":"https:\/\/sengemg.clkaqui.com.br\/index.php\/wp-json\/wp\/v2\/users\/2"}],"replies":[{"embeddable":true,"href":"https:\/\/sengemg.clkaqui.com.br\/index.php\/wp-json\/wp\/v2\/comments?post=562"}],"version-history":[{"count":9,"href":"https:\/\/sengemg.clkaqui.com.br\/index.php\/wp-json\/wp\/v2\/pages\/562\/revisions"}],"predecessor-version":[{"id":7096,"href":"https:\/\/sengemg.clkaqui.com.br\/index.php\/wp-json\/wp\/v2\/pages\/562\/revisions\/7096"}],"wp:attachment":[{"href":"https:\/\/sengemg.clkaqui.com.br\/index.php\/wp-json\/wp\/v2\/media?parent=562"}],"curies":[{"name":"wp","href":"https:\/\/api.w.org\/{rel}","templated":true}]}}