{"id":589,"date":"2020-01-14T23:42:20","date_gmt":"2020-01-14T20:42:20","guid":{"rendered":"http:\/\/site.sengemg.org.br\/?page_id=589"},"modified":"2020-01-20T16:20:04","modified_gmt":"2020-01-20T13:20:04","slug":"artigos","status":"publish","type":"page","link":"https:\/\/sengemg.clkaqui.com.br\/index.php\/artigos\/","title":{"rendered":"Artigos"},"content":{"rendered":"\n<div class=\"wp-block-columns is-layout-flex wp-container-core-columns-is-layout-1 wp-block-columns-is-layout-flex\">\n<div class=\"wp-block-column is-layout-flow wp-block-column-is-layout-flow\" style=\"flex-basis:29%\">\n<div id='iksm-1073' class='iksm iksm-1073 iksm-container '  data-id='1073' data-is-pro='0' data-source='menu'><div class='iksm-terms'><div class='iksm-terms-tree iksm-terms-tree--level-1 iksm-terms-tree--parents' style=''><div class=\"iksm-terms-tree__inner\">\n        <div class=\"iksm-term iksm-term--id-1069 iksm-term--parent\" data-id=\"1069\">\n            <div class=\"iksm-term__inner\" tabindex='0'>\n                <a class=\"iksm-term__link\" href='https:\/\/sengemg.clkaqui.com.br\/index.php\/o-que-e-coletivo-de-mulheres\/' target='_self' tabindex='-1'>\n\t\t\t\t\t        <span class=\"iksm-term__text\">O que \u00e9 Coletivo de Mulheres<\/span>\n\t\t                <\/a>\n\t\t\t\t            <\/div>\n\t\t\t        <\/div>\n\n\t\t\n        <div class=\"iksm-term iksm-term--id-1071 iksm-term--parent\" data-id=\"1071\">\n            <div class=\"iksm-term__inner\" tabindex='0'>\n                <a class=\"iksm-term__link\" href='https:\/\/sengemg.clkaqui.com.br\/index.php\/como-participar\/' target='_self' tabindex='-1'>\n\t\t\t\t\t        <span class=\"iksm-term__text\">Como Participar<\/span>\n\t\t                <\/a>\n\t\t\t\t            <\/div>\n\t\t\t        <\/div>\n\n\t\t\n        <div class=\"iksm-term iksm-term--id-1072 iksm-term--parent\" data-id=\"1072\">\n            <div class=\"iksm-term__inner\" tabindex='0'>\n                <a class=\"iksm-term__link\" href='https:\/\/sengemg.clkaqui.com.br\/index.php\/artigos\/' target='_self' tabindex='-1'>\n\t\t\t\t\t        <span class=\"iksm-term__text\">Artigos<\/span>\n\t\t                <\/a>\n\t\t\t\t            <\/div>\n\t\t\t        <\/div>\n\n\t\t\n        <div class=\"iksm-term iksm-term--id-1070 iksm-term--parent\" data-id=\"1070\">\n            <div class=\"iksm-term__inner\" tabindex='0'>\n                <a class=\"iksm-term__link\" href='https:\/\/sengemg.clkaqui.com.br\/index.php\/noticias\/' target='_self' tabindex='-1'>\n\t\t\t\t\t        <span class=\"iksm-term__text\">Not\u00edcias Coletivo de Mulheres<\/span>\n\t\t                <\/a>\n\t\t\t\t            <\/div>\n\t\t\t        <\/div>\n\n\t\t<\/div><\/div><\/div><div id=\"iksm_data_args\" class=\"data-args\"  data-collapse_children_terms='1' data-collapse_other_terms='1' data-collapse_animation_duration='400' data-expand_animation_duration='400'><\/div><\/div><script id=\"styles-copier-6a00b7b3a71b0\">\n\t\t\t\/\/ Finding styles element\n\t        var element = document.getElementById(\"iksm-dynamic-style\");\n\t        if (!element) { \/\/ If no element (Cache plugins can remove tag), then creating a new one\n                element = document.createElement('style');\n                var head = document.getElementsByTagName(\"head\")\n                if (head && head[0]) {\n                \thead[0].appendChild(element);\n                } else {\n                  \tconsole.warn(\"Iks Menu | Error while printing styles. Please contact technical support.\");\n                }\n\t        }\n\t\t\t\/\/ Copying styles to <styles> tag\n\t        element.innerHTML += \".iksm-1073 .iksm-terms{background-color:rgba(112,112,112,1);transition:all 400ms;animation:iks-fade-in 1000ms;}.iksm-1073 .iksm-term__inner{background-color:rgba(92,104,141,1);min-height:44px;transition:all 400ms;}.iksm-1073 .iksm-term__inner:hover{background-color:rgba(236,236,236,1);}.iksm-1073 .iksm-term--current > .iksm-term__inner{background-color:rgba(212,212,212,1);}.iksm-1073 .iksm-term__link{color:rgba(255,255,255,1);font-size:15px;line-height:15px;font-weight:400;text-decoration:none;padding-top:5px;padding-right:15px;padding-bottom:5px;padding-left:15px;transition:all 400ms;}.iksm-1073 .iksm-term__inner:hover .iksm-term__link{color:rgba(50,50,50,1);}.iksm-1073 .iksm-term__toggle__inner{transition:transform 400ms}.iksm-1073 .iksm-term--expanded > .iksm-term__inner > .iksm-term__toggle > .iksm-term__toggle__inner{transform:rotate(180deg);}.iksm-1073 .iksm-term__toggle{color:rgba(133,133,133,1);font-size:22px;align-self:stretch;height:unset;;width:40px;transition:all 400ms;}.iksm-1073 .iksm-term__toggle:hover{color:rgba(0,0,0,1);}.iksm-1073 .iksm-term__image-container{width:30px;min-width:30px;height:30px;min-height:30px;margin-right:15px;transition:all 400ms;}.iksm-1073 .iksm-term__image{background-size:contain;background-position:center;background-repeat:no-repeat;}.iksm-1073 .iksm-term__image-container:hover{background-size:contain;background-position:center;background-repeat:no-repeat;}.iksm-1073 .iksm-term__inner:hover .iksm-term__image-container{background-size:contain;background-position:center;background-repeat:no-repeat;}.iksm-1073 .iksm-term__inner:focus .iksm-term__image-container{background-size:contain;background-position:center;background-repeat:no-repeat;}.iksm-1073 .iksm-term--current > .iksm-term__inner .iksm-term__image-container{background-size:contain;background-position:center;background-repeat:no-repeat;}.iksm-1073 .iksm-term--child .iksm-term__inner .iksm-term__image-container{background-size:contain;background-position:center;background-repeat:no-repeat;}.iksm-1073 .iksm-term--child .iksm-term__inner .iksm-term__image-container:hover{background-size:contain;background-position:center;background-repeat:no-repeat;}.iksm-1073 .iksm-term--child .iksm-term__inner .iksm-term__image-container:focus{background-size:contain;background-position:center;background-repeat:no-repeat;}.iksm-1073 .iksm-term--child.iksm-term--current > .iksm-term__inner .iksm-term__image-container{background-size:contain;background-position:center;background-repeat:no-repeat;}.iksm-1073  .iksm-term__text{flex: unset}.iksm-1073 .iksm-term__posts-count{color:rgba(133,133,133,1);font-size:16px;margin-left:12px;font-weight:400;transition:all 400ms;}\";\n\t        \/\/ Removing this script\n            var this_script = document.getElementById(\"styles-copier-6a00b7b3a71b0\");\n            if (this_script) { \/\/ Cache plugins can remove tag\n\t            this_script.outerHTML = \"\";\n\t            if (this_script.parentNode) {\n\t                this_script.parentNode.removeChild(this_script);\n\t            }\n            }\n        <\/script>\n<\/div>\n\n\n\n<div class=\"wp-block-column is-layout-flow wp-block-column-is-layout-flow\" style=\"flex-basis:71%\">\n<h2 class=\"wp-block-heading\">Onde Est\u00e3o as Engenheiras?<\/h2>\n\n\n\n<p class=\"has-text-align-right\">Por Simone Ba\u00eda*&nbsp;<\/p>\n\n\n\n<p>Desde a inf\u00e2ncia, n\u00f3s, mulheres, ouvimos que matem\u00e1tica \u201cn\u00e3o \u00e9 coisa de menina\u201d. Este pensamento afasta meninas e mulheres da ci\u00eancia e das \u00e1reas de exatas. Isso acontece porque vivemos em uma sociedade patriarcal, que enquadra as mulheres em posi\u00e7\u00f5es secund\u00e1rias. Na engenharia, uma \u00e1rea ainda predominantemente masculina, a situa\u00e7\u00e3o pouco muda. A maioria dos alunos e professores ainda \u00e9 de homens nas universidades, assim como na ocupa\u00e7\u00e3o dos espa\u00e7os de poder e cargos de chefia no mercado de trabalho. Mas estamos avan\u00e7ando e o n\u00famero de mulheres engenheiras formadas tem aumentado consideravelmente nos \u00faltimos anos. Na Universidade de Dartmouth (EUA), entre os formandos do curso de engenharia este ano, 54% s\u00e3o mulheres. Este \u00e9 um marco hist\u00f3rico, pois, pela primeira vez, um curso de engenharia nos EUA forma mais mulheres do que homens.<\/p>\n<\/div>\n<\/div>\n\n\n\n<p>No Brasil, dados da \u00faltima Pesquisa Nacional por Amostra de Domic\u00edlio, divulgada pelo IBGE em 2013, revelam que as mulheres s\u00e3o maioria da popula\u00e7\u00e3o, equivalente a 51,4%. Em Minas Gerais, a pesquisa \u201cPerfil da Mulher Mineira\u201d, realizada pelo Dieese e Senge-MG, apontou que algumas especialidades da engenharia apresentam uma diferen\u00e7a de quase 30% nos sal\u00e1rios. De acordo com o levantamento, a \u00fanica especialidade em que as engenheiras ganham sal\u00e1rios maiores \u00e9 na Engenharia de Agrimensura. Na Engenharia Civil, por exemplo, as engenheiras recebem, em m\u00e9dia, 8,5% a menos do que os engenheiros. J\u00e1 na Engenharia Qu\u00edmica, o sal\u00e1rio das engenheiras \u00e9, em m\u00e9dia, 29% menor do que o sal\u00e1rio dos engenheiros.<\/p>\n\n\n\n<p>A luta por igualdade de direitos tamb\u00e9m come\u00e7a na organiza\u00e7\u00e3o da classe trabalhadora. Isso significa transversalizar a quest\u00e3o de g\u00eanero no movimento sindical. Para isso, os sindicatos precisam promover pol\u00edticas de acolhimento \u00e0s mulheres, debates e forma\u00e7\u00e3o. Uma entidade inclusiva precisa pensar em creches e espa\u00e7os recreativos para os filhos das m\u00e3es trabalhadoras, nos hor\u00e1rios das reuni\u00f5es, cl\u00e1usulas espec\u00edficas nos Acordos e Conven\u00e7\u00f5es Coletivas de Trabalho e em representatividade. Estas pol\u00edticas constroem pertencimento e identidade. As mulheres se reconhecem nos espa\u00e7os pol\u00edticos, se empoderam e ocupam os espa\u00e7os. \u00c9 fundamental que os sindicatos incluam em seus estatutos secretarias\/diretorias espec\u00edficas sobre g\u00eanero e tamb\u00e9m tenham o compromisso de eleger mulheres em suas diretorias com o esfor\u00e7o permanente de aproxim\u00e1-las do movimento sindical. No final do ano passado, o 12\u00ba Congresso Nacional da Central \u00danica dos Trabalhadores (CONCUT) consolidou a paridade na composi\u00e7\u00e3o da dire\u00e7\u00e3o.<\/p>\n\n\n\n<p>Se caminharmos em dire\u00e7\u00e3o ao acolhimento, ao respeito \u00e0s identidades e ao pertencimento, chegaremos \u00e0 resposta do t\u00edtulo. Onde est\u00e3o as engenheiras? Em todos os espa\u00e7os. E seguiremos lutando pela igualdade de direitos.<\/p>\n\n\n\n<p>*Simone Ba\u00eda \u00e9 engenheira qu\u00edmica e diretora da mulher da Federa\u00e7\u00e3o Interestadual de Sindicatos de Engenheiros (Fisenge)<\/p>\n\n\n\n<figure class=\"wp-block-image\"><img decoding=\"async\" src=\"https:\/\/sengemg.clkaqui.com.br\/images\/galeria\/noticias\/coletivo_mulheres\/11-08-2016_simone_baia.png\" alt=\"\"\/><\/figure>\n\n\n\n<p>(Foto: Fabio Caffe)<\/p>\n","protected":false},"excerpt":{"rendered":"<p>Onde Est\u00e3o as Engenheiras? Por Simone Ba\u00eda*&nbsp; Desde a inf\u00e2ncia, n\u00f3s, mulheres, ouvimos que matem\u00e1tica \u201cn\u00e3o \u00e9 coisa de menina\u201d. Este pensamento afasta meninas e mulheres da ci\u00eancia e das \u00e1reas de exatas. Isso acontece porque vivemos em uma sociedade patriarcal, que enquadra as mulheres em posi\u00e7\u00f5es secund\u00e1rias. Na engenharia, uma \u00e1rea ainda predominantemente masculina, [&#8230;]\n","protected":false},"author":2,"featured_media":0,"parent":0,"menu_order":0,"comment_status":"closed","ping_status":"closed","template":"","meta":{"footnotes":""},"class_list":["post-589","page","type-page","status-publish","hentry"],"acf":[],"_links":{"self":[{"href":"https:\/\/sengemg.clkaqui.com.br\/index.php\/wp-json\/wp\/v2\/pages\/589","targetHints":{"allow":["GET"]}}],"collection":[{"href":"https:\/\/sengemg.clkaqui.com.br\/index.php\/wp-json\/wp\/v2\/pages"}],"about":[{"href":"https:\/\/sengemg.clkaqui.com.br\/index.php\/wp-json\/wp\/v2\/types\/page"}],"author":[{"embeddable":true,"href":"https:\/\/sengemg.clkaqui.com.br\/index.php\/wp-json\/wp\/v2\/users\/2"}],"replies":[{"embeddable":true,"href":"https:\/\/sengemg.clkaqui.com.br\/index.php\/wp-json\/wp\/v2\/comments?post=589"}],"version-history":[{"count":4,"href":"https:\/\/sengemg.clkaqui.com.br\/index.php\/wp-json\/wp\/v2\/pages\/589\/revisions"}],"predecessor-version":[{"id":1077,"href":"https:\/\/sengemg.clkaqui.com.br\/index.php\/wp-json\/wp\/v2\/pages\/589\/revisions\/1077"}],"wp:attachment":[{"href":"https:\/\/sengemg.clkaqui.com.br\/index.php\/wp-json\/wp\/v2\/media?parent=589"}],"curies":[{"name":"wp","href":"https:\/\/api.w.org\/{rel}","templated":true}]}}