{"id":63,"date":"2019-11-28T21:12:27","date_gmt":"2019-11-28T18:12:27","guid":{"rendered":"http:\/\/site.sengemg.org.br\/?page_id=63"},"modified":"2020-01-18T08:16:19","modified_gmt":"2020-01-18T05:16:19","slug":"quem-somos","status":"publish","type":"page","link":"https:\/\/sengemg.clkaqui.com.br\/index.php\/o-sindicato\/quem-somos\/","title":{"rendered":"Quem Somos"},"content":{"rendered":"\n\n\n<p>O Sindicato de Engenheiros no Estado de Minas Gerais \u00e9 uma entidade aut\u00f4noma, desvinculada do Estado, sem fins lucrativos, constitu\u00edda para fins de coordena\u00e7\u00e3o, defesa e representa\u00e7\u00e3o dos engenheiros e engenheiras, na base territorial compreendida pelo Estado de Minas Gerais.<br><br><strong>MISS\u00c3O<\/strong><br><br>Acolher, articular e expressar o conjunto de reivindica\u00e7\u00f5es e aspira\u00e7\u00f5es profissionais, visando melhoria das condi\u00e7\u00f5es de vida e trabalho de seus representados, a consolida\u00e7\u00e3o dos sindicatos como institui\u00e7\u00f5es sociais e pol\u00edticas livres e aut\u00f4nomas, e o fortalecimento da participa\u00e7\u00e3o democr\u00e1tica das classes trabalhadoras e suas rela\u00e7\u00f5es com outras classes e setores da sociedade brasileira e com o Estado.<br><br><strong>VIS\u00c3O<\/strong><br><br>Ser refer\u00eancia nacional na defesa da Engenharia sustent\u00e1vel e dos interesses dos engenheiros e engenheiras, seja nas quest\u00f5es trabalhistas, seja na sua inser\u00e7\u00e3o social.<br><br><strong>A\u00c7\u00d5ES QUE DESENVOLVE<\/strong><\/p>\n\n\n\n<ul class=\"wp-block-list\"><li>Defende os direitos e interesses individuais ou coletivos da categoria, inclusive como substituto processual em quest\u00f5es judiciais e administrativas.<\/li><li>Celebra acordos, conven\u00e7\u00f5es e contratos coletivos de trabalho, suscita diss\u00eddio coletivo de trabalho e protestos judiciais.<\/li><li>Representa a categoria em congressos, confer\u00eancias e encontros de qualquer natureza, e perante autoridades administrativas e judiciais.<\/li><li>Promove e estimula a organiza\u00e7\u00e3o dos engenheiros nos locais de trabalho e regi\u00f5es.<\/li><li>Desenvolve atividades na consecu\u00e7\u00e3o de solu\u00e7\u00f5es para os problemas de interesse dos profissionais representados, inseridos no contexto do interesse geral da sociedade.<\/li><li>Promove ampla e ativa solidariedade com as demais categorias de trabalhadores.<\/li><li>Luta pela defesa das liberdades individuais e coletivas, pelo respeito \u00e0 justi\u00e7a social e aos direitos fundamentais do homem;<\/li><\/ul>\n\n\n\n<p><strong>ORGANIZA\u00c7\u00c3O<\/strong><br><br>Os \u00f3rg\u00e3os que comp\u00f5em a dire\u00e7\u00e3o e administra\u00e7\u00e3o do Senge-MG s\u00e3o a Assembleia, Geral, o Conselho Diretor, as diretorias Executiva, Departamentais e Regionais e os delegados ou representantes sindicais por empresa, al\u00e9m do Conselho Fiscal. As diretorias e o Conselho Fiscal s\u00e3o eleitos pelos s\u00f3cios do sindicato a cada tr\u00eas anos. Hoje, a atua\u00e7\u00e3o do Sindicato no estado est\u00e1 estruturada atrav\u00e9s de sete diretorias regionais &#8211; Campo das Vertentes, Centro, Norte e Nordeste, Tri\u00e2ngulo, Sul, Vale do A\u00e7o e Zona da Mata &#8211; que articulam, mobilizam e oferecem apoio aos profissionais em todo o territ\u00f3rio de Minas Gerais. O Sindicato possui sede pr\u00f3pria em Belo Horizonte, Juiz de Fora e Montes Claros.<br><br><strong>ATUA\u00c7\u00c3O SINDICAL<\/strong><br><br>O Senge-MG pauta a sua atua\u00e7\u00e3o pela defesa firme e corajosa dos engenheiros e da engenharia nacional. Neste sentido est\u00e1 presente em todos os f\u00f3runs estaduais e nacionais, levando a sua posi\u00e7\u00e3o por um sindicalismo moderno e adequado a estes novos tempos, mas que respeite a pluralidade e preserve a capacidade e a liberdade de organiza\u00e7\u00e3o dos trabalhadores, bem como as suas conquistas hist\u00f3ricas. O Sindicato \u00e9 filiado \u00e0 Central \u00danica dos Trabalhadores (CUT) e associado ao Departamento Intersindical de Estat\u00edsticas e Estudos Socioecon\u00f4micos (DIEESE). Participa, tamb\u00e9m, do Col\u00e9gio de Entidades do Crea-MG.<\/p>\n","protected":false},"excerpt":{"rendered":"<p>O Sindicato de Engenheiros no Estado de Minas Gerais \u00e9 uma entidade aut\u00f4noma, desvinculada do Estado, sem fins lucrativos, constitu\u00edda para fins de coordena\u00e7\u00e3o, defesa e representa\u00e7\u00e3o dos engenheiros e engenheiras, na base territorial compreendida pelo Estado de Minas Gerais. MISS\u00c3O Acolher, articular e expressar o conjunto de reivindica\u00e7\u00f5es e aspira\u00e7\u00f5es profissionais, visando melhoria das [&#8230;]\n","protected":false},"author":2,"featured_media":0,"parent":35,"menu_order":0,"comment_status":"closed","ping_status":"closed","template":"","meta":{"footnotes":""},"class_list":["post-63","page","type-page","status-publish","hentry"],"acf":[],"_links":{"self":[{"href":"https:\/\/sengemg.clkaqui.com.br\/index.php\/wp-json\/wp\/v2\/pages\/63","targetHints":{"allow":["GET"]}}],"collection":[{"href":"https:\/\/sengemg.clkaqui.com.br\/index.php\/wp-json\/wp\/v2\/pages"}],"about":[{"href":"https:\/\/sengemg.clkaqui.com.br\/index.php\/wp-json\/wp\/v2\/types\/page"}],"author":[{"embeddable":true,"href":"https:\/\/sengemg.clkaqui.com.br\/index.php\/wp-json\/wp\/v2\/users\/2"}],"replies":[{"embeddable":true,"href":"https:\/\/sengemg.clkaqui.com.br\/index.php\/wp-json\/wp\/v2\/comments?post=63"}],"version-history":[{"count":5,"href":"https:\/\/sengemg.clkaqui.com.br\/index.php\/wp-json\/wp\/v2\/pages\/63\/revisions"}],"predecessor-version":[{"id":1059,"href":"https:\/\/sengemg.clkaqui.com.br\/index.php\/wp-json\/wp\/v2\/pages\/63\/revisions\/1059"}],"up":[{"embeddable":true,"href":"https:\/\/sengemg.clkaqui.com.br\/index.php\/wp-json\/wp\/v2\/pages\/35"}],"wp:attachment":[{"href":"https:\/\/sengemg.clkaqui.com.br\/index.php\/wp-json\/wp\/v2\/media?parent=63"}],"curies":[{"name":"wp","href":"https:\/\/api.w.org\/{rel}","templated":true}]}}