{"id":692,"date":"2020-01-15T17:51:41","date_gmt":"2020-01-15T14:51:41","guid":{"rendered":"http:\/\/site.sengemg.org.br\/?page_id=692"},"modified":"2021-01-14T20:10:25","modified_gmt":"2021-01-14T17:10:25","slug":"acao-sm-copasa","status":"publish","type":"page","link":"https:\/\/sengemg.clkaqui.com.br\/index.php\/acao-sm-copasa\/","title":{"rendered":"A\u00e7\u00e3o SM Copasa"},"content":{"rendered":"\n\n\n<h2 class=\"has-text-align-center wp-block-heading\">Autoriza\u00e7\u00e3o de Desconto em Folha COPASA<\/h2>\n\n\n\n<div class=\"wp-block-file aligncenter\"><a href=\"https:\/\/sengemg.clkaqui.com.br\/wp-content\/uploads\/2020\/01\/Autorizacao_desconto_copasa.doc\">Autorizacao_desconto_copasa<\/a><a href=\"https:\/\/sengemg.clkaqui.com.br\/wp-content\/uploads\/2020\/01\/Autorizacao_desconto_copasa.doc\" class=\"wp-block-file__button\" download>Baixar<\/a><\/div>\n\n\n\n<div style=\"height:100px\" aria-hidden=\"true\" class=\"wp-block-spacer\"><\/div>\n\n\n\n<h2 class=\"has-text-align-center wp-block-heading\">Lista de Substitu\u00eddos COPASA<\/h2>\n\n\n\n<div class=\"wp-block-file aligncenter\"><a href=\"https:\/\/sengemg.clkaqui.com.br\/wp-content\/uploads\/2020\/01\/lista_substituidos_copasa.xls\">lista_substituidos_copasa<\/a><a href=\"https:\/\/sengemg.clkaqui.com.br\/wp-content\/uploads\/2020\/01\/lista_substituidos_copasa.xls\" class=\"wp-block-file__button\" download>Baixar<\/a><\/div>\n\n\n\n<div style=\"height:100px\" aria-hidden=\"true\" class=\"wp-block-spacer\"><\/div>\n\n\n\n<div class=\"wp-block-button aligncenter\"><a class=\"wp-block-button__link has-background\" href=\"https:\/\/sengemg.clkaqui.com.br\/index.php\/fique-socio\/\" style=\"background-color:#1b7b57\">Fique S\u00f3cio<\/a><\/div>\n","protected":false},"excerpt":{"rendered":"<p>Autoriza\u00e7\u00e3o de Desconto em Folha COPASA Autorizacao_desconto_copasaBaixar Lista de Substitu\u00eddos COPASA<\/p>\n","protected":false},"author":2,"featured_media":0,"parent":0,"menu_order":0,"comment_status":"closed","ping_status":"closed","template":"","meta":{"footnotes":""},"class_list":["post-692","page","type-page","status-publish","hentry"],"acf":[],"_links":{"self":[{"href":"https:\/\/sengemg.clkaqui.com.br\/index.php\/wp-json\/wp\/v2\/pages\/692","targetHints":{"allow":["GET"]}}],"collection":[{"href":"https:\/\/sengemg.clkaqui.com.br\/index.php\/wp-json\/wp\/v2\/pages"}],"about":[{"href":"https:\/\/sengemg.clkaqui.com.br\/index.php\/wp-json\/wp\/v2\/types\/page"}],"author":[{"embeddable":true,"href":"https:\/\/sengemg.clkaqui.com.br\/index.php\/wp-json\/wp\/v2\/users\/2"}],"replies":[{"embeddable":true,"href":"https:\/\/sengemg.clkaqui.com.br\/index.php\/wp-json\/wp\/v2\/comments?post=692"}],"version-history":[{"count":7,"href":"https:\/\/sengemg.clkaqui.com.br\/index.php\/wp-json\/wp\/v2\/pages\/692\/revisions"}],"predecessor-version":[{"id":3033,"href":"https:\/\/sengemg.clkaqui.com.br\/index.php\/wp-json\/wp\/v2\/pages\/692\/revisions\/3033"}],"wp:attachment":[{"href":"https:\/\/sengemg.clkaqui.com.br\/index.php\/wp-json\/wp\/v2\/media?parent=692"}],"curies":[{"name":"wp","href":"https:\/\/api.w.org\/{rel}","templated":true}]}}