{"id":695,"date":"2020-01-15T17:51:41","date_gmt":"2020-01-15T14:51:41","guid":{"rendered":"http:\/\/site.sengemg.org.br\/?page_id=695"},"modified":"2020-05-21T07:46:16","modified_gmt":"2020-05-21T04:46:16","slug":"acompanhe-seu-processo","status":"publish","type":"page","link":"https:\/\/sengemg.clkaqui.com.br\/index.php\/acompanhe-seu-processo\/","title":{"rendered":"Acompanhe Seu processo"},"content":{"rendered":"\n\n\n<h1 class=\"wp-block-heading\"><canvas width=\"72\" height=\"41\"><\/canvas><canvas width=\"108\" height=\"41\"><\/canvas><canvas width=\"191\" height=\"41\"><\/canvas><\/h1>\n\n\n\n<p class=\"has-text-align-center\"><strong>A\u00e7\u00f5es do FGTS &#8211; INSS<\/strong><\/p>\n\n\n\n<p class=\"has-text-align-center\">Tribunal Regional Federal da 1\u00ba Regi\u00e3o<br><a href=\"http:\/\/www.trf1.jus.br\/\" target=\"_blank\" rel=\"noreferrer noopener\">www.trf1.jus.br<\/a><\/p>\n\n\n\n<p class=\"has-text-align-center\">Superior Tribunal de Justi\u00e7a<br><a href=\"http:\/\/www.stj.jus.br\/\" target=\"_blank\" rel=\"noreferrer noopener\">www.stj.jus.br<\/a><\/p>\n\n\n\n<p class=\"has-text-align-center\">Supremo Tribunal Federal<br><a href=\"http:\/\/www.stf.jus.br\/\" target=\"_blank\" rel=\"noreferrer noopener\">www.stf.jus.br<\/a><\/p>\n\n\n\n<p class=\"has-text-align-center\"><strong>A\u00e7\u00f5es Trabalhistas<\/strong><\/p>\n\n\n\n<p class=\"has-text-align-center\">Tribunal Regional do Trabalho 3\u00ba Regi\u00e3o<br><a href=\"http:\/\/www.trt3.jus.br\/\" target=\"_blank\" rel=\"noreferrer noopener\">www.trt3.jus.br<\/a><\/p>\n\n\n\n<p class=\"has-text-align-center\">Tribunal Superior do Trabalho<br><a href=\"http:\/\/www.tst.jus.br\/\" target=\"_blank\" rel=\"noreferrer noopener\">www.tst.jus.br<\/a><\/p>\n\n\n\n<p class=\"has-text-align-center\">Supremo Tribunal Federal<br><a href=\"http:\/\/www.stf.jus.br\/\" target=\"_blank\" rel=\"noreferrer noopener\">www.stf.jus.br<\/a><\/p>\n","protected":false},"excerpt":{"rendered":"<p>A\u00e7\u00f5es do FGTS &#8211; INSS Tribunal Regional Federal da 1\u00ba Regi\u00e3owww.trf1.jus.br Superior Tribunal de Justi\u00e7awww.stj.jus.br Supremo Tribunal Federalwww.stf.jus.br A\u00e7\u00f5es Trabalhistas Tribunal Regional do Trabalho 3\u00ba Regi\u00e3owww.trt3.jus.br Tribunal Superior do Trabalhowww.tst.jus.br Supremo Tribunal Federalwww.stf.jus.br<\/p>\n","protected":false},"author":2,"featured_media":0,"parent":0,"menu_order":0,"comment_status":"closed","ping_status":"closed","template":"","meta":{"footnotes":""},"class_list":["post-695","page","type-page","status-publish","hentry"],"acf":[],"_links":{"self":[{"href":"https:\/\/sengemg.clkaqui.com.br\/index.php\/wp-json\/wp\/v2\/pages\/695","targetHints":{"allow":["GET"]}}],"collection":[{"href":"https:\/\/sengemg.clkaqui.com.br\/index.php\/wp-json\/wp\/v2\/pages"}],"about":[{"href":"https:\/\/sengemg.clkaqui.com.br\/index.php\/wp-json\/wp\/v2\/types\/page"}],"author":[{"embeddable":true,"href":"https:\/\/sengemg.clkaqui.com.br\/index.php\/wp-json\/wp\/v2\/users\/2"}],"replies":[{"embeddable":true,"href":"https:\/\/sengemg.clkaqui.com.br\/index.php\/wp-json\/wp\/v2\/comments?post=695"}],"version-history":[{"count":5,"href":"https:\/\/sengemg.clkaqui.com.br\/index.php\/wp-json\/wp\/v2\/pages\/695\/revisions"}],"predecessor-version":[{"id":1395,"href":"https:\/\/sengemg.clkaqui.com.br\/index.php\/wp-json\/wp\/v2\/pages\/695\/revisions\/1395"}],"wp:attachment":[{"href":"https:\/\/sengemg.clkaqui.com.br\/index.php\/wp-json\/wp\/v2\/media?parent=695"}],"curies":[{"name":"wp","href":"https:\/\/api.w.org\/{rel}","templated":true}]}}