{"id":696,"date":"2020-01-15T17:51:41","date_gmt":"2020-01-15T14:51:41","guid":{"rendered":"http:\/\/site.sengemg.org.br\/?page_id=696"},"modified":"2020-05-21T07:47:46","modified_gmt":"2020-05-21T04:47:46","slug":"homologacao-trabalhista","status":"publish","type":"page","link":"https:\/\/sengemg.clkaqui.com.br\/index.php\/homologacao-trabalhista\/","title":{"rendered":"Homologa\u00e7\u00e3o Trabalhista"},"content":{"rendered":"\n\n\n<p><strong>O que \u00e9?<\/strong><\/p>\n\n\n\n<p>O servi\u00e7o de Homologa\u00e7\u00e3o Trabalhista consiste na revis\u00e3o e confer\u00eacnia, feita pelo Sindicato, dos valores que o empregado deve receber do empregador, caso haja rescis\u00e3o de contrato. Este servi\u00e7o \u00e9 respons\u00e1vel por garantir que o empregado receber\u00e1 os valores corretos e que as parcelas devidas pelo empregador ser\u00e3o efetivamente pagas. O servi\u00e7o \u00e9 exclusivo para os profissionais da categoria.<\/p>\n\n\n\n<p><strong>Como funciona?<\/strong><\/p>\n\n\n\n<p>O profissional e o empregador devem comparecer juntos ao Sindicato, ap\u00f3s o agendamento de um hor\u00e1rio, para que a confer\u00eancia dos valores devidos possa ser feita. O pagamento das verbas rescis\u00f3rias deve ser feito em cheque, dep\u00f3sito banc\u00e1rio ou dinheiro.<\/p>\n\n\n\n<p><strong>Quando \u00e9 necess\u00e1ria?<\/strong><\/p>\n\n\n\n<p>A Homologa\u00e7\u00e3o \u00e9 obrigat\u00f3ria nas rescis\u00f5es de contratos de trabalho firmados h\u00e1 mais de 1 (um) ano, quando o empregado pede demiss\u00e3o ou \u00e9 demitido sem justa causa. No entanto, nada impede que o engenheiro ou engenheira que foi demitido com menos de um ano em carteira de trabalho recorra ao Senge-MG para que os valores sejam conferidos.<\/p>\n\n\n\n<p><strong>Quanto custa?<\/strong><\/p>\n\n\n\n<p>A Homologa\u00e7\u00e3o \u00e9 uma assist\u00eancia gratuita, sendo vedada a cobran\u00e7a de qualquer taxa ou encargo pela presta\u00e7\u00e3o da assist\u00eancia na rescis\u00e3o do contrato de trabalho.<\/p>\n\n\n\n<p><strong>Quais documentos s\u00e3o necess\u00e1rios?<\/strong><\/p>\n\n\n\n<p>\u2022 Ficha de registro ou livro<br>\u2022 Aviso pr\u00e9vio<br>\u2022 Rescis\u00e3o em 5 (cinco) vias<br>\u2022 Carteira profissional atualizada<br>\u2022 Extrato de FGTS para fins rescis\u00f3rios<br>\u2022 Atestado m\u00e9dico demissional<br>\u2022 Seguro desemprego<br>\u2022 C\u00f3pia da GRFC (paga)<br>\u2022 PPP \u2013 Perfil Profissiogr\u00e1fico Previdenci\u00e1rio<br>\u2022 Chave de controle para saque de FGTS na conectividade<br>\u2022 Cheque administrativo, moeda corrente ou comprovante de dep\u00f3sito<br>\u2022 Carta preposto<\/p>\n\n\n\n<p><strong>Agendamento<\/strong><\/p>\n\n\n\n<p>O agendamento de data e hor\u00e1rio para realiza\u00e7\u00e3o da Homologa\u00e7\u00e3o deve ser feito pelo site do Senge-MG, no link:&nbsp;<a href=\"https:\/\/sengemg.clkaqui.com.br\/servicos\/index.php?ui=MQ==\" target=\"_blank\" rel=\"noreferrer noopener\">Jur\u00eddico \/ Agende seu Atendimento ou Servi\u00e7os \/ Agende seu Atendimento<\/a><\/p>\n","protected":false},"excerpt":{"rendered":"<p>O que \u00e9? O servi\u00e7o de Homologa\u00e7\u00e3o Trabalhista consiste na revis\u00e3o e confer\u00eacnia, feita pelo Sindicato, dos valores que o empregado deve receber do empregador, caso haja rescis\u00e3o de contrato. Este servi\u00e7o \u00e9 respons\u00e1vel por garantir que o empregado receber\u00e1 os valores corretos e que as parcelas devidas pelo empregador ser\u00e3o efetivamente pagas. O servi\u00e7o [&#8230;]\n","protected":false},"author":2,"featured_media":0,"parent":0,"menu_order":0,"comment_status":"closed","ping_status":"closed","template":"","meta":{"footnotes":""},"class_list":["post-696","page","type-page","status-publish","hentry"],"acf":[],"_links":{"self":[{"href":"https:\/\/sengemg.clkaqui.com.br\/index.php\/wp-json\/wp\/v2\/pages\/696","targetHints":{"allow":["GET"]}}],"collection":[{"href":"https:\/\/sengemg.clkaqui.com.br\/index.php\/wp-json\/wp\/v2\/pages"}],"about":[{"href":"https:\/\/sengemg.clkaqui.com.br\/index.php\/wp-json\/wp\/v2\/types\/page"}],"author":[{"embeddable":true,"href":"https:\/\/sengemg.clkaqui.com.br\/index.php\/wp-json\/wp\/v2\/users\/2"}],"replies":[{"embeddable":true,"href":"https:\/\/sengemg.clkaqui.com.br\/index.php\/wp-json\/wp\/v2\/comments?post=696"}],"version-history":[{"count":3,"href":"https:\/\/sengemg.clkaqui.com.br\/index.php\/wp-json\/wp\/v2\/pages\/696\/revisions"}],"predecessor-version":[{"id":1397,"href":"https:\/\/sengemg.clkaqui.com.br\/index.php\/wp-json\/wp\/v2\/pages\/696\/revisions\/1397"}],"wp:attachment":[{"href":"https:\/\/sengemg.clkaqui.com.br\/index.php\/wp-json\/wp\/v2\/media?parent=696"}],"curies":[{"name":"wp","href":"https:\/\/api.w.org\/{rel}","templated":true}]}}