{"id":721,"date":"2020-01-15T18:02:09","date_gmt":"2020-01-15T15:02:09","guid":{"rendered":"http:\/\/site.sengemg.org.br\/?page_id=721"},"modified":"2020-01-30T16:45:52","modified_gmt":"2020-01-30T13:45:52","slug":"informacoes-sobre-o-smp","status":"publish","type":"page","link":"https:\/\/sengemg.clkaqui.com.br\/index.php\/informacoes-sobre-o-smp\/","title":{"rendered":"Informa\u00e7\u00f5es Sobre o SMP"},"content":{"rendered":"\n\n\n<div class=\"wp-block-columns is-layout-flex wp-container-core-columns-is-layout-1 wp-block-columns-is-layout-flex\">\n<div class=\"wp-block-column is-layout-flow wp-block-column-is-layout-flow\" style=\"flex-basis:25%\">\n<div id='iksm-1226' class='iksm iksm-1226 iksm-container '  data-id='1226' data-is-pro='0' data-source='menu'><div class='iksm-terms'><div class='iksm-terms-tree iksm-terms-tree--level-1 iksm-terms-tree--parents' style=''><div class=\"iksm-terms-tree__inner\">\n        <div class=\"iksm-term iksm-term--id-1221 iksm-term--parent\" data-id=\"1221\">\n            <div class=\"iksm-term__inner\" tabindex='0'>\n                <a class=\"iksm-term__link\" href='https:\/\/sengemg.clkaqui.com.br\/index.php\/informacoes-sobre-o-smp\/' target='_self' tabindex='-1'>\n\t\t\t\t\t        <span class=\"iksm-term__text\">Informa\u00e7\u00f5es Sobre o SMP<\/span>\n\t\t                <\/a>\n\t\t\t\t            <\/div>\n\t\t\t        <\/div>\n\n\t\t\n        <div class=\"iksm-term iksm-term--id-1222 iksm-term--parent\" data-id=\"1222\">\n            <div class=\"iksm-term__inner\" tabindex='0'>\n                <a class=\"iksm-term__link\" href='https:\/\/sengemg.clkaqui.com.br\/index.php\/valores-do-smp\/' target='_self' tabindex='-1'>\n\t\t\t\t\t        <span class=\"iksm-term__text\">Valores do SMP<\/span>\n\t\t                <\/a>\n\t\t\t\t            <\/div>\n\t\t\t        <\/div>\n\n\t\t\n        <div class=\"iksm-term iksm-term--id-1223 iksm-term--parent\" data-id=\"1223\">\n            <div class=\"iksm-term__inner\" tabindex='0'>\n                <a class=\"iksm-term__link\" href='https:\/\/sengemg.clkaqui.com.br\/index.php\/lei-4-950-a-66\/' target='_self' tabindex='-1'>\n\t\t\t\t\t        <span class=\"iksm-term__text\">Lei 4.950-A\/66<\/span>\n\t\t                <\/a>\n\t\t\t\t            <\/div>\n\t\t\t        <\/div>\n\n\t\t\n        <div class=\"iksm-term iksm-term--id-1224 iksm-term--parent\" data-id=\"1224\">\n            <div class=\"iksm-term__inner\" tabindex='0'>\n                <a class=\"iksm-term__link\" href='https:\/\/sengemg.clkaqui.com.br\/index.php\/resolucao-confea-no-357\/' target='_self' tabindex='-1'>\n\t\t\t\t\t        <span class=\"iksm-term__text\">Resolu\u00e7\u00e3o CONFEA N\u00ba 357<\/span>\n\t\t                <\/a>\n\t\t\t\t            <\/div>\n\t\t\t        <\/div>\n\n\t\t\n        <div class=\"iksm-term iksm-term--id-1225 iksm-term--parent\" data-id=\"1225\">\n            <div class=\"iksm-term__inner\" tabindex='0'>\n                <a class=\"iksm-term__link\" href='https:\/\/sengemg.clkaqui.com.br\/index.php\/cartilha-salario-minimo-profissional\/' target='_self' tabindex='-1'>\n\t\t\t\t\t        <span class=\"iksm-term__text\">Cartilha Do SMP 2014<\/span>\n\t\t                <\/a>\n\t\t\t\t            <\/div>\n\t\t\t        <\/div>\n\n\t\t<\/div><\/div><\/div><div id=\"iksm_data_args\" class=\"data-args\"  data-collapse_children_terms='1' data-collapse_other_terms='1' data-collapse_animation_duration='400' data-expand_animation_duration='400'><\/div><\/div><script id=\"styles-copier-6a00bbf8b3c45\">\n\t\t\t\/\/ Finding styles element\n\t        var element = document.getElementById(\"iksm-dynamic-style\");\n\t        if (!element) { \/\/ If no element (Cache plugins can remove tag), then creating a new one\n                element = document.createElement('style');\n                var head = document.getElementsByTagName(\"head\")\n                if (head && head[0]) {\n                \thead[0].appendChild(element);\n                } else {\n                  \tconsole.warn(\"Iks Menu | Error while printing styles. Please contact technical support.\");\n                }\n\t        }\n\t\t\t\/\/ Copying styles to <styles> tag\n\t        element.innerHTML += \".iksm-1226 .iksm-terms{background-color:rgba(112,112,112,1);transition:all 400ms;animation:iks-fade-in 1000ms;}.iksm-1226 .iksm-term__inner{background-color:rgba(92,104,141,1);min-height:44px;transition:all 400ms;}.iksm-1226 .iksm-term__inner:hover{background-color:rgba(236,236,236,1);}.iksm-1226 .iksm-term--current > .iksm-term__inner{background-color:rgba(212,212,212,1);}.iksm-1226 .iksm-term__link{color:rgba(255,255,255,1);font-size:15px;line-height:15px;font-weight:400;text-decoration:none;padding-top:5px;padding-right:15px;padding-bottom:5px;padding-left:15px;transition:all 400ms;}.iksm-1226 .iksm-term__inner:hover .iksm-term__link{color:rgba(50,50,50,1);}.iksm-1226 .iksm-term__toggle__inner{transition:transform 400ms}.iksm-1226 .iksm-term--expanded > .iksm-term__inner > .iksm-term__toggle > .iksm-term__toggle__inner{transform:rotate(180deg);}.iksm-1226 .iksm-term__toggle{color:rgba(133,133,133,1);font-size:22px;align-self:stretch;height:unset;;width:40px;transition:all 400ms;}.iksm-1226 .iksm-term__toggle:hover{color:rgba(0,0,0,1);}.iksm-1226 .iksm-term__image-container{width:30px;min-width:30px;height:30px;min-height:30px;margin-right:15px;transition:all 400ms;}.iksm-1226 .iksm-term__image{background-size:contain;background-position:center;background-repeat:no-repeat;}.iksm-1226 .iksm-term__image-container:hover{background-size:contain;background-position:center;background-repeat:no-repeat;}.iksm-1226 .iksm-term__inner:hover .iksm-term__image-container{background-size:contain;background-position:center;background-repeat:no-repeat;}.iksm-1226 .iksm-term__inner:focus .iksm-term__image-container{background-size:contain;background-position:center;background-repeat:no-repeat;}.iksm-1226 .iksm-term--current > .iksm-term__inner .iksm-term__image-container{background-size:contain;background-position:center;background-repeat:no-repeat;}.iksm-1226 .iksm-term--child .iksm-term__inner .iksm-term__image-container{background-size:contain;background-position:center;background-repeat:no-repeat;}.iksm-1226 .iksm-term--child .iksm-term__inner .iksm-term__image-container:hover{background-size:contain;background-position:center;background-repeat:no-repeat;}.iksm-1226 .iksm-term--child .iksm-term__inner .iksm-term__image-container:focus{background-size:contain;background-position:center;background-repeat:no-repeat;}.iksm-1226 .iksm-term--child.iksm-term--current > .iksm-term__inner .iksm-term__image-container{background-size:contain;background-position:center;background-repeat:no-repeat;}.iksm-1226  .iksm-term__text{flex: unset}.iksm-1226 .iksm-term__posts-count{color:rgba(133,133,133,1);font-size:16px;margin-left:12px;font-weight:400;transition:all 400ms;}\";\n\t        \/\/ Removing this script\n            var this_script = document.getElementById(\"styles-copier-6a00bbf8b3c45\");\n            if (this_script) { \/\/ Cache plugins can remove tag\n\t            this_script.outerHTML = \"\";\n\t            if (this_script.parentNode) {\n\t                this_script.parentNode.removeChild(this_script);\n\t            }\n            }\n        <\/script>\n<\/div>\n\n\n\n<div class=\"wp-block-column is-layout-flow wp-block-column-is-layout-flow\" style=\"flex-basis:75%\">\n<p><strong>Uma conquista da categoria<\/strong><\/p>\n\n\n\n<p>O Sal\u00e1rio M\u00ednimo Profissional, uma das principais conquistas da categoria, foi institu\u00eddo pela lei 4950-A\/66, de 22 de abril de 1966. Ela garante aos engenheiros, arquitetos e agr\u00f4nomos um sal\u00e1rio m\u00ednimo proporcional \u00e0 jornada de trabalho e \u00e0 dura\u00e7\u00e3o do curso no qual o profissional graduou-se.<\/p>\n\n\n\n<p>Apesar dos avan\u00e7os, a sua plena aplica\u00e7\u00e3o ainda deixa a desejar, principalmente no setor p\u00fablico, principal respons\u00e1vel pela constru\u00e7\u00e3o da infra-estrutura do pa\u00eds e, portanto, por grande parte dos empregos gerados na \u00e1rea da Engenharia, que resiste em seguir a lei e, em muitos casos, paga sal\u00e1rios aviltantes. O que requer a mobiliza\u00e7\u00e3o permanente da categoria e a vigil\u00e2ncia de suas institui\u00e7\u00f5es representativas.<\/p>\n<\/div>\n<\/div>\n\n\n\n<p>O Senge-MG acredita que o direito a remunera\u00e7\u00e3o adequada e o estabelecimento de carreiras para os profissionais transcedem quest\u00f5es estritamente corporativas. Representam, na verdade, a perspectiva de se construir uma Na\u00e7\u00e3o desenvolvida econ\u00f4mica e socialmente, uma vez que, nenhum pa\u00eds pode prescindir de sua capacita\u00e7\u00e3o no campo tecnol\u00f3gico.<\/p>\n\n\n\n<p>Neste link voc\u00ea encontra a legisla\u00e7\u00e3o referente ao Sal\u00e1rio M\u00ednimo Profissional e a cartilha editada pelo Sindicato que esclarece as principais d\u00favidas normalmente levantadas quanto \u00e0 sua aplicabilidade.\n\n<\/p>\n","protected":false},"excerpt":{"rendered":"<p>Uma conquista da categoria O Sal\u00e1rio M\u00ednimo Profissional, uma das principais conquistas da categoria, foi institu\u00eddo pela lei 4950-A\/66, de 22 de abril de 1966. Ela garante aos engenheiros, arquitetos e agr\u00f4nomos um sal\u00e1rio m\u00ednimo proporcional \u00e0 jornada de trabalho e \u00e0 dura\u00e7\u00e3o do curso no qual o profissional graduou-se. Apesar dos avan\u00e7os, a sua [&#8230;]\n","protected":false},"author":2,"featured_media":0,"parent":0,"menu_order":0,"comment_status":"closed","ping_status":"closed","template":"","meta":{"footnotes":""},"class_list":["post-721","page","type-page","status-publish","hentry"],"acf":[],"_links":{"self":[{"href":"https:\/\/sengemg.clkaqui.com.br\/index.php\/wp-json\/wp\/v2\/pages\/721","targetHints":{"allow":["GET"]}}],"collection":[{"href":"https:\/\/sengemg.clkaqui.com.br\/index.php\/wp-json\/wp\/v2\/pages"}],"about":[{"href":"https:\/\/sengemg.clkaqui.com.br\/index.php\/wp-json\/wp\/v2\/types\/page"}],"author":[{"embeddable":true,"href":"https:\/\/sengemg.clkaqui.com.br\/index.php\/wp-json\/wp\/v2\/users\/2"}],"replies":[{"embeddable":true,"href":"https:\/\/sengemg.clkaqui.com.br\/index.php\/wp-json\/wp\/v2\/comments?post=721"}],"version-history":[{"count":2,"href":"https:\/\/sengemg.clkaqui.com.br\/index.php\/wp-json\/wp\/v2\/pages\/721\/revisions"}],"predecessor-version":[{"id":1227,"href":"https:\/\/sengemg.clkaqui.com.br\/index.php\/wp-json\/wp\/v2\/pages\/721\/revisions\/1227"}],"wp:attachment":[{"href":"https:\/\/sengemg.clkaqui.com.br\/index.php\/wp-json\/wp\/v2\/media?parent=721"}],"curies":[{"name":"wp","href":"https:\/\/api.w.org\/{rel}","templated":true}]}}