{"id":723,"date":"2020-01-15T18:02:09","date_gmt":"2020-01-15T15:02:09","guid":{"rendered":"http:\/\/site.sengemg.org.br\/?page_id=723"},"modified":"2020-01-30T16:48:07","modified_gmt":"2020-01-30T13:48:07","slug":"lei-4-950-a-66","status":"publish","type":"page","link":"https:\/\/sengemg.clkaqui.com.br\/index.php\/lei-4-950-a-66\/","title":{"rendered":"Lei 4.950-A\/66"},"content":{"rendered":"\n\n\n<div class=\"wp-block-columns is-layout-flex wp-container-core-columns-is-layout-1 wp-block-columns-is-layout-flex\">\n<div class=\"wp-block-column is-layout-flow wp-block-column-is-layout-flow\" style=\"flex-basis:30%\">\n<div id='iksm-1226' class='iksm iksm-1226 iksm-container '  data-id='1226' data-is-pro='0' data-source='menu'><div class='iksm-terms'><div class='iksm-terms-tree iksm-terms-tree--level-1 iksm-terms-tree--parents' style=''><div class=\"iksm-terms-tree__inner\">\n        <div class=\"iksm-term iksm-term--id-1221 iksm-term--parent\" data-id=\"1221\">\n            <div class=\"iksm-term__inner\" tabindex='0'>\n                <a class=\"iksm-term__link\" href='https:\/\/sengemg.clkaqui.com.br\/index.php\/informacoes-sobre-o-smp\/' target='_self' tabindex='-1'>\n\t\t\t\t\t        <span class=\"iksm-term__text\">Informa\u00e7\u00f5es Sobre o SMP<\/span>\n\t\t                <\/a>\n\t\t\t\t            <\/div>\n\t\t\t        <\/div>\n\n\t\t\n        <div class=\"iksm-term iksm-term--id-1222 iksm-term--parent\" data-id=\"1222\">\n            <div class=\"iksm-term__inner\" tabindex='0'>\n                <a class=\"iksm-term__link\" href='https:\/\/sengemg.clkaqui.com.br\/index.php\/valores-do-smp\/' target='_self' tabindex='-1'>\n\t\t\t\t\t        <span class=\"iksm-term__text\">Valores do SMP<\/span>\n\t\t                <\/a>\n\t\t\t\t            <\/div>\n\t\t\t        <\/div>\n\n\t\t\n        <div class=\"iksm-term iksm-term--id-1223 iksm-term--parent\" data-id=\"1223\">\n            <div class=\"iksm-term__inner\" tabindex='0'>\n                <a class=\"iksm-term__link\" href='https:\/\/sengemg.clkaqui.com.br\/index.php\/lei-4-950-a-66\/' target='_self' tabindex='-1'>\n\t\t\t\t\t        <span class=\"iksm-term__text\">Lei 4.950-A\/66<\/span>\n\t\t                <\/a>\n\t\t\t\t            <\/div>\n\t\t\t        <\/div>\n\n\t\t\n        <div class=\"iksm-term iksm-term--id-1224 iksm-term--parent\" data-id=\"1224\">\n            <div class=\"iksm-term__inner\" tabindex='0'>\n                <a class=\"iksm-term__link\" href='https:\/\/sengemg.clkaqui.com.br\/index.php\/resolucao-confea-no-357\/' target='_self' tabindex='-1'>\n\t\t\t\t\t        <span class=\"iksm-term__text\">Resolu\u00e7\u00e3o CONFEA N\u00ba 357<\/span>\n\t\t                <\/a>\n\t\t\t\t            <\/div>\n\t\t\t        <\/div>\n\n\t\t\n        <div class=\"iksm-term iksm-term--id-1225 iksm-term--parent\" data-id=\"1225\">\n            <div class=\"iksm-term__inner\" tabindex='0'>\n                <a class=\"iksm-term__link\" href='https:\/\/sengemg.clkaqui.com.br\/index.php\/cartilha-salario-minimo-profissional\/' target='_self' tabindex='-1'>\n\t\t\t\t\t        <span class=\"iksm-term__text\">Cartilha Do SMP 2014<\/span>\n\t\t                <\/a>\n\t\t\t\t            <\/div>\n\t\t\t        <\/div>\n\n\t\t<\/div><\/div><\/div><div id=\"iksm_data_args\" class=\"data-args\"  data-collapse_children_terms='1' data-collapse_other_terms='1' data-collapse_animation_duration='400' data-expand_animation_duration='400'><\/div><\/div><script id=\"styles-copier-6a00c6d63664a\">\n\t\t\t\/\/ Finding styles element\n\t        var element = document.getElementById(\"iksm-dynamic-style\");\n\t        if (!element) { \/\/ If no element (Cache plugins can remove tag), then creating a new one\n                element = document.createElement('style');\n                var head = document.getElementsByTagName(\"head\")\n                if (head && head[0]) {\n                \thead[0].appendChild(element);\n                } else {\n                  \tconsole.warn(\"Iks Menu | Error while printing styles. Please contact technical support.\");\n                }\n\t        }\n\t\t\t\/\/ Copying styles to <styles> tag\n\t        element.innerHTML += \".iksm-1226 .iksm-terms{background-color:rgba(112,112,112,1);transition:all 400ms;animation:iks-fade-in 1000ms;}.iksm-1226 .iksm-term__inner{background-color:rgba(92,104,141,1);min-height:44px;transition:all 400ms;}.iksm-1226 .iksm-term__inner:hover{background-color:rgba(236,236,236,1);}.iksm-1226 .iksm-term--current > .iksm-term__inner{background-color:rgba(212,212,212,1);}.iksm-1226 .iksm-term__link{color:rgba(255,255,255,1);font-size:15px;line-height:15px;font-weight:400;text-decoration:none;padding-top:5px;padding-right:15px;padding-bottom:5px;padding-left:15px;transition:all 400ms;}.iksm-1226 .iksm-term__inner:hover .iksm-term__link{color:rgba(50,50,50,1);}.iksm-1226 .iksm-term__toggle__inner{transition:transform 400ms}.iksm-1226 .iksm-term--expanded > .iksm-term__inner > .iksm-term__toggle > .iksm-term__toggle__inner{transform:rotate(180deg);}.iksm-1226 .iksm-term__toggle{color:rgba(133,133,133,1);font-size:22px;align-self:stretch;height:unset;;width:40px;transition:all 400ms;}.iksm-1226 .iksm-term__toggle:hover{color:rgba(0,0,0,1);}.iksm-1226 .iksm-term__image-container{width:30px;min-width:30px;height:30px;min-height:30px;margin-right:15px;transition:all 400ms;}.iksm-1226 .iksm-term__image{background-size:contain;background-position:center;background-repeat:no-repeat;}.iksm-1226 .iksm-term__image-container:hover{background-size:contain;background-position:center;background-repeat:no-repeat;}.iksm-1226 .iksm-term__inner:hover .iksm-term__image-container{background-size:contain;background-position:center;background-repeat:no-repeat;}.iksm-1226 .iksm-term__inner:focus .iksm-term__image-container{background-size:contain;background-position:center;background-repeat:no-repeat;}.iksm-1226 .iksm-term--current > .iksm-term__inner .iksm-term__image-container{background-size:contain;background-position:center;background-repeat:no-repeat;}.iksm-1226 .iksm-term--child .iksm-term__inner .iksm-term__image-container{background-size:contain;background-position:center;background-repeat:no-repeat;}.iksm-1226 .iksm-term--child .iksm-term__inner .iksm-term__image-container:hover{background-size:contain;background-position:center;background-repeat:no-repeat;}.iksm-1226 .iksm-term--child .iksm-term__inner .iksm-term__image-container:focus{background-size:contain;background-position:center;background-repeat:no-repeat;}.iksm-1226 .iksm-term--child.iksm-term--current > .iksm-term__inner .iksm-term__image-container{background-size:contain;background-position:center;background-repeat:no-repeat;}.iksm-1226  .iksm-term__text{flex: unset}.iksm-1226 .iksm-term__posts-count{color:rgba(133,133,133,1);font-size:16px;margin-left:12px;font-weight:400;transition:all 400ms;}\";\n\t        \/\/ Removing this script\n            var this_script = document.getElementById(\"styles-copier-6a00c6d63664a\");\n            if (this_script) { \/\/ Cache plugins can remove tag\n\t            this_script.outerHTML = \"\";\n\t            if (this_script.parentNode) {\n\t                this_script.parentNode.removeChild(this_script);\n\t            }\n            }\n        <\/script>\n<\/div>\n\n\n\n<div class=\"wp-block-column is-layout-flow wp-block-column-is-layout-flow\" style=\"flex-basis:70%\">\n<p><strong>Lei n\u00ba 4.950-A de 22 de abril de 1966 (1)<\/strong><\/p>\n\n\n\n<p>Disp\u00f5e sobre a remunera\u00e7\u00e3o de profissionais diplomados em Engenharia, Qu\u00edmica, Arquitetura, Agronomia e Veterin\u00e1ria.<\/p>\n\n\n\n<p>Fa\u00e7o saber que o Congresso Nacional aprovou e manteve, ap\u00f3s veto presidencial, e eu, Auro Moura Andrade, Presidente do Senado Federal de acordo com o disposto no \u00a7 4\u00ba, do art. 70, da Constitui\u00e7\u00e3o Federal, promulgo a seguinte lei:<\/p>\n<\/div>\n<\/div>\n\n\n\n<p><strong>Art. 1\u00ba<\/strong>&nbsp;O sal\u00e1rio-m\u00ednimo dos diplomados pelos cursos regulares superiores mantidos pelas Escolas de Engenharia, de Qu\u00edmica, de Arquitetura, de Agronomia e de Veterin\u00e1ria \u00e9 fixado pela presente lei.<\/p>\n\n\n\n<p><strong>Art. 2\u00ba<\/strong>&nbsp;O sal\u00e1rio-m\u00ednimo fixado pela presente lei \u00e9 a remunera\u00e7\u00e3o m\u00ednima obrigat\u00f3ria por servi\u00e7os prestados pelos profissionais definidos no art. 1\u00ba, com rela\u00e7\u00e3o de emprego ou fun\u00e7\u00e3o, qualquer que seja a fonte pagadora.<\/p>\n\n\n\n<p><strong>Art. 3\u00ba<\/strong>&nbsp;Para os efeitos desta lei as atividades ou tarefas desempenhadas pelos profissionais enumerados no art. 1\u00ba s\u00e3o classificadas em:<br><strong>a)<\/strong>&nbsp;atividades ou tarefas com exig\u00eancia de 6 (seis) horas di\u00e1rias de servi\u00e7o;<br><strong>b)<\/strong>&nbsp;atividades ou tarefas com exig\u00eancia de mais de 6(seis) horas di\u00e1rias de servi\u00e7o.<br><strong>Par\u00e1grafo \u00fanico.<\/strong>&nbsp;A jornada de trabalho \u00e9 a fixada no contrato de trabalho ou determina\u00e7\u00e3o legal vigente.<\/p>\n\n\n\n<p><strong>Art. 4\u00ba<\/strong>&nbsp;Para os efeitos desta lei os profissionais citados no art. 1\u00ba s\u00e3o classificados em:<br><strong>a)<\/strong>&nbsp;diplomados pelos cursos regulares superiores mantidos pelas Escolas de Engenharia, de Qu\u00edmica, de Arquitetura, de Agronomia e de Veterin\u00e1ria com curso universit\u00e1rio de 4 (quatro) anos ou mais.<br><strong>b)<\/strong>&nbsp;diplomados pelos cursos regulares superiores mantidos pelas Escolas de Engenharia, de Qu\u00edmica, de Arquitetura, de Agronomia e de Veterin\u00e1ria com curso universit\u00e1rio de menos de 4 (quatro) anos.<\/p>\n\n\n\n<p><strong>Art. 5\u00ba<\/strong>&nbsp;Para a execu\u00e7\u00e3o das atividades e tarefas classificadas na al\u00ednea \u201ca\u201d do art. 3\u00ba fica fixado o sal\u00e1rio-base m\u00ednimo de 6 (seis) vezes o maior sal\u00e1rio-m\u00ednimo comum vigente no Pa\u00eds, para os profissionais relacionados na al\u00ednea \u201ca\u201d, do art. 4\u00ba e de 5 (cinco) vezes o maior sal\u00e1rio-m\u00ednimo comum vigente no Pa\u00eds, para os profissionais da al\u00ednea \u201cb\u201d do art. 4\u00ba.<\/p>\n\n\n\n<p><strong>Art. 6\u00ba<\/strong>&nbsp;Para a execu\u00e7\u00e3o de atividades e tarefas classificadas na al\u00ednea \u201cb\u201d, do art. 3\u00ba, a fixa\u00e7\u00e3o do sal\u00e1rio-base m\u00ednimo ser\u00e1 feita tomando-se por base o custo da hora fixado no art. 5\u00ba desta lei, acrescidas de 25% (vinte e cinco por cento)as horas excedentes das 6 (seis) di\u00e1rias de servi\u00e7o.<\/p>\n\n\n\n<p><strong>Art. 7\u00ba<\/strong>&nbsp;A remunera\u00e7\u00e3o do trabalho noturno ser\u00e1 feita na base da remunera\u00e7\u00e3o do trabalho diurno, acrescida de 25% (vinte e cinco por cento).<\/p>\n\n\n\n<p><strong>Art. 8\u00ba<\/strong>&nbsp;Esta lei entrar\u00e1 em vigor na data de sua publica\u00e7\u00e3o, revogadas as disposi\u00e7\u00f5es em contr\u00e1rio.<\/p>\n\n\n\n<p>Bras\u00edlia, 22 de abril de 1966; 145\u00ba da Independ\u00eancia e 78\u00ba da Rep\u00fablica.<\/p>\n\n\n\n<p><strong>AURO MOURA ANDRADE<\/strong>&nbsp;\u2013 Presidente do Senado Federal.<\/p>\n\n\n\n<p><strong>(1) &#8211; NOTA<\/strong>&nbsp;&#8211; O Congresso Nacional, ap\u00f3s veto presidencial, manteve o art. 82 da lei n\u00ba 5194, de 24 de dezembro de 1966 (D.O. 27-12-1967), cuja reda\u00e7\u00e3o \u00e9 a seguinte:<\/p>\n\n\n\n<p>&#8220;Art. 82. As remunera\u00e7\u00f5es iniciais dos engenheiros, arquitetos e engenheiros-agr\u00f4nomos, qualquer que seja a fonte pagadora, n\u00e3o poder\u00e3o ser inferiores a 6 (seis) vezes o sal\u00e1rio-m\u00ednimo da respectiva regi\u00e3o&#8221;.<\/p>\n\n\n\n<p>As partes mantidas foram publicadas no &#8220;Di\u00e1rio Oficial&#8221;da Uni\u00e3o de 24-4-1967.<\/p>\n\n\n\n<p>&#8211; Os engenheiros de opera\u00e7\u00e3o foram inclu\u00eddos no \u00e2mbito desta lei por for\u00e7a do disposto no decreto-lei n\u00ba241, de 28 de fevereiro de 1967 ( D.O, 28-2-1967).<\/p>\n\n\n\n<p>&#8211; A resolu\u00e7\u00e3o n\u00ba 12\/71, do Senado Federal, suspendeu, por inconstitucionalidade, a execu\u00e7\u00e3o da lei n\u00ba 4.950-A em rela\u00e7\u00e3o aos servidores p\u00fablicos sujeitos ao regime estatut\u00e1rio (D.O 8-6-1971).\n\n<\/p>\n","protected":false},"excerpt":{"rendered":"<p>Lei n\u00ba 4.950-A de 22 de abril de 1966 (1) Disp\u00f5e sobre a remunera\u00e7\u00e3o de profissionais diplomados em Engenharia, Qu\u00edmica, Arquitetura, Agronomia e Veterin\u00e1ria. Fa\u00e7o saber que o Congresso Nacional aprovou e manteve, ap\u00f3s veto presidencial, e eu, Auro Moura Andrade, Presidente do Senado Federal de acordo com o disposto no \u00a7 4\u00ba, do art. [&#8230;]\n","protected":false},"author":2,"featured_media":0,"parent":0,"menu_order":0,"comment_status":"closed","ping_status":"closed","template":"","meta":{"footnotes":""},"class_list":["post-723","page","type-page","status-publish","hentry"],"acf":[],"_links":{"self":[{"href":"https:\/\/sengemg.clkaqui.com.br\/index.php\/wp-json\/wp\/v2\/pages\/723","targetHints":{"allow":["GET"]}}],"collection":[{"href":"https:\/\/sengemg.clkaqui.com.br\/index.php\/wp-json\/wp\/v2\/pages"}],"about":[{"href":"https:\/\/sengemg.clkaqui.com.br\/index.php\/wp-json\/wp\/v2\/types\/page"}],"author":[{"embeddable":true,"href":"https:\/\/sengemg.clkaqui.com.br\/index.php\/wp-json\/wp\/v2\/users\/2"}],"replies":[{"embeddable":true,"href":"https:\/\/sengemg.clkaqui.com.br\/index.php\/wp-json\/wp\/v2\/comments?post=723"}],"version-history":[{"count":2,"href":"https:\/\/sengemg.clkaqui.com.br\/index.php\/wp-json\/wp\/v2\/pages\/723\/revisions"}],"predecessor-version":[{"id":1229,"href":"https:\/\/sengemg.clkaqui.com.br\/index.php\/wp-json\/wp\/v2\/pages\/723\/revisions\/1229"}],"wp:attachment":[{"href":"https:\/\/sengemg.clkaqui.com.br\/index.php\/wp-json\/wp\/v2\/media?parent=723"}],"curies":[{"name":"wp","href":"https:\/\/api.w.org\/{rel}","templated":true}]}}