{"id":732,"date":"2020-01-15T18:02:09","date_gmt":"2020-01-15T15:02:09","guid":{"rendered":"http:\/\/site.sengemg.org.br\/?page_id=732"},"modified":"2023-05-30T21:58:10","modified_gmt":"2023-05-30T18:58:10","slug":"anuidade-social","status":"publish","type":"page","link":"https:\/\/sengemg.clkaqui.com.br\/index.php\/anuidade-social\/","title":{"rendered":"Anuidade Social"},"content":{"rendered":"\n\t<section class=\"section\" id=\"section_365307961\">\n\t\t<div class=\"bg section-bg fill bg-fill  bg-loaded\" >\n\n\t\t\t\n\t\t\t\n\t\t\t\n\n\t\t<\/div>\n\n\t\t\n\n\t\t<div class=\"section-content relative\">\n\t\t\t\n\n<div class=\"row\"  id=\"row-1726283858\">\n\n\n\t<div id=\"col-1843135428\" class=\"col medium-3 small-12 large-3\"  >\n\t\t\t\t<div class=\"col-inner\"  >\n\t\t\t\n\t\t\t\n\n<div id='iksm-1213' class='iksm iksm-1213 iksm-container '  data-id='1213' data-is-pro='0' data-source='menu'><div class='iksm-terms'><div class='iksm-terms-tree iksm-terms-tree--level-1 iksm-terms-tree--parents' style=''><div class=\"iksm-terms-tree__inner\">\n        <div class=\"iksm-term iksm-term--id-1209 iksm-term--parent\" data-id=\"1209\">\n            <div class=\"iksm-term__inner\" tabindex='0'>\n                <a class=\"iksm-term__link\" href='https:\/\/sengemg.clkaqui.com.br\/index.php\/sobre-as-contribuicoes\/' target='_self' tabindex='-1'>\n\t\t\t\t\t        <span class=\"iksm-term__text\">Sobre as Contribui\u00e7\u00f5es<\/span>\n\t\t                <\/a>\n\t\t\t\t            <\/div>\n\t\t\t        <\/div>\n\n\t\t\n        <div class=\"iksm-term iksm-term--id-1210 iksm-term--parent\" data-id=\"1210\">\n            <div class=\"iksm-term__inner\" tabindex='0'>\n                <a class=\"iksm-term__link\" href='https:\/\/sengemg.clkaqui.com.br\/index.php\/contribuicao-sindical\/' target='_self' tabindex='-1'>\n\t\t\t\t\t        <span class=\"iksm-term__text\">Contribui\u00e7\u00e3o Sindical<\/span>\n\t\t                <\/a>\n\t\t\t\t            <\/div>\n\t\t\t        <\/div>\n\n\t\t\n        <div class=\"iksm-term iksm-term--id-1211 iksm-term--parent\" data-id=\"1211\">\n            <div class=\"iksm-term__inner\" tabindex='0'>\n                <a class=\"iksm-term__link\" href='https:\/\/sengemg.clkaqui.com.br\/index.php\/anuidade-social\/' target='_self' tabindex='-1'>\n\t\t\t\t\t        <span class=\"iksm-term__text\">Anuidade Social<\/span>\n\t\t                <\/a>\n\t\t\t\t            <\/div>\n\t\t\t        <\/div>\n\n\t\t\n        <div class=\"iksm-term iksm-term--id-1212 iksm-term--parent\" data-id=\"1212\">\n            <div class=\"iksm-term__inner\" tabindex='0'>\n                <a class=\"iksm-term__link\" href='https:\/\/sengemg.clkaqui.com.br\/index.php\/taxa-de-fortalecimento\/' target='_self' tabindex='-1'>\n\t\t\t\t\t        <span class=\"iksm-term__text\">Taxa de Fortalecimento<\/span>\n\t\t                <\/a>\n\t\t\t\t            <\/div>\n\t\t\t        <\/div>\n\n\t\t<\/div><\/div><\/div><div id=\"iksm_data_args\" class=\"data-args\"  data-collapse_children_terms='1' data-collapse_other_terms='1' data-collapse_animation_duration='400' data-expand_animation_duration='400'><\/div><\/div><script id=\"styles-copier-6a00b72740ad8\">\n\t\t\t\/\/ Finding styles element\n\t        var element = document.getElementById(\"iksm-dynamic-style\");\n\t        if (!element) { \/\/ If no element (Cache plugins can remove tag), then creating a new one\n                element = document.createElement('style');\n                var head = document.getElementsByTagName(\"head\")\n                if (head && head[0]) {\n                \thead[0].appendChild(element);\n                } else {\n                  \tconsole.warn(\"Iks Menu | Error while printing styles. Please contact technical support.\");\n                }\n\t        }\n\t\t\t\/\/ Copying styles to <styles> tag\n\t        element.innerHTML += \".iksm-1213 .iksm-terms{background-color:rgba(112,112,112,1);transition:all 400ms;animation:iks-fade-in 1000ms;}.iksm-1213 .iksm-term__inner{background-color:rgba(92,104,141,1);min-height:44px;transition:all 400ms;}.iksm-1213 .iksm-term__inner:hover{background-color:rgba(236,236,236,1);}.iksm-1213 .iksm-term--current > .iksm-term__inner{background-color:rgba(212,212,212,1);}.iksm-1213 .iksm-term__link{color:rgba(255,255,255,1);font-size:15px;line-height:15px;font-weight:400;text-decoration:none;padding-top:5px;padding-right:15px;padding-bottom:5px;padding-left:15px;transition:all 400ms;}.iksm-1213 .iksm-term__inner:hover .iksm-term__link{color:rgba(50,50,50,1);}.iksm-1213 .iksm-term__toggle__inner{transition:transform 400ms}.iksm-1213 .iksm-term--expanded > .iksm-term__inner > .iksm-term__toggle > .iksm-term__toggle__inner{transform:rotate(180deg);}.iksm-1213 .iksm-term__toggle{color:rgba(133,133,133,1);font-size:22px;align-self:stretch;height:unset;;width:40px;transition:all 400ms;}.iksm-1213 .iksm-term__toggle:hover{color:rgba(0,0,0,1);}.iksm-1213 .iksm-term__image-container{width:30px;min-width:30px;height:30px;min-height:30px;margin-right:15px;transition:all 400ms;}.iksm-1213 .iksm-term__image{background-size:contain;background-position:center;background-repeat:no-repeat;}.iksm-1213 .iksm-term__image-container:hover{background-size:contain;background-position:center;background-repeat:no-repeat;}.iksm-1213 .iksm-term__inner:hover .iksm-term__image-container{background-size:contain;background-position:center;background-repeat:no-repeat;}.iksm-1213 .iksm-term__inner:focus .iksm-term__image-container{background-size:contain;background-position:center;background-repeat:no-repeat;}.iksm-1213 .iksm-term--current > .iksm-term__inner .iksm-term__image-container{background-size:contain;background-position:center;background-repeat:no-repeat;}.iksm-1213 .iksm-term--child .iksm-term__inner .iksm-term__image-container{background-size:contain;background-position:center;background-repeat:no-repeat;}.iksm-1213 .iksm-term--child .iksm-term__inner .iksm-term__image-container:hover{background-size:contain;background-position:center;background-repeat:no-repeat;}.iksm-1213 .iksm-term--child .iksm-term__inner .iksm-term__image-container:focus{background-size:contain;background-position:center;background-repeat:no-repeat;}.iksm-1213 .iksm-term--child.iksm-term--current > .iksm-term__inner .iksm-term__image-container{background-size:contain;background-position:center;background-repeat:no-repeat;}.iksm-1213  .iksm-term__text{flex: unset}.iksm-1213 .iksm-term__posts-count{color:rgba(133,133,133,1);font-size:16px;margin-left:12px;font-weight:400;transition:all 400ms;}\";\n\t        \/\/ Removing this script\n            var this_script = document.getElementById(\"styles-copier-6a00b72740ad8\");\n            if (this_script) { \/\/ Cache plugins can remove tag\n\t            this_script.outerHTML = \"\";\n\t            if (this_script.parentNode) {\n\t                this_script.parentNode.removeChild(this_script);\n\t            }\n            }\n        <\/script>\n\n\t\t<\/div>\n\t\t\t\t\t<\/div>\n\n\t\n\n\t<div id=\"col-1148818382\" class=\"col medium-9 small-12 large-9\"  >\n\t\t\t\t<div class=\"col-inner\"  >\n\t\t\t\n\t\t\t\n\n<p><img loading=\"lazy\" decoding=\"async\" class=\"alignnone wp-image-5342 size-full\" src=\"https:\/\/sengemg.clkaqui.com.br\/wp-content\/uploads\/2023\/05\/WhatsApp-Image-2023-05-30-at-15.52.37.jpeg\" alt=\"\" width=\"904\" height=\"1280\" srcset=\"https:\/\/sengemg.clkaqui.com.br\/wp-content\/uploads\/2023\/05\/WhatsApp-Image-2023-05-30-at-15.52.37.jpeg 904w, https:\/\/sengemg.clkaqui.com.br\/wp-content\/uploads\/2023\/05\/WhatsApp-Image-2023-05-30-at-15.52.37-212x300.jpeg 212w, https:\/\/sengemg.clkaqui.com.br\/wp-content\/uploads\/2023\/05\/WhatsApp-Image-2023-05-30-at-15.52.37-723x1024.jpeg 723w, https:\/\/sengemg.clkaqui.com.br\/wp-content\/uploads\/2023\/05\/WhatsApp-Image-2023-05-30-at-15.52.37-768x1087.jpeg 768w\" sizes=\"auto, (max-width: 904px) 100vw, 904px\" \/><\/p>\n<p>Para os fins legais, os sindicatos se equivalem \u00e0s associa\u00e7\u00f5es civis sem fins lucrativos. Como associa\u00e7\u00f5es, s\u00e3o formados por um quadro de filiados, que contribuem, por ades\u00e3o livre e espont\u00e2nea, com mensalidades ou anuidades para a manuten\u00e7\u00e3o da estrutura sindical, cujos valores e forma de cobran\u00e7a s\u00e3o definidos em Assembleia Geral do sindicato. Saiba mais sobre a Anuidade Social:<\/p>\n\n\t\t<\/div>\n\t\t\t\t\t<\/div>\n\n\t\n\n<\/div>\n\n\t\t<\/div>\n\n\t\t\n<style>\n#section_365307961 {\n  padding-top: 30px;\n  padding-bottom: 30px;\n}\n#section_365307961 .ux-shape-divider--top svg {\n  height: 150px;\n  --divider-top-width: 100%;\n}\n#section_365307961 .ux-shape-divider--bottom svg {\n  height: 150px;\n  --divider-width: 100%;\n}\n<\/style>\n\t<\/section>\n\t\n<div id=\"submenu_lateral\">&nbsp;<\/div>\n<div id=\"conteudo_central\">\n<p><strong>O que \u00e9:<\/strong>&nbsp;<br \/>A Anuidade Social \u00e9 a contribui\u00e7\u00e3o social que os engenheiros e engenheiras pagam, anualmente, quando se tornam associados ao Senge-MG.<\/p>\n<p><strong>Quem deve pagar:<\/strong>&nbsp;<br \/>Todos os engenheiros e engenheiras sindicalizados.<\/p>\n<p><strong>Para que serve:<\/strong>&nbsp;<br \/>A Anuidade Social tem como objetivo a manuten\u00e7\u00e3o do Sindicato e possibilitar a oferta aos associados de diversos benef\u00edcios, como assessoria jur\u00eddica, planos de sa\u00fade com pre\u00e7os diferenciados, cursos de aperfei\u00e7oamento profissional e conv\u00eanios com diversos estabelecimentos de Minas Gerais.<\/p>\n<p><strong>Valor:<\/strong>&nbsp;<br \/>O valor \u00e9 definido anualmente, em Assembleia Geral Extraordin\u00e1ria (AGE), realizada pelo Sindicato, e divulgado posteriormente pelo Senge.<\/p>\n<p><strong>Como pagar:<\/strong>&nbsp;<br \/>O Sindicato envia um boleto de cobran\u00e7a para o endere\u00e7o eletr\u00f4nico do associado que pode ser quitado na rede banc\u00e1ria. Caso n\u00e3o receba, voc\u00ea pode solicitar o envio do boleto atrav\u00e9s do e-mail anuidade@sengemg.clkaqui.com.br.<\/p>\n<p><strong>Contribui\u00e7\u00e3o Sindical x Contribui\u00e7\u00e3o Social (Anuidade Social):<br \/><\/strong>A diferen\u00e7a entre a contribui\u00e7\u00e3o sindical e a anuidade social \u00e9 que a primeira \u00e9 um imposto, compuls\u00f3rio, pago por todos os trabalhadores, inclusive engenheiros, sindicalizados ou n\u00e3o. J\u00e1 a Anuidade Social \u00e9 a contribui\u00e7\u00e3o anual que o trabalhador paga quando se torna associado de um sindicato.<\/p>\n<\/div>\n\n\n\n<p><\/p>\n","protected":false},"excerpt":{"rendered":"","protected":false},"author":2,"featured_media":0,"parent":0,"menu_order":0,"comment_status":"closed","ping_status":"closed","template":"","meta":{"footnotes":""},"class_list":["post-732","page","type-page","status-publish","hentry"],"acf":[],"_links":{"self":[{"href":"https:\/\/sengemg.clkaqui.com.br\/index.php\/wp-json\/wp\/v2\/pages\/732","targetHints":{"allow":["GET"]}}],"collection":[{"href":"https:\/\/sengemg.clkaqui.com.br\/index.php\/wp-json\/wp\/v2\/pages"}],"about":[{"href":"https:\/\/sengemg.clkaqui.com.br\/index.php\/wp-json\/wp\/v2\/types\/page"}],"author":[{"embeddable":true,"href":"https:\/\/sengemg.clkaqui.com.br\/index.php\/wp-json\/wp\/v2\/users\/2"}],"replies":[{"embeddable":true,"href":"https:\/\/sengemg.clkaqui.com.br\/index.php\/wp-json\/wp\/v2\/comments?post=732"}],"version-history":[{"count":16,"href":"https:\/\/sengemg.clkaqui.com.br\/index.php\/wp-json\/wp\/v2\/pages\/732\/revisions"}],"predecessor-version":[{"id":5346,"href":"https:\/\/sengemg.clkaqui.com.br\/index.php\/wp-json\/wp\/v2\/pages\/732\/revisions\/5346"}],"wp:attachment":[{"href":"https:\/\/sengemg.clkaqui.com.br\/index.php\/wp-json\/wp\/v2\/media?parent=732"}],"curies":[{"name":"wp","href":"https:\/\/api.w.org\/{rel}","templated":true}]}}