{"id":764,"date":"2020-01-15T21:12:10","date_gmt":"2020-01-15T18:12:10","guid":{"rendered":"http:\/\/site.sengemg.org.br\/?page_id=764"},"modified":"2020-01-28T21:17:12","modified_gmt":"2020-01-28T18:17:12","slug":"sobre-a-assessoria-de-comunicacao","status":"publish","type":"page","link":"https:\/\/sengemg.clkaqui.com.br\/index.php\/sobre-a-assessoria-de-comunicacao\/","title":{"rendered":"Sobre A Assessoria de Comunica\u00e7\u00e3o"},"content":{"rendered":"\n\n\n<div class=\"wp-block-columns is-layout-flex wp-container-core-columns-is-layout-1 wp-block-columns-is-layout-flex\">\n<div class=\"wp-block-column is-layout-flow wp-block-column-is-layout-flow\" style=\"flex-basis:28%\">\n<div id='iksm-1057' class='iksm iksm-1057 iksm-container '  data-id='1057' data-is-pro='0' data-source='menu'><div class='iksm-terms'><div class='iksm-terms-tree iksm-terms-tree--level-1 iksm-terms-tree--parents' style=''><div class=\"iksm-terms-tree__inner\">\n        <div class=\"iksm-term iksm-term--id-1036 iksm-term--parent\" data-id=\"1036\">\n            <div class=\"iksm-term__inner\" tabindex='0'>\n                <a class=\"iksm-term__link\" href='https:\/\/sengemg.clkaqui.com.br\/index.php\/sobre-a-assessoria-de-comunicacao\/' target='_self' tabindex='-1'>\n\t\t\t\t\t        <span class=\"iksm-term__text\">Sobre a Assessoria de Comunica\u00e7\u00e3o<\/span>\n\t\t                <\/a>\n\t\t\t\t            <\/div>\n\t\t\t        <\/div>\n\n\t\t\n        <div class=\"iksm-term iksm-term--id-1039 iksm-term--parent iksm-term--has-children\" data-id=\"1039\">\n            <div class=\"iksm-term__inner\" tabindex='0'>\n                <a class=\"iksm-term__link\" href='https:\/\/sengemg.clkaqui.com.br\/index.php\/noticias-2\/' target='_self' tabindex='-1'>\n\t\t\t\t\t        <span class=\"iksm-term__text\">Not\u00edcias<\/span>\n\t\t                <\/a>\n\t\t\t\t            <div class=\"iksm-term__toggle\" tabindex=\"0\">\n                <span class=\"iksm-term__toggle__inner\"><i class='iks-icon-chevron-1'><\/i><\/span>\n            <\/div>\n\t\t\t            <\/div>\n\t\t\t<div class='iksm-terms-tree iksm-terms-tree--level-2 iksm-terms-tree--children' style=''><div class=\"iksm-terms-tree__inner\">\n        <div class=\"iksm-term iksm-term--id-1041 iksm-term--child\" data-id=\"1041\">\n            <div class=\"iksm-term__inner\" tabindex='0'>\n                <a class=\"iksm-term__link\" href='https:\/\/sengemg.clkaqui.com.br\/index.php\/noticias-do-senge\/' target='_self' tabindex='-1'>\n\t\t\t\t\t            <div\n              class=\"iksm-term__shifts\"\n              style=\"width:15px; min-width:15px; max-width:15px;\"><\/div>\n\t\t\t        <span class=\"iksm-term__text\">Not\u00edcias Do Senge<\/span>\n\t\t                <\/a>\n\t\t\t\t            <\/div>\n\t\t\t        <\/div>\n\n\t\t\n        <div class=\"iksm-term iksm-term--id-1040 iksm-term--child\" data-id=\"1040\">\n            <div class=\"iksm-term__inner\" tabindex='0'>\n                <a class=\"iksm-term__link\" href='https:\/\/sengemg.clkaqui.com.br\/index.php\/noticias-gerais\/' target='_self' tabindex='-1'>\n\t\t\t\t\t            <div\n              class=\"iksm-term__shifts\"\n              style=\"width:15px; min-width:15px; max-width:15px;\"><\/div>\n\t\t\t        <span class=\"iksm-term__text\">Not\u00edcias Gerais<\/span>\n\t\t                <\/a>\n\t\t\t\t            <\/div>\n\t\t\t        <\/div>\n\n\t\t<\/div><\/div>        <\/div>\n\n\t\t\n        <div class=\"iksm-term iksm-term--id-1042 iksm-term--parent iksm-term--has-children\" data-id=\"1042\">\n            <div class=\"iksm-term__inner\" tabindex='0'>\n                <a class=\"iksm-term__link\" href='https:\/\/sengemg.clkaqui.com.br\/index.php\/senge-informa\/' target='_self' tabindex='-1'>\n\t\t\t\t\t        <span class=\"iksm-term__text\">Senge Informa<\/span>\n\t\t                <\/a>\n\t\t\t\t            <div class=\"iksm-term__toggle\" tabindex=\"0\">\n                <span class=\"iksm-term__toggle__inner\"><i class='iks-icon-chevron-1'><\/i><\/span>\n            <\/div>\n\t\t\t            <\/div>\n\t\t\t<div class='iksm-terms-tree iksm-terms-tree--level-2 iksm-terms-tree--children' style=''><div class=\"iksm-terms-tree__inner\">\n        <div class=\"iksm-term iksm-term--id-1043 iksm-term--child\" data-id=\"1043\">\n            <div class=\"iksm-term__inner\" tabindex='0'>\n                <a class=\"iksm-term__link\" href='https:\/\/sengemg.clkaqui.com.br\/index.php\/edicoes-2017\/' target='_self' tabindex='-1'>\n\t\t\t\t\t            <div\n              class=\"iksm-term__shifts\"\n              style=\"width:15px; min-width:15px; max-width:15px;\"><\/div>\n\t\t\t        <span class=\"iksm-term__text\">Edi\u00e7\u00f5es 2017<\/span>\n\t\t                <\/a>\n\t\t\t\t            <\/div>\n\t\t\t        <\/div>\n\n\t\t\n        <div class=\"iksm-term iksm-term--id-1044 iksm-term--child\" data-id=\"1044\">\n            <div class=\"iksm-term__inner\" tabindex='0'>\n                <a class=\"iksm-term__link\" href='https:\/\/sengemg.clkaqui.com.br\/index.php\/edicoes-2016\/' target='_self' tabindex='-1'>\n\t\t\t\t\t            <div\n              class=\"iksm-term__shifts\"\n              style=\"width:15px; min-width:15px; max-width:15px;\"><\/div>\n\t\t\t        <span class=\"iksm-term__text\">Edi\u00e7\u00f5es 2016<\/span>\n\t\t                <\/a>\n\t\t\t\t            <\/div>\n\t\t\t        <\/div>\n\n\t\t\n        <div class=\"iksm-term iksm-term--id-1045 iksm-term--child\" data-id=\"1045\">\n            <div class=\"iksm-term__inner\" tabindex='0'>\n                <a class=\"iksm-term__link\" href='https:\/\/sengemg.clkaqui.com.br\/index.php\/edicoes-2015\/' target='_self' tabindex='-1'>\n\t\t\t\t\t            <div\n              class=\"iksm-term__shifts\"\n              style=\"width:15px; min-width:15px; max-width:15px;\"><\/div>\n\t\t\t        <span class=\"iksm-term__text\">Edi\u00e7\u00f5es 2015<\/span>\n\t\t                <\/a>\n\t\t\t\t            <\/div>\n\t\t\t        <\/div>\n\n\t\t\n        <div class=\"iksm-term iksm-term--id-1046 iksm-term--child\" data-id=\"1046\">\n            <div class=\"iksm-term__inner\" tabindex='0'>\n                <a class=\"iksm-term__link\" href='https:\/\/sengemg.clkaqui.com.br\/index.php\/edicoes-2015-2\/' target='_self' tabindex='-1'>\n\t\t\t\t\t            <div\n              class=\"iksm-term__shifts\"\n              style=\"width:15px; min-width:15px; max-width:15px;\"><\/div>\n\t\t\t        <span class=\"iksm-term__text\">Edi\u00e7\u00f5es 2015<\/span>\n\t\t                <\/a>\n\t\t\t\t            <\/div>\n\t\t\t        <\/div>\n\n\t\t\n        <div class=\"iksm-term iksm-term--id-1047 iksm-term--child\" data-id=\"1047\">\n            <div class=\"iksm-term__inner\" tabindex='0'>\n                <a class=\"iksm-term__link\" href='https:\/\/sengemg.clkaqui.com.br\/index.php\/edicoes-2014\/' target='_self' tabindex='-1'>\n\t\t\t\t\t            <div\n              class=\"iksm-term__shifts\"\n              style=\"width:15px; min-width:15px; max-width:15px;\"><\/div>\n\t\t\t        <span class=\"iksm-term__text\">Edi\u00e7\u00f5es 2014<\/span>\n\t\t                <\/a>\n\t\t\t\t            <\/div>\n\t\t\t        <\/div>\n\n\t\t\n        <div class=\"iksm-term iksm-term--id-1048 iksm-term--child\" data-id=\"1048\">\n            <div class=\"iksm-term__inner\" tabindex='0'>\n                <a class=\"iksm-term__link\" href='https:\/\/sengemg.clkaqui.com.br\/index.php\/edicoes-2014-2\/' target='_self' tabindex='-1'>\n\t\t\t\t\t            <div\n              class=\"iksm-term__shifts\"\n              style=\"width:15px; min-width:15px; max-width:15px;\"><\/div>\n\t\t\t        <span class=\"iksm-term__text\">Edi\u00e7\u00f5es 2014<\/span>\n\t\t                <\/a>\n\t\t\t\t            <\/div>\n\t\t\t        <\/div>\n\n\t\t\n        <div class=\"iksm-term iksm-term--id-1049 iksm-term--child\" data-id=\"1049\">\n            <div class=\"iksm-term__inner\" tabindex='0'>\n                <a class=\"iksm-term__link\" href='https:\/\/sengemg.clkaqui.com.br\/index.php\/edicoes-2013\/' target='_self' tabindex='-1'>\n\t\t\t\t\t            <div\n              class=\"iksm-term__shifts\"\n              style=\"width:15px; min-width:15px; max-width:15px;\"><\/div>\n\t\t\t        <span class=\"iksm-term__text\">Edi\u00e7\u00f5es 2013<\/span>\n\t\t                <\/a>\n\t\t\t\t            <\/div>\n\t\t\t        <\/div>\n\n\t\t\n        <div class=\"iksm-term iksm-term--id-1050 iksm-term--child\" data-id=\"1050\">\n            <div class=\"iksm-term__inner\" tabindex='0'>\n                <a class=\"iksm-term__link\" href='https:\/\/sengemg.clkaqui.com.br\/index.php\/edicoes-2013-2\/' target='_self' tabindex='-1'>\n\t\t\t\t\t            <div\n              class=\"iksm-term__shifts\"\n              style=\"width:15px; min-width:15px; max-width:15px;\"><\/div>\n\t\t\t        <span class=\"iksm-term__text\">Edi\u00e7\u00f5es 2013<\/span>\n\t\t                <\/a>\n\t\t\t\t            <\/div>\n\t\t\t        <\/div>\n\n\t\t\n        <div class=\"iksm-term iksm-term--id-1051 iksm-term--child\" data-id=\"1051\">\n            <div class=\"iksm-term__inner\" tabindex='0'>\n                <a class=\"iksm-term__link\" href='https:\/\/sengemg.clkaqui.com.br\/index.php\/edicoes-2012\/' target='_self' tabindex='-1'>\n\t\t\t\t\t            <div\n              class=\"iksm-term__shifts\"\n              style=\"width:15px; min-width:15px; max-width:15px;\"><\/div>\n\t\t\t        <span class=\"iksm-term__text\">Edi\u00e7\u00f5es 2012<\/span>\n\t\t                <\/a>\n\t\t\t\t            <\/div>\n\t\t\t        <\/div>\n\n\t\t\n        <div class=\"iksm-term iksm-term--id-1052 iksm-term--child\" data-id=\"1052\">\n            <div class=\"iksm-term__inner\" tabindex='0'>\n                <a class=\"iksm-term__link\" href='https:\/\/sengemg.clkaqui.com.br\/index.php\/edicoes-2012-2\/' target='_self' tabindex='-1'>\n\t\t\t\t\t            <div\n              class=\"iksm-term__shifts\"\n              style=\"width:15px; min-width:15px; max-width:15px;\"><\/div>\n\t\t\t        <span class=\"iksm-term__text\">Edi\u00e7\u00f5es 2012<\/span>\n\t\t                <\/a>\n\t\t\t\t            <\/div>\n\t\t\t        <\/div>\n\n\t\t<\/div><\/div>        <\/div>\n\n\t\t\n        <div class=\"iksm-term iksm-term--id-1053 iksm-term--parent\" data-id=\"1053\">\n            <div class=\"iksm-term__inner\" tabindex='0'>\n                <a class=\"iksm-term__link\" href='https:\/\/sengemg.clkaqui.com.br\/index.php\/publicacoes\/' target='_self' tabindex='-1'>\n\t\t\t\t\t        <span class=\"iksm-term__text\">Publica\u00e7\u00f5es<\/span>\n\t\t                <\/a>\n\t\t\t\t            <\/div>\n\t\t\t        <\/div>\n\n\t\t\n        <div class=\"iksm-term iksm-term--id-1054 iksm-term--parent\" data-id=\"1054\">\n            <div class=\"iksm-term__inner\" tabindex='0'>\n                <a class=\"iksm-term__link\" href='https:\/\/sengemg.clkaqui.com.br\/index.php\/senge-tv-2\/' target='_self' tabindex='-1'>\n\t\t\t\t\t        <span class=\"iksm-term__text\">Senge TV<\/span>\n\t\t                <\/a>\n\t\t\t\t            <\/div>\n\t\t\t        <\/div>\n\n\t\t\n        <div class=\"iksm-term iksm-term--id-1055 iksm-term--parent\" data-id=\"1055\">\n            <div class=\"iksm-term__inner\" tabindex='0'>\n                <a class=\"iksm-term__link\" href='https:\/\/sengemg.clkaqui.com.br\/index.php\/senge-online\/' target='_self' tabindex='-1'>\n\t\t\t\t\t        <span class=\"iksm-term__text\">Senge Online<\/span>\n\t\t                <\/a>\n\t\t\t\t            <\/div>\n\t\t\t        <\/div>\n\n\t\t\n        <div class=\"iksm-term iksm-term--id-1056 iksm-term--parent\" data-id=\"1056\">\n            <div class=\"iksm-term__inner\" tabindex='0'>\n                <a class=\"iksm-term__link\" href='https:\/\/sengemg.clkaqui.com.br\/index.php\/artigos\/' target='_self' tabindex='-1'>\n\t\t\t\t\t        <span class=\"iksm-term__text\">Artigos<\/span>\n\t\t                <\/a>\n\t\t\t\t            <\/div>\n\t\t\t        <\/div>\n\n\t\t<\/div><\/div><\/div><div id=\"iksm_data_args\" class=\"data-args\"  data-collapse_children_terms='1' data-collapse_other_terms='1' data-collapse_animation_duration='400' data-expand_animation_duration='400'><\/div><\/div><script id=\"styles-copier-6a00bbc117d66\">\n\t\t\t\/\/ Finding styles element\n\t        var element = document.getElementById(\"iksm-dynamic-style\");\n\t        if (!element) { \/\/ If no element (Cache plugins can remove tag), then creating a new one\n                element = document.createElement('style');\n                var head = document.getElementsByTagName(\"head\")\n                if (head && head[0]) {\n                \thead[0].appendChild(element);\n                } else {\n                  \tconsole.warn(\"Iks Menu | Error while printing styles. Please contact technical support.\");\n                }\n\t        }\n\t\t\t\/\/ Copying styles to <styles> tag\n\t        element.innerHTML += \".iksm-1057 .iksm-terms{transition:all 400ms;animation:iks-fade-in 1000ms;}.iksm-1057 .iksm-term__inner{background-color:rgba(255,255,255,1);min-height:44px;transition:all 400ms;}.iksm-1057 .iksm-term__inner:hover{background-color:rgba(236,236,236,1);}.iksm-1057 .iksm-term--current > .iksm-term__inner{background-color:rgba(212,212,212,1);}.iksm-1057 .iksm-term__link{color:rgba(0,0,0,1);font-size:15px;line-height:15px;font-weight:400;text-decoration:none;padding-top:5px;padding-right:15px;padding-bottom:5px;padding-left:15px;transition:all 400ms;}.iksm-1057 .iksm-term__inner:hover .iksm-term__link{color:rgba(50,50,50,1);}.iksm-1057 .iksm-term__toggle__inner{transition:transform 400ms}.iksm-1057 .iksm-term--expanded > .iksm-term__inner > .iksm-term__toggle > .iksm-term__toggle__inner{transform:rotate(180deg);}.iksm-1057 .iksm-term__toggle{color:rgba(133,133,133,1);font-size:22px;align-self:stretch;height:unset;;width:40px;transition:all 400ms;}.iksm-1057 .iksm-term__toggle:hover{color:rgba(0,0,0,1);}.iksm-1057 .iksm-term__image-container{width:30px;min-width:30px;height:30px;min-height:30px;margin-right:15px;transition:all 400ms;}.iksm-1057 .iksm-term__image{background-size:contain;background-position:center;background-repeat:no-repeat;}.iksm-1057 .iksm-term__image-container:hover{background-size:contain;background-position:center;background-repeat:no-repeat;}.iksm-1057 .iksm-term__inner:hover .iksm-term__image-container{background-size:contain;background-position:center;background-repeat:no-repeat;}.iksm-1057 .iksm-term__inner:focus .iksm-term__image-container{background-size:contain;background-position:center;background-repeat:no-repeat;}.iksm-1057 .iksm-term--current > .iksm-term__inner .iksm-term__image-container{background-size:contain;background-position:center;background-repeat:no-repeat;}.iksm-1057 .iksm-term--child .iksm-term__inner .iksm-term__image-container{background-size:contain;background-position:center;background-repeat:no-repeat;}.iksm-1057 .iksm-term--child .iksm-term__inner .iksm-term__image-container:hover{background-size:contain;background-position:center;background-repeat:no-repeat;}.iksm-1057 .iksm-term--child .iksm-term__inner .iksm-term__image-container:focus{background-size:contain;background-position:center;background-repeat:no-repeat;}.iksm-1057 .iksm-term--child.iksm-term--current > .iksm-term__inner .iksm-term__image-container{background-size:contain;background-position:center;background-repeat:no-repeat;}.iksm-1057  .iksm-term__text{flex: unset}.iksm-1057 .iksm-term__posts-count{color:rgba(133,133,133,1);font-size:16px;margin-left:12px;font-weight:400;transition:all 400ms;}\";\n\t        \/\/ Removing this script\n            var this_script = document.getElementById(\"styles-copier-6a00bbc117d66\");\n            if (this_script) { \/\/ Cache plugins can remove tag\n\t            this_script.outerHTML = \"\";\n\t            if (this_script.parentNode) {\n\t                this_script.parentNode.removeChild(this_script);\n\t            }\n            }\n        <\/script>\n<\/div>\n\n\n\n<div class=\"wp-block-column is-layout-flow wp-block-column-is-layout-flow\" style=\"flex-basis:71%\">\n<p><strong>O Senge-MG mais perto de voc\u00ea!<\/strong><\/p>\n\n\n\n<p>A qualidade, rapidez e a efic\u00e1cia na comunica\u00e7\u00e3o entre o Sindicato e os seus associados s\u00e3o indispens\u00e1veis para o trabalho de ambos. E, pensando nisto, o Senge-MG estruturou a sua Assessoria de Comunica\u00e7\u00e3o com profissionais especializados e edita uma s\u00e9rie de publica\u00e7\u00f5es de interesse da categoria.<\/p>\n\n\n\n<p>O jornal&nbsp;<a href=\"https:\/\/sengemg.clkaqui.com.br\/senge-informa-2015\">Senge Informa<\/a>, com uma tiragem de 10 mil exemplares, \u00e9 um dos ve\u00edculos de informa\u00e7\u00e3o e comunica\u00e7\u00e3o com os associados de grande import\u00e2ncia. Com periodicidade bimestral, o informativo aborda, com profundidade, temas de interesse de toda a categoria, al\u00e9m de informar das atividades e novidades do Sindicato.<br><\/p>\n<\/div>\n<\/div>\n\n\n\n<p><br>O Senge-MG tamb\u00e9m conta com este portal para divulgar informa\u00e7\u00f5es de extrema import\u00e2ncia para engenheiros e engenheiras, como a realiza\u00e7\u00e3o de Assembleias, semin\u00e1rios e diversos outros eventos e, al\u00e9m disso, para divulgar, para a categoria, as principais not\u00edcias de Minas Gerais, do Brasil e do Mundo que est\u00e3o na m\u00eddia. A entidade envia, semanalmente, o Senge Online, boletim eletr\u00f4nico com todas as informa\u00e7\u00f5es relevantes da semana.<br><br>O Sindicato de Engenheiros edita, ainda, publica\u00e7\u00f5es pontuais que contribuem para a valoriza\u00e7\u00e3o do profissional de engenharia e para a divulga\u00e7\u00e3o de temas de interesse da sociedade. Entre as nossas publica\u00e7\u00f5es, destacam-se o\u00a0<a rel=\"noreferrer noopener\" href=\"https:\/\/sengemg.clkaqui.com.br\/downloads\/manual_engenheiro.pdf\" target=\"_blank\">Manual do Engenheiro<\/a>\u00a0e as cartilhas\u00a0<a rel=\"noreferrer noopener\" href=\"https:\/\/sengemg.clkaqui.com.br\/downloads\/cartilha_smp.pdf\" target=\"_blank\">Sal\u00e1rio M\u00ednimo Profissional<\/a>,\u00a0<a rel=\"noreferrer noopener\" href=\"https:\/\/sengemg.clkaqui.com.br\/downloads\/cartilha_tv_digital.pdf\" target=\"_blank\">TV Digital no Brasil<\/a>,\u00a0<a rel=\"noreferrer noopener\" href=\"https:\/\/sengemg.clkaqui.com.br\/downloads\/cartilha_aquecimento_global.pdf\" target=\"_blank\">Aquecimento Global<\/a>,\u00a0<a rel=\"noreferrer noopener\" href=\"https:\/\/sengemg.clkaqui.com.br\/downloads\/cartilha_eng_arq_publicas.pdf\" target=\"_blank\">Engenharia e Arquitetura P\u00fablicas<\/a>,\u00a0<a rel=\"noreferrer noopener\" href=\"https:\/\/sengemg.clkaqui.com.br\/downloads\/21-08-2012_construcao_sustent.pdf\" target=\"_blank\">Casa Sustent\u00e1vel<\/a>\u00a0e Mercado de Trabalho Formal da Engenharia em Minas Gerais. Com esses ve\u00edculos e publica\u00e7\u00f5es, o Sindicato procura manter a categoria informada e mobilizada para as quest\u00f5es relevantes da profiss\u00e3o.<br><br>E, para dinamizar ainda mais a comunica\u00e7\u00e3o entre o Sindicato e os profissionais da categoria, o Senge-MG agora est\u00e1 presente nas redes sociais atrav\u00e9s do\u00a0<a rel=\"noreferrer noopener\" href=\"http:\/\/twitter.com\/sengemg\" target=\"_blank\">Twitter (@SengeMG)<\/a>\u00a0e do\u00a0<a rel=\"noreferrer noopener\" href=\"http:\/\/www.facebook.com\/senge.mg\" target=\"_blank\">Facebook (www.facebook.com\/Senge.MG)<\/a>, que se tornaram ferramentas fundamentais na divulga\u00e7\u00e3o de todas as atividades da entidade.<\/p>\n\n\n\n<p>D\u00favidas e mais informa\u00e7\u00f5es, entre em contato conosco pelo e-mail: imprensa@sengemg.clkaqui.com.br&nbsp;<\/p>\n","protected":false},"excerpt":{"rendered":"<p>O Senge-MG mais perto de voc\u00ea! A qualidade, rapidez e a efic\u00e1cia na comunica\u00e7\u00e3o entre o Sindicato e os seus associados s\u00e3o indispens\u00e1veis para o trabalho de ambos. E, pensando nisto, o Senge-MG estruturou a sua Assessoria de Comunica\u00e7\u00e3o com profissionais especializados e edita uma s\u00e9rie de publica\u00e7\u00f5es de interesse da categoria. O jornal&nbsp;Senge Informa, [&#8230;]\n","protected":false},"author":2,"featured_media":0,"parent":0,"menu_order":0,"comment_status":"closed","ping_status":"closed","template":"","meta":{"footnotes":""},"class_list":["post-764","page","type-page","status-publish","hentry"],"acf":[],"_links":{"self":[{"href":"https:\/\/sengemg.clkaqui.com.br\/index.php\/wp-json\/wp\/v2\/pages\/764","targetHints":{"allow":["GET"]}}],"collection":[{"href":"https:\/\/sengemg.clkaqui.com.br\/index.php\/wp-json\/wp\/v2\/pages"}],"about":[{"href":"https:\/\/sengemg.clkaqui.com.br\/index.php\/wp-json\/wp\/v2\/types\/page"}],"author":[{"embeddable":true,"href":"https:\/\/sengemg.clkaqui.com.br\/index.php\/wp-json\/wp\/v2\/users\/2"}],"replies":[{"embeddable":true,"href":"https:\/\/sengemg.clkaqui.com.br\/index.php\/wp-json\/wp\/v2\/comments?post=764"}],"version-history":[{"count":3,"href":"https:\/\/sengemg.clkaqui.com.br\/index.php\/wp-json\/wp\/v2\/pages\/764\/revisions"}],"predecessor-version":[{"id":1190,"href":"https:\/\/sengemg.clkaqui.com.br\/index.php\/wp-json\/wp\/v2\/pages\/764\/revisions\/1190"}],"wp:attachment":[{"href":"https:\/\/sengemg.clkaqui.com.br\/index.php\/wp-json\/wp\/v2\/media?parent=764"}],"curies":[{"name":"wp","href":"https:\/\/api.w.org\/{rel}","templated":true}]}}