{"id":800,"date":"2020-01-15T21:12:11","date_gmt":"2020-01-15T18:12:11","guid":{"rendered":"http:\/\/site.sengemg.org.br\/?page_id=800"},"modified":"2020-01-29T22:41:58","modified_gmt":"2020-01-29T19:41:58","slug":"senge-tv-2","status":"publish","type":"page","link":"https:\/\/sengemg.clkaqui.com.br\/index.php\/senge-tv-2\/","title":{"rendered":"Senge TV"},"content":{"rendered":"\n\n\n<div class=\"wp-block-columns is-layout-flex wp-container-core-columns-is-layout-1 wp-block-columns-is-layout-flex\">\n<div class=\"wp-block-column is-layout-flow wp-block-column-is-layout-flow\" style=\"flex-basis:33.33%\"><\/div>\n\n\n\n<div class=\"wp-block-column is-layout-flow wp-block-column-is-layout-flow\" style=\"flex-basis:66.66%\">\n<p>\n\nCriado em 2012, o Senge TV \u00e9 o canal online do Sindicato de Engenheiros, que tem como objetivo disponibilizar a todos os engenheiros e engenheiras e, tamb\u00e9m ao p\u00fablico em geral, informa\u00e7\u00f5es sobre a atua\u00e7\u00e3o da entidade, sobre os servi\u00e7os prestados pela mesma e sobre todas as quest\u00f5es que dizem respeito \u00e0 categoria.<\/p>\n\n\n\n<p>No Senge TV est\u00e3o dispon\u00edveis tr\u00eas tipos de v\u00eddeos, que se dividem em Senge Not\u00edcias, Senge Mem\u00f3ria e Eventos.<\/p>\n<\/div>\n<\/div>\n\n\n\n<p><a href=\"indexd9ee.html?ui=MTA2MQ==&amp;org=MjYw\"><strong>Senge Not\u00edcias:<\/strong><\/a>&nbsp;em formato de telejornal, \u00e9 a revista online do Sindicato de Engenheiros. O programa traz mat\u00e9rias sobre os eventos do Senge, sobre a atua\u00e7\u00e3o da entidade nas negocia\u00e7\u00f5es coletivas, sobre o engajamento e a participa\u00e7\u00e3o pol\u00edtica do Sindicato, entre tantos outros assuntos. De maneira geral, o Senge Not\u00edcias faz um resgate das atividades do Sindicato.<\/p>\n\n\n\n<p><a href=\"indexa383.html?ui=MTI4Mw==&amp;org=MjYx\"><strong>Senge Mem\u00f3ria:<\/strong><\/a>&nbsp;nesta se\u00e7\u00e3o s\u00e3o disponibilizados os v\u00eddeos com os depoimentos completos, colhidos pelo projeto Senge Mem\u00f3ria, dados pelos ex-presidentes e ex-diretores que participaram da hist\u00f3ria da entidade e que ajudam no resgate da mesma, ao contarem como foi o tempo em que fizeram parte do Sindicato.<\/p>\n\n\n\n<p><a href=\"indexfe51.html?ui=MTI4NA==&amp;org=MjYy\"><strong>Eventos:<\/strong><\/a>&nbsp;nesta se\u00e7\u00e3o, est\u00e3o dispon\u00edveis os v\u00eddeos de palestras, semin\u00e1rios, comemora\u00e7\u00f5es, f\u00f3runs de debates e quaisquer outras discuss\u00f5es realizadas pela entidade.\n\n<\/p>\n","protected":false},"excerpt":{"rendered":"<p>Criado em 2012, o Senge TV \u00e9 o canal online do Sindicato de Engenheiros, que tem como objetivo disponibilizar a todos os engenheiros e engenheiras e, tamb\u00e9m ao p\u00fablico em geral, informa\u00e7\u00f5es sobre a atua\u00e7\u00e3o da entidade, sobre os servi\u00e7os prestados pela mesma e sobre todas as quest\u00f5es que dizem respeito \u00e0 categoria. No Senge [&#8230;]\n","protected":false},"author":2,"featured_media":0,"parent":0,"menu_order":0,"comment_status":"closed","ping_status":"closed","template":"","meta":{"footnotes":""},"class_list":["post-800","page","type-page","status-publish","hentry"],"acf":[],"_links":{"self":[{"href":"https:\/\/sengemg.clkaqui.com.br\/index.php\/wp-json\/wp\/v2\/pages\/800","targetHints":{"allow":["GET"]}}],"collection":[{"href":"https:\/\/sengemg.clkaqui.com.br\/index.php\/wp-json\/wp\/v2\/pages"}],"about":[{"href":"https:\/\/sengemg.clkaqui.com.br\/index.php\/wp-json\/wp\/v2\/types\/page"}],"author":[{"embeddable":true,"href":"https:\/\/sengemg.clkaqui.com.br\/index.php\/wp-json\/wp\/v2\/users\/2"}],"replies":[{"embeddable":true,"href":"https:\/\/sengemg.clkaqui.com.br\/index.php\/wp-json\/wp\/v2\/comments?post=800"}],"version-history":[{"count":2,"href":"https:\/\/sengemg.clkaqui.com.br\/index.php\/wp-json\/wp\/v2\/pages\/800\/revisions"}],"predecessor-version":[{"id":1208,"href":"https:\/\/sengemg.clkaqui.com.br\/index.php\/wp-json\/wp\/v2\/pages\/800\/revisions\/1208"}],"wp:attachment":[{"href":"https:\/\/sengemg.clkaqui.com.br\/index.php\/wp-json\/wp\/v2\/media?parent=800"}],"curies":[{"name":"wp","href":"https:\/\/api.w.org\/{rel}","templated":true}]}}